
{"id":6151,"date":"2021-12-10T15:03:50","date_gmt":"2021-12-10T15:03:50","guid":{"rendered":"https:\/\/www.directout.eu\/?page_id=6151"},"modified":"2026-01-28T09:35:17","modified_gmt":"2026-01-28T08:35:17","slug":"about-us","status":"publish","type":"page","link":"https:\/\/www.directout.eu\/de\/about-us\/","title":{"rendered":"About Us"},"content":{"rendered":"<section class=\"ffb-id-5el68ah6 fg-section fg-text-dark\"><div class=\"fg-container container fg-container-large fg-container-lvl--1\"><div class=\"fg-row row\" ><div class=\"ffb-id-5el68ah7 fg-col col-xs-12 col-md-12 fg-text-dark\"><div class=\"ffb-id-5el6d4v0 fg-wrapper fg-text-dark\"><h1 class=\"ffb-id-5el6eqgr fg-heading text-center    fg-text-dark\" style=\"text-transform:uppercase; \">\u00dcber uns<\/h1><div class=\"ffb-id-5el6fctn fg-paragraph ff-richtext text-left    fg-text-light\"><\/p>\n<p>Wir sind auf die Entwicklung von Pro-Audio-Konnektivit\u00e4ts-, Netzwerk- und Bridging-L\u00f6sungen f\u00fcr Broadcast-, Studio-, Live- und Installed-Sound-Anwendungen spezialisiert. Unsere Produkte, die wir  unter der Marke 'DirectOut Technologies\u00ae' vertreiben, bieten L\u00f6sungen, die Br\u00fccken zwischen Systemen bauen, die auf verschiedenen Audioformaten wie MADI, SoundGrid, Dante, RAVENNA und den Standards AES67 und SMPTE ST2110-30\/31 basieren. Mit Hauptsitz in Mittweida arbeiten wir f\u00fcr unsere Kunden rund um den Globus, um die beste L\u00f6sung f\u00fcr ihre Audio Herausforderungen zu finden. Mit der PRODIGY Serie haben wir unser Portfolio zuletzt um ein Ger\u00e4t mit DSP-basierten Funktionen erweitert.<br \/>Um uns zu kontaktieren, nutzen Sie gerne <a href=\"https:\/\/www.directout.eu\/de\/#home-contact\" target=\"_blank\" rel=\"noopener\" data-wplink-url-error=\"true\">dieses Kontaktformular<\/a>.<\/p>\n<p><\/div><\/div><\/div><div class=\"ffb-id-85cqhal7 fg-col col-xs-12 col-md-2 fg-text-dark\"><\/div><div class=\"ffb-id-85cqf0fd fg-col col-xs-12 col-md-8 fg-text-dark\"><div class=\"ffb-id-85cqf0fe fg-wrapper fg-text-dark\"><div class=\"ffb-id-85cqf0fm ffg-empty-space fg-text-dark\"><\/div><div class=\"ffb-id-85cqf0fn fg-video fg-text-dark\"><div class=\"embed-video-external fg-text-dark ffb-external-1\"><div class=\"embed-responsive\"><iframe\tclass=\"iframe-defer embed-responsive-item\" data-src=\"https:\/\/player.vimeo.com\/video\/1032343363?dnt=1&amp;app_id=122963\" width=\"1140\" height=\"641\" frameborder=\"0\" allow=\"autoplay; fullscreen; picture-in-picture; clipboard-write; encrypted-media; web-share\" referrerpolicy=\"strict-origin-when-cross-origin\"><\/iframe><\/div><\/div><\/div><div class=\"ffb-id-85cqf0fo ffg-empty-space fg-text-dark\"><\/div><\/div><\/div><div class=\"ffb-id-85cqgk23 fg-col col-xs-12 col-md-4 fg-text-dark\"><\/div><\/div><\/div><\/section><style>.ffb-id-5el68ah6{ padding-top: 150px;padding-bottom: 40px;}@media (min-width:992px) { .ffb-id-5el68ah6{ padding-top: 250px;padding-bottom: 80px;}}.ffb-id-85cqf0fo{ height: 50px;}.ffb-id-85cqf0fn .ffb-external-1 .embed-responsive{ padding-bottom:56.25%;}.ffb-id-85cqf0fm{ height: 20px;}.ffb-id-5el6fctn{ font-size: 16px !important;text-align: center !important;}.ffb-id-5el6fctn ,.ffb-id-5el6fctn:before,.ffb-id-5el6fctn:after,.ffb-id-5el6fctn:hover,.ffb-id-5el6fctn:focus,.ffb-id-5el6fctn *,.ffb-id-5el6fctn *:before,.ffb-id-5el6fctn *:after,.ffb-id-5el6fctn *:hover,.ffb-id-5el6fctn *:focus{ font-size: 16px !important;text-align: center !important;}@media (min-width:1200px) { .ffb-id-5el6fctn{ font-size: 16px !important;}}@media (min-width:1200px) { .ffb-id-5el6fctn ,.ffb-id-5el6fctn:before,.ffb-id-5el6fctn:after,.ffb-id-5el6fctn:hover,.ffb-id-5el6fctn:focus,.ffb-id-5el6fctn *,.ffb-id-5el6fctn *:before,.ffb-id-5el6fctn *:after,.ffb-id-5el6fctn *:hover,.ffb-id-5el6fctn *:focus{ font-size: 16px !important;}}.ffb-id-5el6eqgr{ margin-top: 42px;}.ffb-id-5el6eqgr ,.ffb-id-5el6eqgr:before,.ffb-id-5el6eqgr:after,.ffb-id-5el6eqgr *,.ffb-id-5el6eqgr *:before,.ffb-id-5el6eqgr *:after{ color: #ffffff !important;}.ffb-id-5el6eqgr{ font-size: 30px !important;font-weight: bold !important;}.ffb-id-5el6eqgr ,.ffb-id-5el6eqgr:before,.ffb-id-5el6eqgr:after,.ffb-id-5el6eqgr:hover,.ffb-id-5el6eqgr:focus,.ffb-id-5el6eqgr *,.ffb-id-5el6eqgr *:before,.ffb-id-5el6eqgr *:after,.ffb-id-5el6eqgr *:hover,.ffb-id-5el6eqgr *:focus{ font-size: 30px !important;font-weight: bold !important;}@media (min-width:768px) { .ffb-id-5el6eqgr{ font-size: 34px !important;}}@media (min-width:768px) { .ffb-id-5el6eqgr ,.ffb-id-5el6eqgr:before,.ffb-id-5el6eqgr:after,.ffb-id-5el6eqgr:hover,.ffb-id-5el6eqgr:focus,.ffb-id-5el6eqgr *,.ffb-id-5el6eqgr *:before,.ffb-id-5el6eqgr *:after,.ffb-id-5el6eqgr *:hover,.ffb-id-5el6eqgr *:focus{ font-size: 34px !important;}}@media (min-width:992px) { .ffb-id-5el6eqgr{ font-size: 38px !important;}}@media (min-width:992px) { .ffb-id-5el6eqgr ,.ffb-id-5el6eqgr:before,.ffb-id-5el6eqgr:after,.ffb-id-5el6eqgr:hover,.ffb-id-5el6eqgr:focus,.ffb-id-5el6eqgr *,.ffb-id-5el6eqgr *:before,.ffb-id-5el6eqgr *:after,.ffb-id-5el6eqgr *:hover,.ffb-id-5el6eqgr *:focus{ font-size: 38px !important;}}@media (min-width:1200px) { .ffb-id-5el6eqgr{ font-size: 40px !important;}}@media (min-width:1200px) { .ffb-id-5el6eqgr ,.ffb-id-5el6eqgr:before,.ffb-id-5el6eqgr:after,.ffb-id-5el6eqgr:hover,.ffb-id-5el6eqgr:focus,.ffb-id-5el6eqgr *,.ffb-id-5el6eqgr *:before,.ffb-id-5el6eqgr *:after,.ffb-id-5el6eqgr *:hover,.ffb-id-5el6eqgr *:focus{ font-size: 40px !important;}}<\/style><script type=\"text\/javascript\"><\/script>","protected":false},"excerpt":{"rendered":"","protected":false},"author":4,"featured_media":0,"parent":0,"menu_order":0,"comment_status":"closed","ping_status":"closed","template":"","meta":{"_acf_changed":false,"_monsterinsights_skip_tracking":false,"_monsterinsights_sitenote_active":false,"_monsterinsights_sitenote_note":"","_monsterinsights_sitenote_category":0,"footnotes":""},"class_list":["post-6151","page","type-page","status-publish","hentry","post-wrapper"],"acf":[],"yoast_head":"<!-- This site is optimized with the Yoast SEO plugin v27.1.1 - https:\/\/yoast.com\/product\/yoast-seo-wordpress\/ -->\n<title>About Us - DirectOut<\/title>\n<meta name=\"robots\" content=\"index, follow, max-snippet:-1, max-image-preview:large, max-video-preview:-1\" \/>\n<link rel=\"canonical\" href=\"https:\/\/www.directout.eu\/de\/about-us\/\" \/>\n<meta property=\"og:locale\" content=\"de_DE\" \/>\n<meta property=\"og:type\" content=\"article\" \/>\n<meta property=\"og:title\" content=\"About Us - DirectOut\" \/>\n<meta property=\"og:url\" content=\"https:\/\/www.directout.eu\/de\/about-us\/\" \/>\n<meta property=\"og:site_name\" content=\"DirectOut\" \/>\n<meta property=\"article:modified_time\" content=\"2026-01-28T08:35:17+00:00\" \/>\n<meta name=\"twitter:card\" content=\"summary_large_image\" \/>\n<meta name=\"twitter:label1\" content=\"Gesch\u00e4tzte Lesezeit\" \/>\n\t<meta name=\"twitter:data1\" content=\"9\u00a0Minuten\" \/>\n<script type=\"application\/ld+json\" class=\"yoast-schema-graph\">{\"@context\":\"https:\/\/schema.org\",\"@graph\":[{\"@type\":\"WebPage\",\"@id\":\"https:\/\/www.directout.eu\/about-us\/\",\"url\":\"https:\/\/www.directout.eu\/about-us\/\",\"name\":\"About Us - DirectOut\",\"isPartOf\":{\"@id\":\"https:\/\/www.directout.eu\/de\/#website\"},\"datePublished\":\"2021-12-10T15:03:50+00:00\",\"dateModified\":\"2026-01-28T08:35:17+00:00\",\"breadcrumb\":{\"@id\":\"https:\/\/www.directout.eu\/about-us\/#breadcrumb\"},\"inLanguage\":\"de\",\"potentialAction\":[{\"@type\":\"ReadAction\",\"target\":[\"https:\/\/www.directout.eu\/about-us\/\"]}]},{\"@type\":\"BreadcrumbList\",\"@id\":\"https:\/\/www.directout.eu\/about-us\/#breadcrumb\",\"itemListElement\":[{\"@type\":\"ListItem\",\"position\":1,\"name\":\"Home\",\"item\":\"https:\/\/www.directout.eu\/\"},{\"@type\":\"ListItem\",\"position\":2,\"name\":\"About Us\"}]},{\"@type\":\"WebSite\",\"@id\":\"https:\/\/www.directout.eu\/de\/#website\",\"url\":\"https:\/\/www.directout.eu\/de\/\",\"name\":\"DirectOut\",\"description\":\"Technologies\",\"potentialAction\":[{\"@type\":\"SearchAction\",\"target\":{\"@type\":\"EntryPoint\",\"urlTemplate\":\"https:\/\/www.directout.eu\/de\/?s={search_term_string}\"},\"query-input\":{\"@type\":\"PropertyValueSpecification\",\"valueRequired\":true,\"valueName\":\"search_term_string\"}}],\"inLanguage\":\"de\"}]}<\/script>\n<!-- \/ Yoast SEO plugin. -->","yoast_head_json":{"title":"About Us - DirectOut","robots":{"index":"index","follow":"follow","max-snippet":"max-snippet:-1","max-image-preview":"max-image-preview:large","max-video-preview":"max-video-preview:-1"},"canonical":"https:\/\/www.directout.eu\/de\/about-us\/","og_locale":"de_DE","og_type":"article","og_title":"About Us - DirectOut","og_url":"https:\/\/www.directout.eu\/de\/about-us\/","og_site_name":"DirectOut","article_modified_time":"2026-01-28T08:35:17+00:00","twitter_card":"summary_large_image","twitter_misc":{"Gesch\u00e4tzte Lesezeit":"9\u00a0Minuten"},"schema":{"@context":"https:\/\/schema.org","@graph":[{"@type":"WebPage","@id":"https:\/\/www.directout.eu\/about-us\/","url":"https:\/\/www.directout.eu\/about-us\/","name":"About Us - DirectOut","isPartOf":{"@id":"https:\/\/www.directout.eu\/de\/#website"},"datePublished":"2021-12-10T15:03:50+00:00","dateModified":"2026-01-28T08:35:17+00:00","breadcrumb":{"@id":"https:\/\/www.directout.eu\/about-us\/#breadcrumb"},"inLanguage":"de","potentialAction":[{"@type":"ReadAction","target":["https:\/\/www.directout.eu\/about-us\/"]}]},{"@type":"BreadcrumbList","@id":"https:\/\/www.directout.eu\/about-us\/#breadcrumb","itemListElement":[{"@type":"ListItem","position":1,"name":"Home","item":"https:\/\/www.directout.eu\/"},{"@type":"ListItem","position":2,"name":"About Us"}]},{"@type":"WebSite","@id":"https:\/\/www.directout.eu\/de\/#website","url":"https:\/\/www.directout.eu\/de\/","name":"DirectOut","description":"Technologies","potentialAction":[{"@type":"SearchAction","target":{"@type":"EntryPoint","urlTemplate":"https:\/\/www.directout.eu\/de\/?s={search_term_string}"},"query-input":{"@type":"PropertyValueSpecification","valueRequired":true,"valueName":"search_term_string"}}],"inLanguage":"de"}]}},"_links":{"self":[{"href":"https:\/\/www.directout.eu\/de\/wp-json\/wp\/v2\/pages\/6151","targetHints":{"allow":["GET"]}}],"collection":[{"href":"https:\/\/www.directout.eu\/de\/wp-json\/wp\/v2\/pages"}],"about":[{"href":"https:\/\/www.directout.eu\/de\/wp-json\/wp\/v2\/types\/page"}],"author":[{"embeddable":true,"href":"https:\/\/www.directout.eu\/de\/wp-json\/wp\/v2\/users\/4"}],"replies":[{"embeddable":true,"href":"https:\/\/www.directout.eu\/de\/wp-json\/wp\/v2\/comments?post=6151"}],"version-history":[{"count":10,"href":"https:\/\/www.directout.eu\/de\/wp-json\/wp\/v2\/pages\/6151\/revisions"}],"predecessor-version":[{"id":20358,"href":"https:\/\/www.directout.eu\/de\/wp-json\/wp\/v2\/pages\/6151\/revisions\/20358"}],"wp:attachment":[{"href":"https:\/\/www.directout.eu\/de\/wp-json\/wp\/v2\/media?parent=6151"}],"curies":[{"name":"wp","href":"https:\/\/api.w.org\/{rel}","templated":true}]}}