
{"id":13004,"date":"2023-09-05T16:37:30","date_gmt":"2023-09-05T14:37:30","guid":{"rendered":"https:\/\/www.directout.eu\/?post_type=product&#038;p=13004"},"modified":"2026-03-09T16:01:09","modified_gmt":"2026-03-09T15:01:09","slug":"prodigy-mx","status":"publish","type":"product","link":"https:\/\/www.directout.eu\/de\/produkt\/prodigy-mx\/","title":{"rendered":"PRODIGY.MX"},"content":{"rendered":"<p class=\"translation-block\">PRODIGY.MX ist eine Multiformat-Audiomatrix mit einer Kapazit\u00e4t von 1664 x 1668 Audiokan\u00e4len. Durch die Anbindung an alle von DirectOut angebotenen Audioprotokolle und die leistungsstarken DSP-Funktionen eignet sie sich f\u00fcr zahlreiche Anwendungen in Broadcast und Installation. Modulare Hardware und ein granulares  <a href=\"https:\/\/www.directout.eu\/de\/products\/licenses\/\" target=\"_self\">Lizenzmodell<\/a> erm\u00f6glichen eine optimale Wahl f\u00fcr unterschiedlichste Anforderungen.<\/p>\n<h3>Module - IO<\/h3>\n<p>PRODIGY.MX verf\u00fcgt \u00fcber <a href=\"https:\/\/www.directout.eu\/wp-content\/uploads\/2024\/06\/slot_abc_modules.gif\">sechs A Steckpl\u00e4tze und zwei B Steckpl\u00e4tze<\/a>:<\/p>\n<ul>\n<li>A Steckplatz - Audio Netzwerk, multi-port MADI oder USB - bis zu 256 Kan\u00e4le pro Modul<\/li>\n<li>B Steckplatz - single-port MADI - 64 Kan\u00e4le pro Modul<\/li>\n<\/ul>\n<p>Die Kanalkapazit\u00e4t summiert sich auf 1664 Eing\u00e4nge und 1668 Ausg\u00e4nge, die mittels einer kanalbasierten Routing-Matrix verwaltet werden.<\/p>\n<h3>Multi<strong> Format<\/strong><\/h3>\n<ul>\n<li>RAVENNA \/ AES67<\/li>\n<li>Dante<\/li>\n<li>SoundGrid<\/li>\n<li>AVB \/ MILAN<\/li>\n<li>MADI single-port, multi-port<\/li>\n<li>USB<\/li>\n<\/ul>\n<h3 class=\"translation-block\">Nahtlose Verbindung<\/h3>\n<p>Bidirektionale Abtastratenwandlung verbindet \u00fcber Taktgrenzen hinweg:<\/p>\n<ul>\n<li><a href=\"https:\/\/www.directout.eu\/de\/support\/glossary\/\">FastSRC<\/a> l\u00e4uft auf dem Mainframe f\u00fcr die B-Module (Single-Port MADI)<\/li>\n<li><a href=\"https:\/\/www.directout.eu\/de\/support\/glossary\/\">HD SRC<\/a> l\u00e4uft optional auf den entsprechenden A-Modulen (Audionetzwerk, Multi-Port MADI)*<\/li>\n<\/ul>\n<h3><strong>Management<\/strong><\/h3>\n<p>Globcon control verwaltet alle DirectOut Ger\u00e4te \u00fcber Netzwerk - sowohl auf Mac oder PC.<br \/>\nEin Touchdisplay auf dem Frontpanel bietet eine schnelle \u00dcbersicht und Steuerung von wesentlichen  Grundfunktionen.<br \/>\nUnterst\u00fctzung weiterer Steuerprotokolle (Ember+, OSC, SNMP, JSON-API, Lawo HOME) sind als Optionen verf\u00fcgbar.<\/p>\n<h3><strong>DSP<\/strong><\/h3>\n<p>Signal processing offers gain control of all inputs and outputs and channel groups for comfortable fading.<\/p>\n<p>64 Flex Channels bieten Signalbearbeitung mit Plugins von hervorragender Qualit\u00e4t:<\/p>\n<ul>\n<li>IIR Filter mit sechs Instanzen w\u00e4hlbarer Filtertypen<\/li>\n<li>Dynamics mit vier verschiedenen Konfigurationen<\/li>\n<li>Delay von bis zu 262143 Samples (= 5461 Millisekunden @ 48 kHz)<\/li>\n<\/ul>\n<p>64 x 64 Matrix Mixer - Mischen von 64 frei zuweisbaren Quellen auf 64 Busse.<\/p>\n<p>64 Summierbusse - jeder Bus kann eine beliebige Anzahl von Signalquellen summieren.<\/p>\n<p>AutoMix - automatisiertes Mischen verschiedener Audiosignale in bis zu 16 AutoMix-Gruppen zur Verbesserung von Sprachverst\u00e4ndlichkeit oder zur Reduzierung von Rauschen.<\/p>\n<h3><strong>Redundanz<\/strong><\/h3>\n<p>64 Input Manager, zur automatischen Signalumschaltung zwischen bis zu sechs physischen Eing\u00e4ngen.<br \/>\nEARS\u2122 (Enhanced Automatic Redundancy Switching) f\u00fcr die automatische Failover-Umschaltung eines gesamten Eingangsports auf einen Backup-Port.<\/p>\n<h3><strong>MADI unlocked<\/strong><\/h3>\n<p>Neue MADI-Module f\u00fcr die A-Slots mit zwei oder vier MADI-Ports erweitern die Kapazit\u00e4t der Single-Port MADI Slots (B-Slots) -\u00a0<a href=\"https:\/\/www.directout.eu\/wp-content\/uploads\/2024\/06\/slot_abc_modules.gif\">Modules' ABC<\/a><\/p>\n<p>* HD SRC ist nur bei entsprechenden Hardware-Modulen (XX.SRC.IO) verf\u00fcgbar.<\/p>","protected":false},"excerpt":{"rendered":"<p>PRODIGY.MX is a multiformat audio matrix with a capacity of 1664 x 1668 audio channels.<\/p>","protected":false},"featured_media":13005,"comment_status":"open","ping_status":"closed","template":"","meta":{"_acf_changed":false,"_monsterinsights_skip_tracking":false,"_monsterinsights_sitenote_active":false,"_monsterinsights_sitenote_note":"","_monsterinsights_sitenote_category":0},"product_brand":[],"product_cat":[21],"product_tag":[247],"class_list":{"0":"post-13004","1":"product","2":"type-product","3":"status-publish","4":"has-post-thumbnail","6":"product_cat-uncategorized","7":"product_tag-audio-platforms","8":"product_function-automatic-switching","9":"product_function-conversion","10":"product_function-dsp","11":"product_function-redundancy","12":"product_function-routing","13":"product_function-sample-rate-conversion","14":"product_function-signal-generating","15":"vertical_markets-sync-video","16":"vertical_markets-sync-wck","17":"audio_formats-aes3","18":"audio_formats-aes67","19":"audio_formats-avb-milan","20":"audio_formats-dante","21":"audio_formats-madi","22":"audio_formats-ravenna","23":"audio_formats-smpte-st-2110-30-31","24":"audio_formats-soundgrid","25":"post-wrapper","27":"first","28":"instock","29":"shipping-taxable","30":"product-type-simple"},"acf":[],"yoast_head":"<!-- This site is optimized with the Yoast SEO plugin v27.1.1 - https:\/\/yoast.com\/product\/yoast-seo-wordpress\/ -->\n<title>PRODIGY.MX - Multiformat Audio Matrix<\/title>\n<meta name=\"description\" content=\"Large-scale routing matrix with 1664x1668 I\/Os. Seamless connecting different audio networks. Installation &amp; Broadcast.\" \/>\n<meta name=\"robots\" content=\"index, follow, max-snippet:-1, max-image-preview:large, max-video-preview:-1\" \/>\n<link rel=\"canonical\" href=\"https:\/\/www.directout.eu\/de\/produkt\/prodigy-mx\/\" \/>\n<meta property=\"og:locale\" content=\"de_DE\" \/>\n<meta property=\"og:type\" content=\"article\" \/>\n<meta property=\"og:title\" content=\"PRODIGY.MX - Multiformat Audio Matrix\" \/>\n<meta property=\"og:description\" content=\"Large-scale routing matrix with 1664x1668 I\/Os. Seamless connecting different audio networks. Installation &amp; Broadcast.\" \/>\n<meta property=\"og:url\" content=\"https:\/\/www.directout.eu\/de\/produkt\/prodigy-mx\/\" \/>\n<meta property=\"og:site_name\" content=\"DirectOut\" \/>\n<meta property=\"article:modified_time\" content=\"2026-03-09T15:01:09+00:00\" \/>\n<meta property=\"og:image\" content=\"https:\/\/www.directout.eu\/wp-content\/uploads\/2023\/08\/2he-prodigy-mx-01.jpg\" \/>\n\t<meta property=\"og:image:width\" content=\"1920\" \/>\n\t<meta property=\"og:image:height\" content=\"1080\" \/>\n\t<meta property=\"og:image:type\" content=\"image\/jpeg\" \/>\n<meta name=\"twitter:card\" content=\"summary_large_image\" \/>\n<meta name=\"twitter:label1\" content=\"Gesch\u00e4tzte Lesezeit\" \/>\n\t<meta name=\"twitter:data1\" content=\"2\u00a0Minuten\" \/>\n<script type=\"application\/ld+json\" class=\"yoast-schema-graph\">{\"@context\":\"https:\/\/schema.org\",\"@graph\":[{\"@type\":\"WebPage\",\"@id\":\"https:\/\/www.directout.eu\/product\/prodigy-mx\/\",\"url\":\"https:\/\/www.directout.eu\/product\/prodigy-mx\/\",\"name\":\"PRODIGY.MX - Multiformat Audio Matrix\",\"isPartOf\":{\"@id\":\"https:\/\/www.directout.eu\/de\/#website\"},\"primaryImageOfPage\":{\"@id\":\"https:\/\/www.directout.eu\/product\/prodigy-mx\/#primaryimage\"},\"image\":{\"@id\":\"https:\/\/www.directout.eu\/product\/prodigy-mx\/#primaryimage\"},\"thumbnailUrl\":\"https:\/\/www.directout.eu\/wp-content\/uploads\/2023\/08\/2he-prodigy-mx-01.jpg\",\"datePublished\":\"2023-09-05T14:37:30+00:00\",\"dateModified\":\"2026-03-09T15:01:09+00:00\",\"description\":\"Large-scale routing matrix with 1664x1668 I\/Os. Seamless connecting different audio networks. Installation & Broadcast.\",\"breadcrumb\":{\"@id\":\"https:\/\/www.directout.eu\/product\/prodigy-mx\/#breadcrumb\"},\"inLanguage\":\"de\",\"potentialAction\":[{\"@type\":\"ReadAction\",\"target\":[\"https:\/\/www.directout.eu\/product\/prodigy-mx\/\"]}]},{\"@type\":\"ImageObject\",\"inLanguage\":\"de\",\"@id\":\"https:\/\/www.directout.eu\/product\/prodigy-mx\/#primaryimage\",\"url\":\"https:\/\/www.directout.eu\/wp-content\/uploads\/2023\/08\/2he-prodigy-mx-01.jpg\",\"contentUrl\":\"https:\/\/www.directout.eu\/wp-content\/uploads\/2023\/08\/2he-prodigy-mx-01.jpg\",\"width\":1920,\"height\":1080,\"caption\":\"PRODIGY.MX - Multiformat Audio Converter\"},{\"@type\":\"BreadcrumbList\",\"@id\":\"https:\/\/www.directout.eu\/product\/prodigy-mx\/#breadcrumb\",\"itemListElement\":[{\"@type\":\"ListItem\",\"position\":1,\"name\":\"Home\",\"item\":\"https:\/\/www.directout.eu\/\"},{\"@type\":\"ListItem\",\"position\":2,\"name\":\"Audio Solutions\",\"item\":\"https:\/\/www.directout.eu\/products\/\"},{\"@type\":\"ListItem\",\"position\":3,\"name\":\"PRODIGY.MX\"}]},{\"@type\":\"WebSite\",\"@id\":\"https:\/\/www.directout.eu\/de\/#website\",\"url\":\"https:\/\/www.directout.eu\/de\/\",\"name\":\"DirectOut\",\"description\":\"Technologies\",\"potentialAction\":[{\"@type\":\"SearchAction\",\"target\":{\"@type\":\"EntryPoint\",\"urlTemplate\":\"https:\/\/www.directout.eu\/de\/?s={search_term_string}\"},\"query-input\":{\"@type\":\"PropertyValueSpecification\",\"valueRequired\":true,\"valueName\":\"search_term_string\"}}],\"inLanguage\":\"de\"}]}<\/script>\n<!-- \/ Yoast SEO plugin. -->","yoast_head_json":{"title":"PRODIGY.MX - Multiformat Audio Matrix","description":"Large-scale routing matrix with 1664x1668 I\/Os. Seamless connecting different audio networks. Installation & Broadcast.","robots":{"index":"index","follow":"follow","max-snippet":"max-snippet:-1","max-image-preview":"max-image-preview:large","max-video-preview":"max-video-preview:-1"},"canonical":"https:\/\/www.directout.eu\/de\/produkt\/prodigy-mx\/","og_locale":"de_DE","og_type":"article","og_title":"PRODIGY.MX - Multiformat Audio Matrix","og_description":"Large-scale routing matrix with 1664x1668 I\/Os. Seamless connecting different audio networks. Installation & Broadcast.","og_url":"https:\/\/www.directout.eu\/de\/produkt\/prodigy-mx\/","og_site_name":"DirectOut","article_modified_time":"2026-03-09T15:01:09+00:00","og_image":[{"width":1920,"height":1080,"url":"https:\/\/www.directout.eu\/wp-content\/uploads\/2023\/08\/2he-prodigy-mx-01.jpg","type":"image\/jpeg"}],"twitter_card":"summary_large_image","twitter_misc":{"Gesch\u00e4tzte Lesezeit":"2\u00a0Minuten"},"schema":{"@context":"https:\/\/schema.org","@graph":[{"@type":"WebPage","@id":"https:\/\/www.directout.eu\/product\/prodigy-mx\/","url":"https:\/\/www.directout.eu\/product\/prodigy-mx\/","name":"PRODIGY.MX - Multiformat Audio Matrix","isPartOf":{"@id":"https:\/\/www.directout.eu\/de\/#website"},"primaryImageOfPage":{"@id":"https:\/\/www.directout.eu\/product\/prodigy-mx\/#primaryimage"},"image":{"@id":"https:\/\/www.directout.eu\/product\/prodigy-mx\/#primaryimage"},"thumbnailUrl":"https:\/\/www.directout.eu\/wp-content\/uploads\/2023\/08\/2he-prodigy-mx-01.jpg","datePublished":"2023-09-05T14:37:30+00:00","dateModified":"2026-03-09T15:01:09+00:00","description":"Large-scale routing matrix with 1664x1668 I\/Os. Seamless connecting different audio networks. Installation & Broadcast.","breadcrumb":{"@id":"https:\/\/www.directout.eu\/product\/prodigy-mx\/#breadcrumb"},"inLanguage":"de","potentialAction":[{"@type":"ReadAction","target":["https:\/\/www.directout.eu\/product\/prodigy-mx\/"]}]},{"@type":"ImageObject","inLanguage":"de","@id":"https:\/\/www.directout.eu\/product\/prodigy-mx\/#primaryimage","url":"https:\/\/www.directout.eu\/wp-content\/uploads\/2023\/08\/2he-prodigy-mx-01.jpg","contentUrl":"https:\/\/www.directout.eu\/wp-content\/uploads\/2023\/08\/2he-prodigy-mx-01.jpg","width":1920,"height":1080,"caption":"PRODIGY.MX - Multiformat Audio Converter"},{"@type":"BreadcrumbList","@id":"https:\/\/www.directout.eu\/product\/prodigy-mx\/#breadcrumb","itemListElement":[{"@type":"ListItem","position":1,"name":"Home","item":"https:\/\/www.directout.eu\/"},{"@type":"ListItem","position":2,"name":"Audio Solutions","item":"https:\/\/www.directout.eu\/products\/"},{"@type":"ListItem","position":3,"name":"PRODIGY.MX"}]},{"@type":"WebSite","@id":"https:\/\/www.directout.eu\/de\/#website","url":"https:\/\/www.directout.eu\/de\/","name":"DirectOut","description":"Technologies","potentialAction":[{"@type":"SearchAction","target":{"@type":"EntryPoint","urlTemplate":"https:\/\/www.directout.eu\/de\/?s={search_term_string}"},"query-input":{"@type":"PropertyValueSpecification","valueRequired":true,"valueName":"search_term_string"}}],"inLanguage":"de"}]}},"_links":{"self":[{"href":"https:\/\/www.directout.eu\/de\/wp-json\/wp\/v2\/product\/13004","targetHints":{"allow":["GET"]}}],"collection":[{"href":"https:\/\/www.directout.eu\/de\/wp-json\/wp\/v2\/product"}],"about":[{"href":"https:\/\/www.directout.eu\/de\/wp-json\/wp\/v2\/types\/product"}],"replies":[{"embeddable":true,"href":"https:\/\/www.directout.eu\/de\/wp-json\/wp\/v2\/comments?post=13004"}],"wp:featuredmedia":[{"embeddable":true,"href":"https:\/\/www.directout.eu\/de\/wp-json\/wp\/v2\/media\/13005"}],"wp:attachment":[{"href":"https:\/\/www.directout.eu\/de\/wp-json\/wp\/v2\/media?parent=13004"}],"wp:term":[{"taxonomy":"product_brand","embeddable":true,"href":"https:\/\/www.directout.eu\/de\/wp-json\/wp\/v2\/product_brand?post=13004"},{"taxonomy":"product_cat","embeddable":true,"href":"https:\/\/www.directout.eu\/de\/wp-json\/wp\/v2\/product_cat?post=13004"},{"taxonomy":"product_tag","embeddable":true,"href":"https:\/\/www.directout.eu\/de\/wp-json\/wp\/v2\/product_tag?post=13004"}],"curies":[{"name":"wp","href":"https:\/\/api.w.org\/{rel}","templated":true}]}}