
{"id":1311,"date":"2021-08-31T06:27:41","date_gmt":"2021-08-31T06:27:41","guid":{"rendered":"https:\/\/www.directout.eu\/product\/hoodie-with-logo\/"},"modified":"2026-03-09T16:00:34","modified_gmt":"2026-03-09T15:00:34","slug":"prodigy-mc","status":"publish","type":"product","link":"https:\/\/www.directout.eu\/de\/produkt\/prodigy-mc\/","title":{"rendered":"PRODIGY.MC"},"content":{"rendered":"<p class=\"translation-block\">PRODIGY.MC ist ein modularer Audiokonverter, der f\u00fcr zahlreiche Anwendungen in den Bereichen Live-Sound, Broadcast, Installation und Aufnahme entwickelt wurde. Vollst\u00e4ndig modular, kann er f\u00fcr spezifische Anforderungen konfiguriert werden. Der Funktionsumfang kann durch ein granulares <a href=\"https:\/\/www.directout.eu\/de\/products\/licenses\/\" target=\"_self\">Lizenzmodell<\/a> angepasst werden, was sowohl Budgeteinsparungen als auch die Flexibilit\u00e4t bietet, den Ver\u00e4nderungen im globalen Medienumfeld durch zuk\u00fcnftige Upgrades zu begegnen.<\/p>\n<p><strong><a title=\"Video PRODIGY.MC\" href=\"https:\/\/vimeo.com\/314522040\" target=\"_blank\" rel=\"noopener\" data-htmlarea-external=\"1\">PRODIGY.MC Demo Video<\/a><\/strong><\/p>\n<h3>Module - IO<\/h3>\n<p>PRODIGY.MC verf\u00fcgt \u00fcber <a href=\"https:\/\/www.directout.eu\/wp-content\/uploads\/2024\/06\/slot_abc_modules.gif\">einen A Steckplatz, zwei B Steckpl\u00e4tze und acht C Steckpl\u00e4tze<\/a>:<\/p>\n<ul>\n<li>A Steckplatz - Audio Netzwerk, multi-port MADI oder USB - bis zu 128 Kan\u00e4le pro Modul<\/li>\n<li>B Steckplatz - single-port MADI - 64 Kan\u00e4le pro Modul<\/li>\n<li>C Steckplatz - Konverter (mic\/line, AD\/DA) und AES3 - 8 Kan\u00e4le pro Modul<\/li>\n<\/ul>\n<p>Die Kanalkapazit\u00e4t summiert sich auf 320 Eing\u00e4nge und 324 Ausg\u00e4nge, die mittels einer kanalbasierten Routing-Matrix verwaltet werden.<\/p>\n<h3>Multi Format<\/h3>\n<ul>\n<li>RAVENNA \/ AES67<\/li>\n<li>Dante<\/li>\n<li>SoundGrid<\/li>\n<li>AVB \/ MILAN<\/li>\n<li>MADI single-port, multi-port<\/li>\n<li>Analog<\/li>\n<li>AES3<\/li>\n<li>USB<\/li>\n<\/ul>\n<h3><b>Netzwerk Audio und nahtlose Interoperabilit\u00e4t<\/b><\/h3>\n<p>Das Netzwerk-Audio-Modul unterst\u00fctzt verschiedene Formate, um den heutigen und zuk\u00fcnftigen Anforderungen in unterschiedlichen Anwendungen gerecht zu werden.<\/p>\n<p class=\"translation-block\">Das Netzwerk-Audio-Modul unterst\u00fctzt verschiedene Formate, um den heutigen und zuk\u00fcnftigen Anforderungen in unterschiedlichen Anwendungen gerecht zu werden.\nDas RAVENNA-Modul ist konform zur AES67 und ST 2110-30\/ -31 und unterst\u00fctzt alle ST 2022-7 Klassen. RAV.IO ist erfolgreicher Teilnehmer des \u00a0<a title=\"JT-NM Tested Program\" href=\"http:\/\/jt-nm.org\/jt-nm_tested\/\" target=\"_blank\" rel=\"noopener\">JT-NM Tested program<\/a>\u00a0 und im gleichnamigen <a title=\"JT-NM Tested Katalog\" href=\"https:\/\/static.jt-nm.org\/documents\/JT-NM_Tested_Catalog_ST2110_Full-Online-2022-08.pdf\" target=\"_blank\" rel=\"noopener\">Katalog<\/a> als Modul gelistet, das den SMPTE 2110-Standards entspricht. Mit der Dante-Option kann die Hardware ein Front-End f\u00fcr Audio-Konsolen oder ein eigenst\u00e4ndiges Konvertierungs- und Routing-System sein. SoundGrid von Waves Audio bietet einen Audiotransport mit extrem niedriger Latenzzeit und erm\u00f6glicht den Anschluss von Waves Servern f\u00fcr Plugin-Inserts. Virtuelle Soundkarten f\u00fcr macOS\u00ae und Windows\u00ae k\u00f6nnen direkt mit jeder DAW f\u00fcr Mehrspuraufnahmen und virtuelle Soundchecks verbunden werden.<\/p>\n<p>Der FastSRC\u2122 ist ein Abtastratenwandler mit niedriger Latenz f\u00fcr die MADI I\/Os und die Audio Netzwerk I\/O. Er kann zugeschaltet werden, um nahtlosen Austausch zwischen digitalen Quellen zu garantieren, welche nicht zueinander synchronisiert sind.<\/p>\n<h3>Management \u2013 Mehrfachzugriff, lokal und remote<\/h3>\n<p><a title=\"globcon\" href=\"http:\/\/www.globcon.pro\/\">globcon<\/a>\u00a0Fernbedienung, eine browserbasierte GUI und ein Frontpanel-Touchdisplay sorgen f\u00fcr h\u00f6chste Benutzerfreundlichkeit.<\/p>\n<p>globcon software bietet volle Kontrolle \u00fcber mehrere Ger\u00e4te in Mac\/PC\/Linux-basierten Systemen und verf\u00fcgt \u00fcber ein umfassendes Snapshot-Management mit selektiven Recall-Scope-Sets. Sie unterst\u00fctzt auch ein Trigger-Management, das OSC und MIDI f\u00fcr die Steuerung z.B. von einem Tablet-Ger\u00e4t aus einschlie\u00dft.<\/p>\n<p>Automatisierte \u00dcberwachung und Rotlichtsteuerung sind \u00fcber GPIOs m\u00f6glich. Ein USB-Port auf der R\u00fcckseite erm\u00f6glicht den Anschluss und die Steuerung von Legacy-Ger\u00e4ten \u00fcber die globcon-bridge.<\/p>\n<p><strong><a title=\"Video PRODIGY.MP\" href=\"https:\/\/www.directout.eu\/de\/academy\/tutorials\/\" target=\"_blank\" rel=\"noopener\" data-htmlarea-external=\"1\">PRODIGY Series - Video Tutorials<\/a><\/strong><\/p>\n<h3><b>Betriebssicher, Monitoring<\/b><\/h3>\n<p>Zwei Kopfh\u00f6rerausg\u00e4nge erm\u00f6glichen das lokale Monitoring beliebiger I\/Os. Zwei phasenredundante Netzteile garantieren einen nahtlosen Betrieb des Ger\u00e4tes.<br \/>\nEin interner Switch auf dem Netzwerkmodul sorgt f\u00fcr die Redundanz auf Netzwerkebene.<\/p>\n<p>W\u00e4hrend das Dante-Modul Dante-Redundanz unterst\u00fctzt, bietet das RAVENNA-Modul Stream-Redundanz gem\u00e4\u00df ST 2022-7.<\/p>\n<p><a href=\"\/de\/glossary\/#glossary-ears\" target=\"_blank\" rel=\"noopener\">EARS\u2122<\/a> EARS\u2122 (Enhanced Automatic Redundancy Switching) ist f\u00fcr verschiedene Kombinationen von Eing\u00e4ngen verf\u00fcgbar. EARS\u2122 ist ein System, das eine Unterbrechung des Ausgangssignals verhindert. Es nutzt entweder die bew\u00e4hrte <a href=\"\/de\/glossary\/#glossary-blds\" target=\"_blank\" rel=\"noopener\">BLDS\u2122<\/a> Technologie oder Triggering via Pilotton. Eine Logik \u00fcberwacht den Zustand des Triggersignals am aktiven Eingang. Im Fehlerfall wird automatisch auf den Backup-Eingang umgeschaltet.<\/p>\n<p>Der <a href=\"\/de\/glossary\/#glossary-blds\" target=\"_blank\" rel=\"noopener\">BLDS\u2122<\/a> Generator kann als virtuelle Quelle in der Matrix gepatched werden und erm\u00f6glicht die \u00dcberwachung von Verbindungen mit automatischer Failover-Umschaltung.<\/p>\n<p>Ein interner LTC-Reader zeigt eingehenden linearen Timecode auf dem Touchscreen oder \u00fcber die globcon-Steuersoftware an und kann dort jede beliebige Aktion ausl\u00f6sen.<\/p>\n<div class='w3eden'><div class=\"link-template-default card\">\n    <div class=\"card-body\">\n        <div class=\"media\">\n            <div class=\"img-48 mr-4\"><a href=\"https:\/\/www.directout.eu\/de\/download\/test-report-studio-magazin-08-09-2020-d\/?wpdmdl=9035&refresh=69e5d84b686df1776670795\"><img decoding=\"async\" class=\"wpdm_icon\" alt=\"Icon\" src=\"https:\/\/www.directout.eu\/wp-content\/plugins\/download-manager\/assets\/file-type-icons\/pdf.svg\" \/><\/a><\/div>\n\n            <div class=\"media-body\">\n                <h3 class=\"package-title\"><a href=\"https:\/\/www.directout.eu\/de\/download\/test-report-studio-magazin-08-09-2020-d\/?wpdmdl=9035&refresh=69e5d84b686df1776670795\">Test Report Studio Magazin 08\/09-2020 - D<\/a><\/h3>\n            <\/div>\n            \n        <\/div>\n    <\/div>\n<\/div>\n\n<\/div>","protected":false},"excerpt":{"rendered":"<div class=\"prodInfo\">\n<p>PRODIGY.MC ist ein modularer Audiokonverter, der f\u00fcr zahlreiche Anwendungen in den Bereichen Live-Sound, Broadcast, Installation und Aufnahme entwickelt wurde.<\/p>\n<\/div>","protected":false},"featured_media":3063,"comment_status":"open","ping_status":"closed","template":"","meta":{"_acf_changed":false,"_monsterinsights_skip_tracking":false,"_monsterinsights_sitenote_active":false,"_monsterinsights_sitenote_note":"","_monsterinsights_sitenote_category":0},"product_brand":[],"product_cat":[21],"product_tag":[247],"class_list":{"0":"post-1311","1":"product","2":"type-product","3":"status-publish","4":"has-post-thumbnail","6":"product_cat-uncategorized","7":"product_tag-audio-platforms","8":"product_function-automatic-switching","9":"product_function-conversion","10":"product_function-monitoring","11":"product_function-redundancy","12":"product_function-routing","13":"product_function-sample-rate-conversion","14":"product_function-signal-generating","15":"vertical_markets-ember","16":"vertical_markets-gpio","17":"vertical_markets-nmos","18":"vertical_markets-osc","19":"vertical_markets-st-2022-7","20":"vertical_markets-sync-video","21":"vertical_markets-sync-wck","22":"audio_formats-all_audio","23":"audio_formats-aes3","24":"audio_formats-aes67","25":"audio_formats-analog-line","26":"audio_formats-analog-mic","27":"audio_formats-analog-phones","28":"audio_formats-dante","29":"audio_formats-madi","30":"audio_formats-ravenna","31":"audio_formats-smpte-st-2110-30-31","32":"audio_formats-soundgrid","33":"post-wrapper","35":"first","36":"instock","37":"shipping-taxable","38":"purchasable","39":"product-type-simple"},"acf":[],"yoast_head":"<!-- This site is optimized with the Yoast SEO plugin v27.1.1 - https:\/\/yoast.com\/product\/yoast-seo-wordpress\/ -->\n<title>PRODIGY.MC - Modular Audio Converter<\/title>\n<meta name=\"description\" content=\"The modular audio converter, designed to address numerous applications in live sound, broadcast, installation and recording.\" \/>\n<meta name=\"robots\" content=\"index, follow, max-snippet:-1, max-image-preview:large, max-video-preview:-1\" \/>\n<link rel=\"canonical\" href=\"https:\/\/www.directout.eu\/de\/produkt\/prodigy-mc\/\" \/>\n<meta property=\"og:locale\" content=\"de_DE\" \/>\n<meta property=\"og:type\" content=\"article\" \/>\n<meta property=\"og:title\" content=\"PRODIGY.MC - Modular Audio Converter\" \/>\n<meta property=\"og:description\" content=\"The modular audio converter, designed to address numerous applications in live sound, broadcast, installation and recording.\" \/>\n<meta property=\"og:url\" content=\"https:\/\/www.directout.eu\/de\/produkt\/prodigy-mc\/\" \/>\n<meta property=\"og:site_name\" content=\"DirectOut\" \/>\n<meta property=\"article:modified_time\" content=\"2026-03-09T15:00:34+00:00\" \/>\n<meta property=\"og:image\" content=\"https:\/\/www.directout.eu\/wp-content\/uploads\/2021\/10\/2he-prodigy-mc-01.jpg\" \/>\n\t<meta property=\"og:image:width\" content=\"1920\" \/>\n\t<meta property=\"og:image:height\" content=\"1080\" \/>\n\t<meta property=\"og:image:type\" content=\"image\/jpeg\" \/>\n<meta name=\"twitter:card\" content=\"summary_large_image\" \/>\n<meta name=\"twitter:label1\" content=\"Gesch\u00e4tzte Lesezeit\" \/>\n\t<meta name=\"twitter:data1\" content=\"3\u00a0Minuten\" \/>\n<script type=\"application\/ld+json\" class=\"yoast-schema-graph\">{\"@context\":\"https:\/\/schema.org\",\"@graph\":[{\"@type\":\"WebPage\",\"@id\":\"https:\/\/www.directout.eu\/product\/prodigy-mc\/\",\"url\":\"https:\/\/www.directout.eu\/product\/prodigy-mc\/\",\"name\":\"PRODIGY.MC - Modular Audio Converter\",\"isPartOf\":{\"@id\":\"https:\/\/www.directout.eu\/de\/#website\"},\"primaryImageOfPage\":{\"@id\":\"https:\/\/www.directout.eu\/product\/prodigy-mc\/#primaryimage\"},\"image\":{\"@id\":\"https:\/\/www.directout.eu\/product\/prodigy-mc\/#primaryimage\"},\"thumbnailUrl\":\"https:\/\/www.directout.eu\/wp-content\/uploads\/2021\/10\/2he-prodigy-mc-01.jpg\",\"datePublished\":\"2021-08-31T06:27:41+00:00\",\"dateModified\":\"2026-03-09T15:00:34+00:00\",\"description\":\"The modular audio converter, designed to address numerous applications in live sound, broadcast, installation and recording.\",\"breadcrumb\":{\"@id\":\"https:\/\/www.directout.eu\/product\/prodigy-mc\/#breadcrumb\"},\"inLanguage\":\"de\",\"potentialAction\":[{\"@type\":\"ReadAction\",\"target\":[\"https:\/\/www.directout.eu\/product\/prodigy-mc\/\"]}]},{\"@type\":\"ImageObject\",\"inLanguage\":\"de\",\"@id\":\"https:\/\/www.directout.eu\/product\/prodigy-mc\/#primaryimage\",\"url\":\"https:\/\/www.directout.eu\/wp-content\/uploads\/2021\/10\/2he-prodigy-mc-01.jpg\",\"contentUrl\":\"https:\/\/www.directout.eu\/wp-content\/uploads\/2021\/10\/2he-prodigy-mc-01.jpg\",\"width\":1920,\"height\":1080},{\"@type\":\"BreadcrumbList\",\"@id\":\"https:\/\/www.directout.eu\/product\/prodigy-mc\/#breadcrumb\",\"itemListElement\":[{\"@type\":\"ListItem\",\"position\":1,\"name\":\"Home\",\"item\":\"https:\/\/www.directout.eu\/\"},{\"@type\":\"ListItem\",\"position\":2,\"name\":\"Audio Solutions\",\"item\":\"https:\/\/www.directout.eu\/products\/\"},{\"@type\":\"ListItem\",\"position\":3,\"name\":\"PRODIGY.MC\"}]},{\"@type\":\"WebSite\",\"@id\":\"https:\/\/www.directout.eu\/de\/#website\",\"url\":\"https:\/\/www.directout.eu\/de\/\",\"name\":\"DirectOut\",\"description\":\"Technologies\",\"potentialAction\":[{\"@type\":\"SearchAction\",\"target\":{\"@type\":\"EntryPoint\",\"urlTemplate\":\"https:\/\/www.directout.eu\/de\/?s={search_term_string}\"},\"query-input\":{\"@type\":\"PropertyValueSpecification\",\"valueRequired\":true,\"valueName\":\"search_term_string\"}}],\"inLanguage\":\"de\"}]}<\/script>\n<!-- \/ Yoast SEO plugin. -->","yoast_head_json":{"title":"PRODIGY.MC - Modularer Audio Konverter","description":"Modularer Audiokonverter mit 320 I\/Os. F\u00fcr zahlreiche Anwendungen wie Live-Sound, Broadcast, Installation &amp; Recording.","robots":{"index":"index","follow":"follow","max-snippet":"max-snippet:-1","max-image-preview":"max-image-preview:large","max-video-preview":"max-video-preview:-1"},"canonical":"https:\/\/www.directout.eu\/de\/produkt\/prodigy-mc\/","og_locale":"de_DE","og_type":"article","og_title":"PRODIGY.MC - Modular Audio Converter","og_description":"The modular audio converter, designed to address numerous applications in live sound, broadcast, installation and recording.","og_url":"https:\/\/www.directout.eu\/de\/produkt\/prodigy-mc\/","og_site_name":"DirectOut","article_modified_time":"2026-03-09T15:00:34+00:00","og_image":[{"width":1920,"height":1080,"url":"https:\/\/www.directout.eu\/wp-content\/uploads\/2021\/10\/2he-prodigy-mc-01.jpg","type":"image\/jpeg"}],"twitter_card":"summary_large_image","twitter_misc":{"Gesch\u00e4tzte Lesezeit":"3\u00a0Minuten"},"schema":{"@context":"https:\/\/schema.org","@graph":[{"@type":"WebPage","@id":"https:\/\/www.directout.eu\/product\/prodigy-mc\/","url":"https:\/\/www.directout.eu\/product\/prodigy-mc\/","name":"PRODIGY.MC - Modularer Audio Konverter","isPartOf":{"@id":"https:\/\/www.directout.eu\/de\/#website"},"primaryImageOfPage":{"@id":"https:\/\/www.directout.eu\/product\/prodigy-mc\/#primaryimage"},"image":{"@id":"https:\/\/www.directout.eu\/product\/prodigy-mc\/#primaryimage"},"thumbnailUrl":"https:\/\/www.directout.eu\/wp-content\/uploads\/2021\/10\/2he-prodigy-mc-01.jpg","datePublished":"2021-08-31T06:27:41+00:00","dateModified":"2026-03-09T15:00:34+00:00","description":"Modularer Audiokonverter mit 320 I\/Os. F\u00fcr zahlreiche Anwendungen wie Live-Sound, Broadcast, Installation &amp; Recording.","breadcrumb":{"@id":"https:\/\/www.directout.eu\/product\/prodigy-mc\/#breadcrumb"},"inLanguage":"de","potentialAction":[{"@type":"ReadAction","target":["https:\/\/www.directout.eu\/product\/prodigy-mc\/"]}]},{"@type":"ImageObject","inLanguage":"de","@id":"https:\/\/www.directout.eu\/product\/prodigy-mc\/#primaryimage","url":"https:\/\/www.directout.eu\/wp-content\/uploads\/2021\/10\/2he-prodigy-mc-01.jpg","contentUrl":"https:\/\/www.directout.eu\/wp-content\/uploads\/2021\/10\/2he-prodigy-mc-01.jpg","width":1920,"height":1080},{"@type":"BreadcrumbList","@id":"https:\/\/www.directout.eu\/product\/prodigy-mc\/#breadcrumb","itemListElement":[{"@type":"ListItem","position":1,"name":"Home","item":"https:\/\/www.directout.eu\/"},{"@type":"ListItem","position":2,"name":"Audio Solutions","item":"https:\/\/www.directout.eu\/products\/"},{"@type":"ListItem","position":3,"name":"PRODIGY.MC"}]},{"@type":"WebSite","@id":"https:\/\/www.directout.eu\/de\/#website","url":"https:\/\/www.directout.eu\/de\/","name":"DirectOut","description":"Technologies","potentialAction":[{"@type":"SearchAction","target":{"@type":"EntryPoint","urlTemplate":"https:\/\/www.directout.eu\/de\/?s={search_term_string}"},"query-input":{"@type":"PropertyValueSpecification","valueRequired":true,"valueName":"search_term_string"}}],"inLanguage":"de"}]}},"_links":{"self":[{"href":"https:\/\/www.directout.eu\/de\/wp-json\/wp\/v2\/product\/1311","targetHints":{"allow":["GET"]}}],"collection":[{"href":"https:\/\/www.directout.eu\/de\/wp-json\/wp\/v2\/product"}],"about":[{"href":"https:\/\/www.directout.eu\/de\/wp-json\/wp\/v2\/types\/product"}],"replies":[{"embeddable":true,"href":"https:\/\/www.directout.eu\/de\/wp-json\/wp\/v2\/comments?post=1311"}],"wp:featuredmedia":[{"embeddable":true,"href":"https:\/\/www.directout.eu\/de\/wp-json\/wp\/v2\/media\/3063"}],"wp:attachment":[{"href":"https:\/\/www.directout.eu\/de\/wp-json\/wp\/v2\/media?parent=1311"}],"wp:term":[{"taxonomy":"product_brand","embeddable":true,"href":"https:\/\/www.directout.eu\/de\/wp-json\/wp\/v2\/product_brand?post=1311"},{"taxonomy":"product_cat","embeddable":true,"href":"https:\/\/www.directout.eu\/de\/wp-json\/wp\/v2\/product_cat?post=1311"},{"taxonomy":"product_tag","embeddable":true,"href":"https:\/\/www.directout.eu\/de\/wp-json\/wp\/v2\/product_tag?post=1311"}],"curies":[{"name":"wp","href":"https:\/\/api.w.org\/{rel}","templated":true}]}}