
{"id":1312,"date":"2021-08-31T06:32:43","date_gmt":"2021-08-31T06:32:43","guid":{"rendered":"https:\/\/www.directout.eu\/?post_type=product&#038;p=1312"},"modified":"2026-03-09T16:00:48","modified_gmt":"2026-03-09T15:00:48","slug":"prodigy-mp","status":"publish","type":"product","link":"https:\/\/www.directout.eu\/de\/produkt\/prodigy-mp\/","title":{"rendered":"PRODIGY.MP"},"content":{"rendered":"<p class=\"translation-block\">PRODIGY.MP wurde f\u00fcr zahlreiche Anwendungen in den Bereichen Live-Sound, Broadcast, Installation und Aufnahme entwickelt und bietet flexible konfigurierbare Ein- und Ausg\u00e4nge, duales Netzwerk-Audio, DSP-Funktionen, Abtastratenwandlung sowie leistungsstarke Hard- und Software. Vollst\u00e4ndig modular, kann er f\u00fcr spezifische Anforderungen konfiguriert werden. Der Funktionsumfang kann durch ein granulares <a href=\"https:\/\/www.directout.eu\/de\/products\/licenses\/\" target=\"_self\">Lizenzmodell<\/a> angepasst werden, was sowohl Budgeteinsparungen als auch die Flexibilit\u00e4t bietet, den Ver\u00e4nderungen im globalen Medienumfeld durch zuk\u00fcnftige Upgrades zu begegnen.<\/p>\n<p><strong><a title=\"Video PRODIGY.MP\" href=\"https:\/\/vimeo.com\/317661739\" target=\"_blank\" rel=\"noopener\" data-htmlarea-external=\"1\">PRODIGY.MP Demo Video<\/a><\/strong><\/p>\n<h3>Module - IO<\/h3>\n<p class=\"translation-block\">PRODIGY.MP verf\u00fcgt \u00fcber <a href=\"https:\/\/www.directout.eu\/wp-content\/uploads\/2024\/06\/slot_abc_modules.gif\" target=\"_self\">zwei A Steckpl\u00e4tze, zwei B Steckpl\u00e4tze und vier C Steckpl\u00e4tze<\/a>:<\/p>\n<ul>\n<li>A Steckplatz - Audio Netzwerk, multi-port MADI oder USB - bis zu 128 Kan\u00e4le pro Modul<\/li>\n<li>B Steckplatz - single-port MADI - 64 Kan\u00e4le pro Modul<\/li>\n<li>C Steckplatz - Konverter (mic\/line, AD\/DA) und AES3 - 8 Kan\u00e4le pro Modul<\/li>\n<\/ul>\n<p>Die Kanalkapazit\u00e4t summiert sich auf 416 Eing\u00e4nge und 420 Ausg\u00e4nge, die mittels einer kanalbasierten Routing-Matrix verwaltet werden.<\/p>\n<h3>Multi Format<\/h3>\n<ul>\n<li>RAVENNA \/ AES67<\/li>\n<li>Dante<\/li>\n<li>SoundGrid<\/li>\n<li>AVB \/ MILAN<\/li>\n<li>MADI single-port, multi-port<\/li>\n<li>Analog<\/li>\n<li>AES3<\/li>\n<li>USB<\/li>\n<\/ul>\n<h3>DSP-, SRC- und Sync-Management<\/h3>\n<p>Die Signalverarbeitung ist FPGA-basiert und bietet mit \u00e4u\u00dferst niedriger Latenz Matrix-Mixer, Summier-Busse und Flex Channels mit EQ (FIR &amp; IIR Filter), Dynamik, Delay und externen Plug-Ins. Die Flex Channels k\u00f6nnen als Input\/Pre-Fader oder Output\/Post-Fader konfiguriert werden. Alle Audiokan\u00e4le sind mittels Time-Adjust phasenstarr zueinander.<\/p>\n<p>Die interne DSP-Referenz kann auf Word-Clock oder Videoeingang, einen beliebigen Netzwerk-\/Digitaleingang oder intern generierten Takt eingestellt werden.<\/p>\n<p>Sample Rate Converter an den AES Eing\u00e4ngen und <a href=\"\/de\/glossary\/#glossary-fastsrc\" target=\"_blank\" rel=\"noopener\">FastSRC\u2122<\/a> den MADI I\/Os und Audio Netzwerk I\/Os erm\u00f6glichen die gleichzeitige Media-, Format- und Abtastraten-Wandlung und vollst\u00e4ndiges Routing bis zu 192 kHz.<\/p>\n<h3><strong>Netzwerk-Audio &amp; nahtlose Interoperabilit\u00e4t<\/strong><\/h3>\n<p class=\"translation-block\">PRODIGY.MP kann gleichzeitig bis zu zwei Netzwerk-Audiomodule hosten, die unterschiedliche Netzwerkformate unterst\u00fctzen und eine nahtlose Interoperabilit\u00e4t zwischen diesen erm\u00f6glichen. \nDas RAVENNA-Modul ist konform zu AES67 und ST 2110-30\/ -31 und unterst\u00fctzt alle ST 2022-7 Klassen. RAV.IO ist erfolgreicher Teilnehmer des <a title=\"JT-NM Tested Program\" href=\"http:\/\/jt-nm.org\/jt-nm_tested\/\" target=\"_blank\" rel=\"noopener\">JT-NM Tested Programms<\/a> und im gleichnamigen <a title=\"JT-NM Tested Katalog\" href=\"https:\/\/static.jt-nm.org\/documents\/JT-NM_Tested_Catalog_ST2110_Full-Online-2022-08.pdf\" target=\"_blank\" rel=\"noopener\">Katalog<\/a> als Modul gelistet, das den SMPTE 2110-Standards entspricht. \nMit der Dante-Option kann die Hardware ein Front-End f\u00fcr Audio-Konsolen oder ein eigenst\u00e4ndiger Konverter mit DSP, SRC und Routing-System sein. \nSoundGrid von Waves Audio bietet einen Audiotransport mit extrem niedriger Latenzzeit und erm\u00f6glicht den Anschluss von Waves Servern f\u00fcr Plugin-Inserts. \nVirtuelle Soundkarten f\u00fcr macOS\u00ae und Windows\u00ae k\u00f6nnen direkt mit jeder DAW f\u00fcr Mehrspuraufnahmen und virtuelle Soundchecks verbunden werden.<\/p>\n<h3><strong>Management \u2013 Mehrfachzugriff, lokal und remote<\/strong><\/h3>\n<p><a title=\"globcon\" href=\"http:\/\/www.globcon.pro\/\" target=\"_blank\" rel=\"noopener\">globcon<\/a>\u00a0Fernbedienung, eine browserbasierte GUI und ein Frontpanel-Touchdisplay sorgen f\u00fcr h\u00f6chste Benutzerfreundlichkeit.<\/p>\n<p>globcon software bietet volle Kontrolle \u00fcber mehrere Ger\u00e4te in Mac\/PC\/Linux-basierten Systemen und verf\u00fcgt \u00fcber ein umfassendes Snapshot-Management mit selektiven Recall-Scope-Sets. Sie unterst\u00fctzt auch das Trigger-Management, das OSC und MIDI f\u00fcr die Steuerung z.B. von einem Tablet-Ger\u00e4t aus beinhaltet. Die Mess-Software Smaart von\u00a0<a title=\"Rational Acoustics\" href=\"https:\/\/www.rationalacoustics.com\/\">Rational Acoustics<\/a>\u00a0ist \u00fcber API zug\u00e4nglich.<\/p>\n<p>Automatisierte \u00dcberwachung und Rotlichtsteuerung sind \u00fcber GPIOs m\u00f6glich. USB-Ports an der Front- und R\u00fcckseite bieten den Anschluss und die Steuerung von Legacy-Ger\u00e4ten \u00fcber die globcon-bridge.<\/p>\n<p><strong><a title=\"Video PRODIGY.MP\" href=\"https:\/\/www.directout.eu\/de\/academy\/tutorials\/\" target=\"_blank\" rel=\"noopener\" data-htmlarea-external=\"1\">PRODIGY Series - Video Tutorials<\/a><\/strong><\/p>\n<h3><strong>Betriebssicher, Monitoring<\/strong><\/h3>\n<p>Zwei Kopfh\u00f6rerausg\u00e4nge erm\u00f6glichen das lokale Monitoring beliebiger I\/Os. Zwei phasenredundante Netzteile garantieren einen nahtlosen Betrieb des Ger\u00e4tes. Ein interner Switch auf dem Netzwerkmodul sorgt f\u00fcr die Redundanz auf Netzwerkebene.<\/p>\n<p>W\u00e4hrend das Dante-Modul Dante-Redundanz unterst\u00fctzt, bietet das RAVENNA-Modul Stream-Redundanz gem\u00e4\u00df ST 2022-7.<\/p>\n<p><a href=\"\/de\/support\/glossary\/#glossary-ears\" target=\"_blank\" rel=\"noopener\">EARS\u2122<\/a> EARS\u2122 (Enhanced Automatic Redundancy Switching) ist f\u00fcr verschiedene Kombinationen von Eing\u00e4ngen verf\u00fcgbar. EARS\u2122 ist ein System, das eine Unterbrechung des Ausgangssignals verhindert. Es nutzt entweder die bew\u00e4hrte <a href=\"\/de\/glossary\/#glossary-blds\" target=\"_blank\" rel=\"noopener\">BLDS\u2122<\/a> Technologie oder Triggering via Pilotton.\nEine Logik \u00fcberwacht den Zustand des Triggersignals am aktiven Eingang. Im Fehlerfall wird automatisch auf den Backup-Eingang umgeschaltet.<\/p>\n<p>Der <a href=\"\/de\/glossary\/#glossary-blds\" target=\"_blank\" rel=\"noopener\">BLDS\u2122<\/a> Generator kann als virtuelle Quelle in der Matrix gepatched werden und erm\u00f6glicht die \u00dcberwachung von Verbindungen mit automatischer Failover-Umschaltung.<\/p>\n<p>Ein interner LTC-Reader zeigt eingehenden linearen Timecode auf dem Touchscreen oder \u00fcber die globcon-Steuersoftware an und kann dort jede beliebige Aktion ausl\u00f6sen.<\/p>\n<div class='w3eden'><div class=\"link-template-default card\">\n    <div class=\"card-body\">\n        <div class=\"media\">\n            <div class=\"img-48 mr-4\"><a href=\"https:\/\/www.directout.eu\/de\/download\/test-report-production-partner-02-2022-e\/?wpdmdl=8741&refresh=69df0965055cc1776224613\"><img decoding=\"async\" class=\"wpdm_icon\" alt=\"Icon\" src=\"https:\/\/www.directout.eu\/wp-content\/plugins\/download-manager\/assets\/file-type-icons\/pdf.svg\" \/><\/a><\/div>\n\n            <div class=\"media-body\">\n                <h3 class=\"package-title\"><a href=\"https:\/\/www.directout.eu\/de\/download\/test-report-production-partner-02-2022-e\/?wpdmdl=8741&refresh=69df0965055cc1776224613\">Test Report Production Partner 02\/2022 - E<\/a><\/h3>\n            <\/div>\n            \n        <\/div>\n    <\/div>\n<\/div>\n\n<\/div>\n<div class='w3eden'><div class=\"link-template-default card\">\n    <div class=\"card-body\">\n        <div class=\"media\">\n            <div class=\"img-48 mr-4\"><a href=\"https:\/\/www.directout.eu\/de\/download\/test-report-production-partner-02-2022-d\/?wpdmdl=8739&refresh=69df09650d9f81776224613\"><img decoding=\"async\" class=\"wpdm_icon\" alt=\"Icon\" src=\"https:\/\/www.directout.eu\/wp-content\/plugins\/download-manager\/assets\/file-type-icons\/pdf.svg\" \/><\/a><\/div>\n\n            <div class=\"media-body\">\n                <h3 class=\"package-title\"><a href=\"https:\/\/www.directout.eu\/de\/download\/test-report-production-partner-02-2022-d\/?wpdmdl=8739&refresh=69df09650d9f81776224613\">Test Report Production Partner 02\/2022 - D<\/a><\/h3>\n            <\/div>\n            \n        <\/div>\n    <\/div>\n<\/div>\n\n<\/div>\n<p>&nbsp;<\/p>","protected":false},"excerpt":{"rendered":"<p>PRODIGY.MP wurde f\u00fcr zahlreiche Anwendungen in den Bereichen Live-Sound, Broadcast, Installation und Aufnahme entwickelt...<\/p>","protected":false},"featured_media":3067,"comment_status":"open","ping_status":"closed","template":"","meta":{"_acf_changed":false,"_monsterinsights_skip_tracking":false,"_monsterinsights_sitenote_active":false,"_monsterinsights_sitenote_note":"","_monsterinsights_sitenote_category":0},"product_brand":[],"product_cat":[21],"product_tag":[247],"class_list":{"0":"post-1312","1":"product","2":"type-product","3":"status-publish","4":"has-post-thumbnail","6":"product_cat-uncategorized","7":"product_tag-audio-platforms","8":"product_function-automatic-switching","9":"product_function-conversion","10":"product_function-dsp","11":"product_function-monitoring","12":"product_function-redundancy","13":"product_function-routing","14":"product_function-sample-rate-conversion","15":"product_function-signal-generating","16":"vertical_markets-all_product_features","17":"vertical_markets-ember","18":"vertical_markets-gpio","19":"vertical_markets-midi","20":"vertical_markets-nmos","21":"vertical_markets-osc","22":"vertical_markets-st-2022-7","23":"vertical_markets-sync-video","24":"vertical_markets-sync-wck","25":"audio_formats-all_audio","26":"audio_formats-aes3","27":"audio_formats-aes67","28":"audio_formats-analog-line","29":"audio_formats-analog-mic","30":"audio_formats-analog-phones","31":"audio_formats-dante","32":"audio_formats-madi","33":"audio_formats-ravenna","34":"audio_formats-smpte-st-2110-30-31","35":"audio_formats-soundgrid","36":"post-wrapper","38":"first","39":"instock","40":"shipping-taxable","41":"purchasable","42":"product-type-simple"},"acf":[],"yoast_head":"<!-- This site is optimized with the Yoast SEO plugin v27.1.1 - https:\/\/yoast.com\/product\/yoast-seo-wordpress\/ -->\n<title>PRODIGY.MP - Multifunction Audio Processor<\/title>\n<meta name=\"description\" content=\"Designed for numerous Applications in live Sound, Broadcast, Installation &amp; Recording. Modular approach &amp; Maximum flexibility.\" \/>\n<meta name=\"robots\" content=\"index, follow, max-snippet:-1, max-image-preview:large, max-video-preview:-1\" \/>\n<link rel=\"canonical\" href=\"https:\/\/www.directout.eu\/de\/produkt\/prodigy-mp\/\" \/>\n<meta property=\"og:locale\" content=\"de_DE\" \/>\n<meta property=\"og:type\" content=\"article\" \/>\n<meta property=\"og:title\" content=\"PRODIGY.MP - Multifunction Audio Processor\" \/>\n<meta property=\"og:description\" content=\"Designed for numerous Applications in live Sound, Broadcast, Installation &amp; Recording. Modular approach &amp; Maximum flexibility.\" \/>\n<meta property=\"og:url\" content=\"https:\/\/www.directout.eu\/de\/produkt\/prodigy-mp\/\" \/>\n<meta property=\"og:site_name\" content=\"DirectOut\" \/>\n<meta property=\"article:modified_time\" content=\"2026-03-09T15:00:48+00:00\" \/>\n<meta property=\"og:image\" content=\"https:\/\/www.directout.eu\/wp-content\/uploads\/2021\/10\/2he-prodigy-mp-01.jpg\" \/>\n\t<meta property=\"og:image:width\" content=\"1920\" \/>\n\t<meta property=\"og:image:height\" content=\"1080\" \/>\n\t<meta property=\"og:image:type\" content=\"image\/jpeg\" \/>\n<meta name=\"twitter:card\" content=\"summary_large_image\" \/>\n<meta name=\"twitter:label1\" content=\"Gesch\u00e4tzte Lesezeit\" \/>\n\t<meta name=\"twitter:data1\" content=\"3\u00a0Minuten\" \/>\n<script type=\"application\/ld+json\" class=\"yoast-schema-graph\">{\"@context\":\"https:\/\/schema.org\",\"@graph\":[{\"@type\":\"WebPage\",\"@id\":\"https:\/\/www.directout.eu\/product\/prodigy-mp\/\",\"url\":\"https:\/\/www.directout.eu\/product\/prodigy-mp\/\",\"name\":\"PRODIGY.MP - Multifunction Audio Processor\",\"isPartOf\":{\"@id\":\"https:\/\/www.directout.eu\/de\/#website\"},\"primaryImageOfPage\":{\"@id\":\"https:\/\/www.directout.eu\/product\/prodigy-mp\/#primaryimage\"},\"image\":{\"@id\":\"https:\/\/www.directout.eu\/product\/prodigy-mp\/#primaryimage\"},\"thumbnailUrl\":\"https:\/\/www.directout.eu\/wp-content\/uploads\/2021\/10\/2he-prodigy-mp-01.jpg\",\"datePublished\":\"2021-08-31T06:32:43+00:00\",\"dateModified\":\"2026-03-09T15:00:48+00:00\",\"description\":\"Designed for numerous Applications in live Sound, Broadcast, Installation & Recording. Modular approach & Maximum flexibility.\",\"breadcrumb\":{\"@id\":\"https:\/\/www.directout.eu\/product\/prodigy-mp\/#breadcrumb\"},\"inLanguage\":\"de\",\"potentialAction\":[{\"@type\":\"ReadAction\",\"target\":[\"https:\/\/www.directout.eu\/product\/prodigy-mp\/\"]}]},{\"@type\":\"ImageObject\",\"inLanguage\":\"de\",\"@id\":\"https:\/\/www.directout.eu\/product\/prodigy-mp\/#primaryimage\",\"url\":\"https:\/\/www.directout.eu\/wp-content\/uploads\/2021\/10\/2he-prodigy-mp-01.jpg\",\"contentUrl\":\"https:\/\/www.directout.eu\/wp-content\/uploads\/2021\/10\/2he-prodigy-mp-01.jpg\",\"width\":1920,\"height\":1080},{\"@type\":\"BreadcrumbList\",\"@id\":\"https:\/\/www.directout.eu\/product\/prodigy-mp\/#breadcrumb\",\"itemListElement\":[{\"@type\":\"ListItem\",\"position\":1,\"name\":\"Home\",\"item\":\"https:\/\/www.directout.eu\/\"},{\"@type\":\"ListItem\",\"position\":2,\"name\":\"Audio Solutions\",\"item\":\"https:\/\/www.directout.eu\/products\/\"},{\"@type\":\"ListItem\",\"position\":3,\"name\":\"PRODIGY.MP\"}]},{\"@type\":\"WebSite\",\"@id\":\"https:\/\/www.directout.eu\/de\/#website\",\"url\":\"https:\/\/www.directout.eu\/de\/\",\"name\":\"DirectOut\",\"description\":\"Technologies\",\"potentialAction\":[{\"@type\":\"SearchAction\",\"target\":{\"@type\":\"EntryPoint\",\"urlTemplate\":\"https:\/\/www.directout.eu\/de\/?s={search_term_string}\"},\"query-input\":{\"@type\":\"PropertyValueSpecification\",\"valueRequired\":true,\"valueName\":\"search_term_string\"}}],\"inLanguage\":\"de\"}]}<\/script>\n<!-- \/ Yoast SEO plugin. -->","yoast_head_json":{"title":"PRODIGY.MP - Multifunktionaler Audio Prozessor","description":"Leistungsstarker Signalprozessor (DSP) mit 416 I\/Os. Perfekter Begleiter f\u00fcr Live-Sound, Broadcast, Installation &amp; Recording.","robots":{"index":"index","follow":"follow","max-snippet":"max-snippet:-1","max-image-preview":"max-image-preview:large","max-video-preview":"max-video-preview:-1"},"canonical":"https:\/\/www.directout.eu\/de\/produkt\/prodigy-mp\/","og_locale":"de_DE","og_type":"article","og_title":"PRODIGY.MP - Multifunction Audio Processor","og_description":"Designed for numerous Applications in live Sound, Broadcast, Installation & Recording. Modular approach & Maximum flexibility.","og_url":"https:\/\/www.directout.eu\/de\/produkt\/prodigy-mp\/","og_site_name":"DirectOut","article_modified_time":"2026-03-09T15:00:48+00:00","og_image":[{"width":1920,"height":1080,"url":"https:\/\/www.directout.eu\/wp-content\/uploads\/2021\/10\/2he-prodigy-mp-01.jpg","type":"image\/jpeg"}],"twitter_card":"summary_large_image","twitter_misc":{"Gesch\u00e4tzte Lesezeit":"3\u00a0Minuten"},"schema":{"@context":"https:\/\/schema.org","@graph":[{"@type":"WebPage","@id":"https:\/\/www.directout.eu\/product\/prodigy-mp\/","url":"https:\/\/www.directout.eu\/product\/prodigy-mp\/","name":"PRODIGY.MP - Multifunktionaler Audio Prozessor","isPartOf":{"@id":"https:\/\/www.directout.eu\/de\/#website"},"primaryImageOfPage":{"@id":"https:\/\/www.directout.eu\/product\/prodigy-mp\/#primaryimage"},"image":{"@id":"https:\/\/www.directout.eu\/product\/prodigy-mp\/#primaryimage"},"thumbnailUrl":"https:\/\/www.directout.eu\/wp-content\/uploads\/2021\/10\/2he-prodigy-mp-01.jpg","datePublished":"2021-08-31T06:32:43+00:00","dateModified":"2026-03-09T15:00:48+00:00","description":"Leistungsstarker Signalprozessor (DSP) mit 416 I\/Os. Perfekter Begleiter f\u00fcr Live-Sound, Broadcast, Installation &amp; Recording.","breadcrumb":{"@id":"https:\/\/www.directout.eu\/product\/prodigy-mp\/#breadcrumb"},"inLanguage":"de","potentialAction":[{"@type":"ReadAction","target":["https:\/\/www.directout.eu\/product\/prodigy-mp\/"]}]},{"@type":"ImageObject","inLanguage":"de","@id":"https:\/\/www.directout.eu\/product\/prodigy-mp\/#primaryimage","url":"https:\/\/www.directout.eu\/wp-content\/uploads\/2021\/10\/2he-prodigy-mp-01.jpg","contentUrl":"https:\/\/www.directout.eu\/wp-content\/uploads\/2021\/10\/2he-prodigy-mp-01.jpg","width":1920,"height":1080},{"@type":"BreadcrumbList","@id":"https:\/\/www.directout.eu\/product\/prodigy-mp\/#breadcrumb","itemListElement":[{"@type":"ListItem","position":1,"name":"Home","item":"https:\/\/www.directout.eu\/"},{"@type":"ListItem","position":2,"name":"Audio Solutions","item":"https:\/\/www.directout.eu\/products\/"},{"@type":"ListItem","position":3,"name":"PRODIGY.MP"}]},{"@type":"WebSite","@id":"https:\/\/www.directout.eu\/de\/#website","url":"https:\/\/www.directout.eu\/de\/","name":"DirectOut","description":"Technologies","potentialAction":[{"@type":"SearchAction","target":{"@type":"EntryPoint","urlTemplate":"https:\/\/www.directout.eu\/de\/?s={search_term_string}"},"query-input":{"@type":"PropertyValueSpecification","valueRequired":true,"valueName":"search_term_string"}}],"inLanguage":"de"}]}},"_links":{"self":[{"href":"https:\/\/www.directout.eu\/de\/wp-json\/wp\/v2\/product\/1312","targetHints":{"allow":["GET"]}}],"collection":[{"href":"https:\/\/www.directout.eu\/de\/wp-json\/wp\/v2\/product"}],"about":[{"href":"https:\/\/www.directout.eu\/de\/wp-json\/wp\/v2\/types\/product"}],"replies":[{"embeddable":true,"href":"https:\/\/www.directout.eu\/de\/wp-json\/wp\/v2\/comments?post=1312"}],"wp:featuredmedia":[{"embeddable":true,"href":"https:\/\/www.directout.eu\/de\/wp-json\/wp\/v2\/media\/3067"}],"wp:attachment":[{"href":"https:\/\/www.directout.eu\/de\/wp-json\/wp\/v2\/media?parent=1312"}],"wp:term":[{"taxonomy":"product_brand","embeddable":true,"href":"https:\/\/www.directout.eu\/de\/wp-json\/wp\/v2\/product_brand?post=1312"},{"taxonomy":"product_cat","embeddable":true,"href":"https:\/\/www.directout.eu\/de\/wp-json\/wp\/v2\/product_cat?post=1312"},{"taxonomy":"product_tag","embeddable":true,"href":"https:\/\/www.directout.eu\/de\/wp-json\/wp\/v2\/product_tag?post=1312"}],"curies":[{"name":"wp","href":"https:\/\/api.w.org\/{rel}","templated":true}]}}