
{"id":1313,"date":"2021-08-31T06:33:11","date_gmt":"2021-08-31T06:33:11","guid":{"rendered":"https:\/\/www.directout.eu\/?post_type=product&#038;p=1313"},"modified":"2025-10-20T16:47:11","modified_gmt":"2025-10-20T14:47:11","slug":"anna-lisa","status":"publish","type":"product","link":"https:\/\/www.directout.eu\/de\/produkt\/anna-lisa\/","title":{"rendered":"ANNA-LISA"},"content":{"rendered":"<p>ANNA-LISA ist ein kompaktes mobiles Messger\u00e4t und Signal Generator f\u00fcr MADI.<br \/>\nBatterie-betrieben empfiehlt sich ANNA-LISA als wertvolles Werkzeug f\u00fcr Ingenieure und Techniker in \u00dcbertragungswagen oder in der Veranstaltungstechnik mit MADI basierten Systemen arbeiten. Messergebnisse werden mittels LEDs auf der Ger\u00e4teoberfl\u00e4che leicht erkennbar dargestellt. Somit kann die Zuverl\u00e4ssigkeit einer MADI-Verbindung gepr\u00fcft und m\u00f6gliche Problemursachen schnell erkannt werden.<br \/>\nEine Remote Software bietet Zugriff auf erweiterte Analysefunktionen und Testsignale, was die Einsatzm\u00f6glichkeit von ANNA-LISA auch auf Systemtechnik und Entwicklung erweitert.<\/p>\n<h3><b>\u00dcberzeugendes Bedienungskonzept<\/b><\/h3>\n<p>Ein Taster navigiert durch eine Sequenz von Parameter-Checks. Die Messergebnisse werden \u00fcber eine \u201aAmpelschaltung\u2018 angezeigt: LEDs in rot (ungen\u00fcgend), gelb (ok, aber grenzwertig) oder gr\u00fcn (gut) zeigen klar und unmittelbar das Messergebnis des ausgew\u00e4hlten Parameters an.<\/p>\n<h3><b>Analyse Merkmale<\/b><\/h3>\n<ul>\n<li>Konformit\u00e4t mit AES10 Spezifikation<\/li>\n<li>Abtastrate<\/li>\n<li>MADI Formate (channel, frame)<\/li>\n<li>Signal Amplitude<\/li>\n<li>Jitter<\/li>\n<li>Signal Pegel und Jitter kombiniert<\/li>\n<\/ul>\n<p>F\u00fcr detailliertere Analyse und Konfigurationsm\u00f6glichkeiten kann das Ger\u00e4t \u00fcber eine Bluetooth\u00ae-Verbindung mittels ANNA-LISA Remote von einem Mobilger\u00e4t gesteuert werden.<\/p>\n<h3><b>ANNA-LISA Remote (ANDROID\u2122) bietet Zugriff weitere Features:<\/b><\/h3>\n<ul>\n<li>Level Metering<\/li>\n<li>AES3 Channel Status Information<\/li>\n<li>Kanal-basiertes Signal Routing<\/li>\n<li>Steuerung der Ausgangspegel<\/li>\n<li>Erweiterte Kontrolle des Signal Generators<\/li>\n<\/ul>\n<p>Current version is available via the Google Play Store.<\/p>\n<h3><b>Generator<\/b><\/h3>\n<p>Standard MADI Signale k\u00f6nnen direkt am Ger\u00e4t eingestellt werden. Vier Presets speichern die Einstellungen f\u00fcr Signalquelle (weisses\/rosa Rauschen, Sinust\u00f6ne, Testton-Pattern, Eingangssignal), Verst\u00e4rkung und MADI Format.<\/p>\n<h3><b>All-Round<\/b><\/h3>\n<p>ANNA-LISA provides a coaxial BNC and an SFP MADI port. The latter can be equipped with a variety of SFP transceivers depending on the application. The MADI outputs are independently configurable and can pass through either input. A USB port allows for battery charging and firmware updates. A Bluetooth\u00ae module enables connection to mobile devices running the remote software (ANDROID\u2122).<\/p>","protected":false},"excerpt":{"rendered":"<div class=\"prodInfo\">\n<p>ANNA-LISA ist ein kompaktes mobiles Messger\u00e4t und Signal Generator f\u00fcr MADI.<\/p>\n<\/div>","protected":false},"featured_media":3086,"comment_status":"open","ping_status":"closed","template":"","meta":{"_acf_changed":false,"_monsterinsights_skip_tracking":false,"_monsterinsights_sitenote_active":false,"_monsterinsights_sitenote_note":"","_monsterinsights_sitenote_category":0},"product_brand":[],"product_cat":[83],"product_tag":[33],"class_list":{"0":"post-1313","1":"product","2":"type-product","3":"status-publish","4":"has-post-thumbnail","6":"product_cat-devices","7":"product_tag-devices-headline","8":"product_function-analyzing","9":"audio_formats-madi","10":"post-wrapper","12":"first","13":"instock","14":"shipping-taxable","15":"purchasable","16":"product-type-simple"},"acf":[],"yoast_head":"<!-- This site is optimized with the Yoast SEO plugin v27.1.1 - https:\/\/yoast.com\/product\/yoast-seo-wordpress\/ -->\n<title>ANNA-LISA - MADI Analyser &amp; Signal Generator<\/title>\n<meta name=\"description\" content=\"ANNA-LISA is a compact, handheld MADI Analysis Tool &amp; Signal Generator with Bluetooth option. Perfect for Audio Engineers.\" \/>\n<meta name=\"robots\" content=\"index, follow, max-snippet:-1, max-image-preview:large, max-video-preview:-1\" \/>\n<link rel=\"canonical\" href=\"https:\/\/www.directout.eu\/de\/produkt\/anna-lisa\/\" \/>\n<meta property=\"og:locale\" content=\"de_DE\" \/>\n<meta property=\"og:type\" content=\"article\" \/>\n<meta property=\"og:title\" content=\"ANNA-LISA - MADI Analyser &amp; Signal Generator\" \/>\n<meta property=\"og:description\" content=\"ANNA-LISA is a compact, handheld MADI Analysis Tool &amp; Signal Generator with Bluetooth option. Perfect for Audio Engineers.\" \/>\n<meta property=\"og:url\" content=\"https:\/\/www.directout.eu\/de\/produkt\/anna-lisa\/\" \/>\n<meta property=\"og:site_name\" content=\"DirectOut\" \/>\n<meta property=\"article:modified_time\" content=\"2025-10-20T14:47:11+00:00\" \/>\n<meta property=\"og:image\" content=\"https:\/\/www.directout.eu\/wp-content\/uploads\/2021\/10\/hh-anna-lisa-01.jpg\" \/>\n\t<meta property=\"og:image:width\" content=\"1920\" \/>\n\t<meta property=\"og:image:height\" content=\"768\" \/>\n\t<meta property=\"og:image:type\" content=\"image\/jpeg\" \/>\n<meta name=\"twitter:card\" content=\"summary_large_image\" \/>\n<meta name=\"twitter:label1\" content=\"Gesch\u00e4tzte Lesezeit\" \/>\n\t<meta name=\"twitter:data1\" content=\"2\u00a0Minuten\" \/>\n<script type=\"application\/ld+json\" class=\"yoast-schema-graph\">{\"@context\":\"https:\/\/schema.org\",\"@graph\":[{\"@type\":\"WebPage\",\"@id\":\"https:\/\/www.directout.eu\/product\/anna-lisa\/\",\"url\":\"https:\/\/www.directout.eu\/product\/anna-lisa\/\",\"name\":\"ANNA-LISA - MADI Analyser & Signal Generator\",\"isPartOf\":{\"@id\":\"https:\/\/www.directout.eu\/de\/#website\"},\"primaryImageOfPage\":{\"@id\":\"https:\/\/www.directout.eu\/product\/anna-lisa\/#primaryimage\"},\"image\":{\"@id\":\"https:\/\/www.directout.eu\/product\/anna-lisa\/#primaryimage\"},\"thumbnailUrl\":\"https:\/\/www.directout.eu\/wp-content\/uploads\/2021\/10\/hh-anna-lisa-01.jpg\",\"datePublished\":\"2021-08-31T06:33:11+00:00\",\"dateModified\":\"2025-10-20T14:47:11+00:00\",\"description\":\"ANNA-LISA is a compact, handheld MADI Analysis Tool & Signal Generator with Bluetooth option. Perfect for Audio Engineers.\",\"breadcrumb\":{\"@id\":\"https:\/\/www.directout.eu\/product\/anna-lisa\/#breadcrumb\"},\"inLanguage\":\"de\",\"potentialAction\":[{\"@type\":\"ReadAction\",\"target\":[\"https:\/\/www.directout.eu\/product\/anna-lisa\/\"]}]},{\"@type\":\"ImageObject\",\"inLanguage\":\"de\",\"@id\":\"https:\/\/www.directout.eu\/product\/anna-lisa\/#primaryimage\",\"url\":\"https:\/\/www.directout.eu\/wp-content\/uploads\/2021\/10\/hh-anna-lisa-01.jpg\",\"contentUrl\":\"https:\/\/www.directout.eu\/wp-content\/uploads\/2021\/10\/hh-anna-lisa-01.jpg\",\"width\":1920,\"height\":768},{\"@type\":\"BreadcrumbList\",\"@id\":\"https:\/\/www.directout.eu\/product\/anna-lisa\/#breadcrumb\",\"itemListElement\":[{\"@type\":\"ListItem\",\"position\":1,\"name\":\"Home\",\"item\":\"https:\/\/www.directout.eu\/\"},{\"@type\":\"ListItem\",\"position\":2,\"name\":\"Audio Solutions\",\"item\":\"https:\/\/www.directout.eu\/products\/\"},{\"@type\":\"ListItem\",\"position\":3,\"name\":\"ANNA-LISA\"}]},{\"@type\":\"WebSite\",\"@id\":\"https:\/\/www.directout.eu\/de\/#website\",\"url\":\"https:\/\/www.directout.eu\/de\/\",\"name\":\"DirectOut\",\"description\":\"Technologies\",\"potentialAction\":[{\"@type\":\"SearchAction\",\"target\":{\"@type\":\"EntryPoint\",\"urlTemplate\":\"https:\/\/www.directout.eu\/de\/?s={search_term_string}\"},\"query-input\":{\"@type\":\"PropertyValueSpecification\",\"valueRequired\":true,\"valueName\":\"search_term_string\"}}],\"inLanguage\":\"de\"}]}<\/script>\n<!-- \/ Yoast SEO plugin. -->","yoast_head_json":{"title":"ANNA-LISA - MADI Analyse &amp; Signalgenerator","description":"ANNA-LISA ist ein kompaktes MADI-Analyseger\u00e4t &amp; Signalgenerator mit Bluetooth-Option. Ideal f\u00fcr Tontechniker unterwegs.","robots":{"index":"index","follow":"follow","max-snippet":"max-snippet:-1","max-image-preview":"max-image-preview:large","max-video-preview":"max-video-preview:-1"},"canonical":"https:\/\/www.directout.eu\/de\/produkt\/anna-lisa\/","og_locale":"de_DE","og_type":"article","og_title":"ANNA-LISA - MADI Analyser & Signal Generator","og_description":"ANNA-LISA is a compact, handheld MADI Analysis Tool & Signal Generator with Bluetooth option. Perfect for Audio Engineers.","og_url":"https:\/\/www.directout.eu\/de\/produkt\/anna-lisa\/","og_site_name":"DirectOut","article_modified_time":"2025-10-20T14:47:11+00:00","og_image":[{"width":1920,"height":768,"url":"https:\/\/www.directout.eu\/wp-content\/uploads\/2021\/10\/hh-anna-lisa-01.jpg","type":"image\/jpeg"}],"twitter_card":"summary_large_image","twitter_misc":{"Gesch\u00e4tzte Lesezeit":"2\u00a0Minuten"},"schema":{"@context":"https:\/\/schema.org","@graph":[{"@type":"WebPage","@id":"https:\/\/www.directout.eu\/product\/anna-lisa\/","url":"https:\/\/www.directout.eu\/product\/anna-lisa\/","name":"ANNA-LISA - MADI Analyse &amp; Signalgenerator","isPartOf":{"@id":"https:\/\/www.directout.eu\/de\/#website"},"primaryImageOfPage":{"@id":"https:\/\/www.directout.eu\/product\/anna-lisa\/#primaryimage"},"image":{"@id":"https:\/\/www.directout.eu\/product\/anna-lisa\/#primaryimage"},"thumbnailUrl":"https:\/\/www.directout.eu\/wp-content\/uploads\/2021\/10\/hh-anna-lisa-01.jpg","datePublished":"2021-08-31T06:33:11+00:00","dateModified":"2025-10-20T14:47:11+00:00","description":"ANNA-LISA ist ein kompaktes MADI-Analyseger\u00e4t &amp; Signalgenerator mit Bluetooth-Option. Ideal f\u00fcr Tontechniker unterwegs.","breadcrumb":{"@id":"https:\/\/www.directout.eu\/product\/anna-lisa\/#breadcrumb"},"inLanguage":"de","potentialAction":[{"@type":"ReadAction","target":["https:\/\/www.directout.eu\/product\/anna-lisa\/"]}]},{"@type":"ImageObject","inLanguage":"de","@id":"https:\/\/www.directout.eu\/product\/anna-lisa\/#primaryimage","url":"https:\/\/www.directout.eu\/wp-content\/uploads\/2021\/10\/hh-anna-lisa-01.jpg","contentUrl":"https:\/\/www.directout.eu\/wp-content\/uploads\/2021\/10\/hh-anna-lisa-01.jpg","width":1920,"height":768},{"@type":"BreadcrumbList","@id":"https:\/\/www.directout.eu\/product\/anna-lisa\/#breadcrumb","itemListElement":[{"@type":"ListItem","position":1,"name":"Home","item":"https:\/\/www.directout.eu\/"},{"@type":"ListItem","position":2,"name":"Audio Solutions","item":"https:\/\/www.directout.eu\/products\/"},{"@type":"ListItem","position":3,"name":"ANNA-LISA"}]},{"@type":"WebSite","@id":"https:\/\/www.directout.eu\/de\/#website","url":"https:\/\/www.directout.eu\/de\/","name":"DirectOut","description":"Technologies","potentialAction":[{"@type":"SearchAction","target":{"@type":"EntryPoint","urlTemplate":"https:\/\/www.directout.eu\/de\/?s={search_term_string}"},"query-input":{"@type":"PropertyValueSpecification","valueRequired":true,"valueName":"search_term_string"}}],"inLanguage":"de"}]}},"_links":{"self":[{"href":"https:\/\/www.directout.eu\/de\/wp-json\/wp\/v2\/product\/1313","targetHints":{"allow":["GET"]}}],"collection":[{"href":"https:\/\/www.directout.eu\/de\/wp-json\/wp\/v2\/product"}],"about":[{"href":"https:\/\/www.directout.eu\/de\/wp-json\/wp\/v2\/types\/product"}],"replies":[{"embeddable":true,"href":"https:\/\/www.directout.eu\/de\/wp-json\/wp\/v2\/comments?post=1313"}],"wp:featuredmedia":[{"embeddable":true,"href":"https:\/\/www.directout.eu\/de\/wp-json\/wp\/v2\/media\/3086"}],"wp:attachment":[{"href":"https:\/\/www.directout.eu\/de\/wp-json\/wp\/v2\/media?parent=1313"}],"wp:term":[{"taxonomy":"product_brand","embeddable":true,"href":"https:\/\/www.directout.eu\/de\/wp-json\/wp\/v2\/product_brand?post=1313"},{"taxonomy":"product_cat","embeddable":true,"href":"https:\/\/www.directout.eu\/de\/wp-json\/wp\/v2\/product_cat?post=1313"},{"taxonomy":"product_tag","embeddable":true,"href":"https:\/\/www.directout.eu\/de\/wp-json\/wp\/v2\/product_tag?post=1313"}],"curies":[{"name":"wp","href":"https:\/\/api.w.org\/{rel}","templated":true}]}}