
{"id":14734,"date":"2024-06-12T16:44:04","date_gmt":"2024-06-12T14:44:04","guid":{"rendered":"https:\/\/www.directout.eu\/?post_type=product&#038;p=14734"},"modified":"2026-03-09T16:01:36","modified_gmt":"2026-03-09T15:01:36","slug":"maven-a","status":"publish","type":"product","link":"https:\/\/www.directout.eu\/de\/produkt\/maven-a\/","title":{"rendered":"MAVEN.A"},"content":{"rendered":"<p>MAVEN.A ist eine Smarte Audio-Plattform mit modularen IOs und interner Signalbearbeitung. \nIn einem kompakten 1HE-Geh\u00e4use bietet MAVEN.A eine Kapazit\u00e4t von bis zu 400 x 402 Audiokan\u00e4len und einen anpassbaren Funktionsumfang, um die sich ver\u00e4ndernden Anforderungen aktueller Audioanwendungen zu erf\u00fcllen. MAVEN.A wurde entwickelt, um die L\u00fccke zwischen Einsteiger- und Flaggschiff-Audiosystemen zu schlie\u00dfen, und nutzt die gleichen Hardwaremodule wie die PRODIGY-Serie.<\/p>\n<p>Eine Smart Plattform verf\u00fcgt \u00fcber ein leistungsstarkes FPGA plus Prozessor und kann je nach den Anforderungen der einzelnen Anwendungen wachsen oder sich ver\u00e4ndern. Damit tr\u00e4gt eine intelligente Plattform zur Philosophie des Audio Solution Model (ASM) von DirectOut bei. Wie geht das?<\/p>\n<ul>\n<li>Best\u00fccken Sie den Mainframe mit den ben\u00f6tigten Modulen.<\/li>\n<li>W\u00e4hlen Sie die <a href=\"https:\/\/www.directout.eu\/de\/products\/licenses\/\">Lizenzen<\/a> aus, um die Anwendung umsetzen zu k\u00f6nnen.<\/li>\n<\/ul>\n<p>Das granulare Lizenzmodell erm\u00f6glicht nur die Funktionen hinzuzuf\u00fcgen, welche aktuell ben\u00f6tigt werden.<\/p>\n<p><strong><a href=\"https:\/\/vimeo.com\/directout\/maven-a-broadcast\">MAVEN.A - Teaser Video<\/a><\/strong><\/p>\n<h3><strong>Module - IO<\/strong><\/h3>\n<p>MAVEN.A verf\u00fcgt \u00fcber <a href=\"https:\/\/www.directout.eu\/wp-content\/uploads\/2024\/06\/slot_abc_modules.gif\">einen A Steckplatz und zwei C Steckpl\u00e4tze<\/a>:<\/p>\n<ul>\n<li>A Steckplatz - Audio Netzwerk, multi-port MADI oder USB - bis zu 256 Kan\u00e4le<\/li>\n<li>C Steckplatz - Konverter (mic\/line, AD\/DA) und AES3 - 8 Kan\u00e4le pro Modul<\/li>\n<\/ul>\n<p>Zwei SFP Einsch\u00fcbe k\u00f6nnen mit unterschiedlichen Transceivern best\u00fcckt werden, und erweitern so die Anbindung um zwei MADI Ports mit jeweils 64 Kan\u00e4len.<\/p>\n<h3><strong>Multi Format<\/strong><\/h3>\n<ul>\n<li style=\"list-style-type: none;\">\n<ul>\n<li>RAVENNA \/ AES67<\/li>\n<li>Dante<\/li>\n<li>AVB \/ MILAN<\/li>\n<li>SoundGrid<\/li>\n<li>MADI - single-port, multi-port<\/li>\n<li>Analog<\/li>\n<li>AES3<\/li>\n<li>USB<\/li>\n<\/ul>\n<\/li>\n<\/ul>\n<h3><strong>DSP<\/strong><\/h3>\n<p>64 Flex Channels bieten Signalbearbeitung mit Plugins von hervorragender Qualit\u00e4t:<\/p>\n<ul>\n<li>16 FIR Filter mit w\u00e4hlbaren Filtertypen plus einem 'Custom Filter'<\/li>\n<li>64 IIR Filter mit sechs Instanzen w\u00e4hlbarer Filtertypen<\/li>\n<li>64 Dynamics mit vier verschiedenen Konfigurationen<\/li>\n<li>64 Delays von bis zu 65534 Samples (= 1365 Millisekunden @ 48 kHz)<\/li>\n<\/ul>\n<p>64 x 64 Matrix Mixer - Mischen von 64 frei zuweisbaren Quellen auf 64 Busse.<\/p>\n<p>64 Summierbusse - jeder Bus kann eine beliebige Anzahl von Signalquellen summieren.<\/p>\n<p>AutoMix - automatisiertes Mischen verschiedener Audiosignale in bis zu 16 AutoMix-Gruppen zur Verbesserung von Sprachverst\u00e4ndlichkeit oder zur Reduzierung von Rauschen.<\/p>\n<p class=\"translation-block\">DSP <a href=\"https:\/\/www.directout.eu\/de\/products\/licenses\/\" target=\"_self\">Lizenzen<\/a> sind in Paketen mit kleineren Einheiten erh\u00e4ltlich, zur Unterteilung der Gesamtkapazit\u00e4t.<\/p>\n<h3><strong>Nahtlose Verbindung &amp; Redundanz<\/strong><\/h3>\n<p>Die bidirektionale Abtastratenwandlung (HD SRC oder FastSRC)* verbindet \u00fcber Taktgrenzen hinweg.<\/p>\n<p>32 Input Manager, zur automatischen Signalumschaltung zwischen bis zu sechs physischen Eing\u00e4ngen.<\/p>\n<p>EARS\u2122 (Enhanced Automatic Redundancy Switching) f\u00fcr die automatische Failover-Umschaltung eines gesamten Eingangsports auf einen Backup-Port.<\/p>\n<p><a href=\"https:\/\/www.directout.eu\/de\/products\/licenses\/\">Verf\u00fcgbare Lizenzen<\/a>: FastSRC, Input Managers, EARS<\/p>\n<h3><strong>Loudness Metering<\/strong><\/h3>\n<p>Loudness Metering - 8 zuweisbare Signale zur Lautheitsmessung **<\/p>\n<h3><strong>Management<\/strong><\/h3>\n<p>Globcon control verwaltet alle DirectOut Ger\u00e4te \u00fcber Netzwerk - sowohl auf Mac oder PC.<br \/>\nEin Touchdisplay auf dem Frontpanel bietet eine schnelle \u00dcbersicht und Steuerung von wesentlichen  Grundfunktionen.<br \/>\nUnterst\u00fctzung weiterer Steuerprotokolle (Ember+, OSC, SNMP, JSON-API, Lawo HOME) sind als Optionen verf\u00fcgbar.<\/p>\n<p><a href=\"https:\/\/www.directout.eu\/de\/products\/licenses\/\">Verf\u00fcgbare Lizenzen<\/a>: Ember+, SNMP, OSC, Lawo HOME, Automator<\/p>\n<p>&nbsp;<\/p>\n<p>* FastSRC arbeitet im Mainframe, HD SRC ist nur auf entsprechenden Hardware-Modulen verf\u00fcgbar (XX.SRC.IO).<\/p>\n<p class=\"translation-block\">** Pr\u00fcfen Sie die <a href=\"https:\/\/www.directout.eu\/de\/download\/changelog-maven-a\/?wpdmdl=15982\" target=\"_self\">Versionshinweise<\/a>.<\/p>","protected":false},"excerpt":{"rendered":"<p>MAVEN.A is smart audio platform with modular IOs and audio signal processing.<\/p>","protected":false},"featured_media":14735,"comment_status":"open","ping_status":"closed","template":"","meta":{"_acf_changed":false,"_monsterinsights_skip_tracking":false,"_monsterinsights_sitenote_active":false,"_monsterinsights_sitenote_note":"","_monsterinsights_sitenote_category":0},"product_brand":[],"product_cat":[21],"product_tag":[247],"class_list":{"0":"post-14734","1":"product","2":"type-product","3":"status-publish","4":"has-post-thumbnail","6":"product_cat-uncategorized","7":"product_tag-audio-platforms","8":"product_function-automatic-switching","9":"product_function-conversion","10":"product_function-dsp","11":"product_function-monitoring","12":"product_function-redundancy","13":"product_function-routing","14":"product_function-sample-rate-conversion","15":"product_function-signal-generating","16":"product_function-signal-refreshing-clocking","17":"vertical_markets-ember","18":"vertical_markets-gpio","19":"vertical_markets-nmos","20":"vertical_markets-osc","21":"vertical_markets-st-2022-7","22":"vertical_markets-sync-video","23":"vertical_markets-sync-wck","24":"audio_formats-all_audio","25":"post-wrapper","27":"first","28":"instock","29":"shipping-taxable","30":"product-type-simple"},"acf":[],"yoast_head":"<!-- This site is optimized with the Yoast SEO plugin v27.1.1 - https:\/\/yoast.com\/product\/yoast-seo-wordpress\/ -->\n<title>MAVEN.A - Smart Audio Platform<\/title>\n<meta name=\"description\" content=\"Smart audio platform with modular IOs and audio signal processing.\" \/>\n<meta name=\"robots\" content=\"index, follow, max-snippet:-1, max-image-preview:large, max-video-preview:-1\" \/>\n<link rel=\"canonical\" href=\"https:\/\/www.directout.eu\/de\/produkt\/maven-a\/\" \/>\n<meta property=\"og:locale\" content=\"de_DE\" \/>\n<meta property=\"og:type\" content=\"article\" \/>\n<meta property=\"og:title\" content=\"MAVEN.A - Smart Audio Platform\" \/>\n<meta property=\"og:description\" content=\"Smart audio platform with modular IOs and audio signal processing.\" \/>\n<meta property=\"og:url\" content=\"https:\/\/www.directout.eu\/de\/produkt\/maven-a\/\" \/>\n<meta property=\"og:site_name\" content=\"DirectOut\" \/>\n<meta property=\"article:modified_time\" content=\"2026-03-09T15:01:36+00:00\" \/>\n<meta property=\"og:image\" content=\"https:\/\/www.directout.eu\/wp-content\/uploads\/2024\/06\/1he-maven-a-01.jpg\" \/>\n\t<meta property=\"og:image:width\" content=\"1920\" \/>\n\t<meta property=\"og:image:height\" content=\"1080\" \/>\n\t<meta property=\"og:image:type\" content=\"image\/jpeg\" \/>\n<meta name=\"twitter:card\" content=\"summary_large_image\" \/>\n<meta name=\"twitter:label1\" content=\"Gesch\u00e4tzte Lesezeit\" \/>\n\t<meta name=\"twitter:data1\" content=\"2\u00a0Minuten\" \/>\n<script type=\"application\/ld+json\" class=\"yoast-schema-graph\">{\"@context\":\"https:\/\/schema.org\",\"@graph\":[{\"@type\":\"WebPage\",\"@id\":\"https:\/\/www.directout.eu\/product\/maven-a\/\",\"url\":\"https:\/\/www.directout.eu\/product\/maven-a\/\",\"name\":\"MAVEN.A - Smart Audio Platform\",\"isPartOf\":{\"@id\":\"https:\/\/www.directout.eu\/de\/#website\"},\"primaryImageOfPage\":{\"@id\":\"https:\/\/www.directout.eu\/product\/maven-a\/#primaryimage\"},\"image\":{\"@id\":\"https:\/\/www.directout.eu\/product\/maven-a\/#primaryimage\"},\"thumbnailUrl\":\"https:\/\/www.directout.eu\/wp-content\/uploads\/2024\/06\/1he-maven-a-01.jpg\",\"datePublished\":\"2024-06-12T14:44:04+00:00\",\"dateModified\":\"2026-03-09T15:01:36+00:00\",\"description\":\"Smart audio platform with modular IOs and audio signal processing.\",\"breadcrumb\":{\"@id\":\"https:\/\/www.directout.eu\/product\/maven-a\/#breadcrumb\"},\"inLanguage\":\"de\",\"potentialAction\":[{\"@type\":\"ReadAction\",\"target\":[\"https:\/\/www.directout.eu\/product\/maven-a\/\"]}]},{\"@type\":\"ImageObject\",\"inLanguage\":\"de\",\"@id\":\"https:\/\/www.directout.eu\/product\/maven-a\/#primaryimage\",\"url\":\"https:\/\/www.directout.eu\/wp-content\/uploads\/2024\/06\/1he-maven-a-01.jpg\",\"contentUrl\":\"https:\/\/www.directout.eu\/wp-content\/uploads\/2024\/06\/1he-maven-a-01.jpg\",\"width\":1920,\"height\":1080,\"caption\":\"DirectOut MAVEN.A - Smart audio platform\"},{\"@type\":\"BreadcrumbList\",\"@id\":\"https:\/\/www.directout.eu\/product\/maven-a\/#breadcrumb\",\"itemListElement\":[{\"@type\":\"ListItem\",\"position\":1,\"name\":\"Home\",\"item\":\"https:\/\/www.directout.eu\/\"},{\"@type\":\"ListItem\",\"position\":2,\"name\":\"Audio Solutions\",\"item\":\"https:\/\/www.directout.eu\/products\/\"},{\"@type\":\"ListItem\",\"position\":3,\"name\":\"MAVEN.A\"}]},{\"@type\":\"WebSite\",\"@id\":\"https:\/\/www.directout.eu\/de\/#website\",\"url\":\"https:\/\/www.directout.eu\/de\/\",\"name\":\"DirectOut\",\"description\":\"Technologies\",\"potentialAction\":[{\"@type\":\"SearchAction\",\"target\":{\"@type\":\"EntryPoint\",\"urlTemplate\":\"https:\/\/www.directout.eu\/de\/?s={search_term_string}\"},\"query-input\":{\"@type\":\"PropertyValueSpecification\",\"valueRequired\":true,\"valueName\":\"search_term_string\"}}],\"inLanguage\":\"de\"}]}<\/script>\n<!-- \/ Yoast SEO plugin. -->","yoast_head_json":{"title":"MAVEN.A - Smart Audio Platform","description":"Smart audio platform with modular IOs and audio signal processing.","robots":{"index":"index","follow":"follow","max-snippet":"max-snippet:-1","max-image-preview":"max-image-preview:large","max-video-preview":"max-video-preview:-1"},"canonical":"https:\/\/www.directout.eu\/de\/produkt\/maven-a\/","og_locale":"de_DE","og_type":"article","og_title":"MAVEN.A - Smart Audio Platform","og_description":"Smart audio platform with modular IOs and audio signal processing.","og_url":"https:\/\/www.directout.eu\/de\/produkt\/maven-a\/","og_site_name":"DirectOut","article_modified_time":"2026-03-09T15:01:36+00:00","og_image":[{"width":1920,"height":1080,"url":"https:\/\/www.directout.eu\/wp-content\/uploads\/2024\/06\/1he-maven-a-01.jpg","type":"image\/jpeg"}],"twitter_card":"summary_large_image","twitter_misc":{"Gesch\u00e4tzte Lesezeit":"2\u00a0Minuten"},"schema":{"@context":"https:\/\/schema.org","@graph":[{"@type":"WebPage","@id":"https:\/\/www.directout.eu\/product\/maven-a\/","url":"https:\/\/www.directout.eu\/product\/maven-a\/","name":"MAVEN.A - Smart Audio Platform","isPartOf":{"@id":"https:\/\/www.directout.eu\/de\/#website"},"primaryImageOfPage":{"@id":"https:\/\/www.directout.eu\/product\/maven-a\/#primaryimage"},"image":{"@id":"https:\/\/www.directout.eu\/product\/maven-a\/#primaryimage"},"thumbnailUrl":"https:\/\/www.directout.eu\/wp-content\/uploads\/2024\/06\/1he-maven-a-01.jpg","datePublished":"2024-06-12T14:44:04+00:00","dateModified":"2026-03-09T15:01:36+00:00","description":"Smart audio platform with modular IOs and audio signal processing.","breadcrumb":{"@id":"https:\/\/www.directout.eu\/product\/maven-a\/#breadcrumb"},"inLanguage":"de","potentialAction":[{"@type":"ReadAction","target":["https:\/\/www.directout.eu\/product\/maven-a\/"]}]},{"@type":"ImageObject","inLanguage":"de","@id":"https:\/\/www.directout.eu\/product\/maven-a\/#primaryimage","url":"https:\/\/www.directout.eu\/wp-content\/uploads\/2024\/06\/1he-maven-a-01.jpg","contentUrl":"https:\/\/www.directout.eu\/wp-content\/uploads\/2024\/06\/1he-maven-a-01.jpg","width":1920,"height":1080,"caption":"DirectOut MAVEN.A - Smart audio platform"},{"@type":"BreadcrumbList","@id":"https:\/\/www.directout.eu\/product\/maven-a\/#breadcrumb","itemListElement":[{"@type":"ListItem","position":1,"name":"Home","item":"https:\/\/www.directout.eu\/"},{"@type":"ListItem","position":2,"name":"Audio Solutions","item":"https:\/\/www.directout.eu\/products\/"},{"@type":"ListItem","position":3,"name":"MAVEN.A"}]},{"@type":"WebSite","@id":"https:\/\/www.directout.eu\/de\/#website","url":"https:\/\/www.directout.eu\/de\/","name":"DirectOut","description":"Technologies","potentialAction":[{"@type":"SearchAction","target":{"@type":"EntryPoint","urlTemplate":"https:\/\/www.directout.eu\/de\/?s={search_term_string}"},"query-input":{"@type":"PropertyValueSpecification","valueRequired":true,"valueName":"search_term_string"}}],"inLanguage":"de"}]}},"_links":{"self":[{"href":"https:\/\/www.directout.eu\/de\/wp-json\/wp\/v2\/product\/14734","targetHints":{"allow":["GET"]}}],"collection":[{"href":"https:\/\/www.directout.eu\/de\/wp-json\/wp\/v2\/product"}],"about":[{"href":"https:\/\/www.directout.eu\/de\/wp-json\/wp\/v2\/types\/product"}],"replies":[{"embeddable":true,"href":"https:\/\/www.directout.eu\/de\/wp-json\/wp\/v2\/comments?post=14734"}],"wp:featuredmedia":[{"embeddable":true,"href":"https:\/\/www.directout.eu\/de\/wp-json\/wp\/v2\/media\/14735"}],"wp:attachment":[{"href":"https:\/\/www.directout.eu\/de\/wp-json\/wp\/v2\/media?parent=14734"}],"wp:term":[{"taxonomy":"product_brand","embeddable":true,"href":"https:\/\/www.directout.eu\/de\/wp-json\/wp\/v2\/product_brand?post=14734"},{"taxonomy":"product_cat","embeddable":true,"href":"https:\/\/www.directout.eu\/de\/wp-json\/wp\/v2\/product_cat?post=14734"},{"taxonomy":"product_tag","embeddable":true,"href":"https:\/\/www.directout.eu\/de\/wp-json\/wp\/v2\/product_tag?post=14734"}],"curies":[{"name":"wp","href":"https:\/\/api.w.org\/{rel}","templated":true}]}}