
{"id":2646,"date":"2021-09-14T13:05:23","date_gmt":"2021-09-14T13:05:23","guid":{"rendered":"https:\/\/www.directout.eu\/?post_type=product&#038;p=2646"},"modified":"2025-10-27T16:48:06","modified_gmt":"2025-10-27T15:48:06","slug":"exbox-md","status":"publish","type":"product","link":"https:\/\/www.directout.eu\/de\/produkt\/exbox-md\/","title":{"rendered":"EXBOX.MD"},"content":{"rendered":"<p>EXBOX.MD ist ein Dante \/ MADI Konverter, zur Verbindung von Audinates Audio-Netzwerk-Technologie Dante und MADI (AES10). Ausgestattet mit drei MADI Ports und vier Netzwerk Ports bietet sie direkte Konvertierung von 64 Audiokan\u00e4len zwischen MADI und Dante.<\/p>\n<p>Die handliche Gr\u00f6\u00dfe der beliebten <a href=\"\/de\/glossary\/#glossary-exbox-series\" target=\"_blank\" rel=\"noopener\">EXBOX series<\/a> (1\/3 von 19 Zoll), ein robustes Geh\u00e4use mit optionalem 19 Zoll Einbaurahmen und eine redundante Stromversorgung empfehlen die EXBOX.MD als ideale Verbindungseinheit bei Live-Shows, in \u00dcbertragungswagen und auch Studioanwendungen.<\/p>\n<h3>OVERVIEW<\/h3>\n<p>LEDs auf der Vorderseite informieren auf einen Blick \u00fcber Taktung, Abtastrate, Ger\u00e4testatus und Stromversorgung.<\/p>\n<h3>AUDIO STREAMING<\/h3>\n<p>Bis zu 32 Streams mit einer Gesamtzahl von 64 Audiokan\u00e4len werden unterst\u00fctzt. Die aktuelle Dante Firmware mit aktiviertem AES67 Support ist bereits implementiert.<\/p>\n<h3>ALL-ROUND FUNCTIONALITY<\/h3>\n<p>EXBOX.MD bietet ein hohes Ma\u00df an Flexibilit\u00e4t durch die Unterst\u00fctzung dreier MADI Schnittstellen-Standards:<\/p>\n<ul>\n<li>optisch SC (single-mode oder multi-mode)<\/li>\n<li>koaxial (BNC)<\/li>\n<li>SFP<\/li>\n<\/ul>\n<p>Der 'Small Form Factor Pluggable' Port kann mit jedem beliebigen SFP Modul best\u00fcckt werden, welches den Anforderungen gen\u00fcgt.<\/p>\n<h3>FastSRC\u2122<\/h3>\n<p>Der <a href=\"\/de\/glossary\/#glossary-fastsrc\" target=\"_blank\" rel=\"noopener\">FastSRC\u2122<\/a> ist ein Abtastratenwandler mit niedriger Latenz f\u00fcr die Dante-I\/O. Er kann aktiviert werden, um Signale zwischen MADI und Dante I\/O nahtlos zu \u00fcbertragen, wenn beide Quellen nicht synchronisiert sind.<\/p>\n<h3>EARS\u2122<\/h3>\n<p>Enhanced Automatic Redundancy Switching\u2122 ist ein System zur Vermeidung von Unterbrechungen des Ausgangssignals. Es verwendet zur Umschaltung entweder die bew\u00e4hrte <a href=\"\/de\/glossary\/#glossary-blds\" target=\"_blank\" rel=\"noopener\">BLDS\u2122<\/a> Technologie oder das Detektieren eines Pilot Tones. Eine Logik \u00fcberwacht den Zustand des Triggersignals am Audio Netzwerk oder den MADI Eing\u00e4ngen. Im Fehlerfall wird automatisch auf den gew\u00e4hlten Backup-Eingang (Audio Netzwerk oder MADI) umgeschaltet, um ein kontinuierliches Ausgangssignal zu gew\u00e4hrleisten.<\/p>\n<h3>BUILT-IN-SWITCH<\/h3>\n<p>Vier Netzwerk Ports sind mit einem internen Switch verbunden und erlauben so den Einsatz von Dantes Redundanz Modus (Primary  Secondary). Im \u201aswitched mode\u2018 k\u00f6nnen weitere EXBOX.MDs oder andere Dante Ger\u00e4te verbunden werden, um die Anzahl der Kan\u00e4le zu erh\u00f6hen.<\/p>\n<h3>REMOTE CONTROL<\/h3>\n<p>EXBOX.MD wird \u00fcber Audinates Remote Software \u201aDante Controller\u2018 gesteuert und ist bereits \u201aDante Domain Manager Ready\u2018. Ger\u00e4tefunktionen wie die kanalbasierte Routing Matrix, <a href=\"\/de\/glossary\/#glossary-fastsrc\" target=\"_blank\" rel=\"noopener\">FastSRC\u2122<\/a> oder <a href=\"\/de\/glossary\/#glossary-ears\" target=\"_blank\" rel=\"noopener\">EARS\u2122<\/a> k\u00f6nnen \u00fcber globcon oder einen Browser eingestellt werden.<\/p>\n<h3>BETRIEBSSICHERHEIT<\/h3>\n<p>Das Ger\u00e4t kann sowohl \u00fcber zwei externe Stromversorgungen als auch \u00fcber Power over Ethernet (PoE) betrieben werden.<\/p>\n<h3>RACK READY<\/h3>\n<p>Jede EXBOX kann mittels des optionalen BOXMOUNT.XL in ein Standard 19 Zoll-Rack eingebaut werden. Bis zu drei Ger\u00e4te passen so nebeneinander in eine H\u00f6heneinheit.<\/p>","protected":false},"excerpt":{"rendered":"<div class=\"prodInfo\">\n<p>EXBOX.MD ist ein Dante \/ MADI Konverter, zur Verbindung von Audinates Audio-Netzwerk-Technologie Dante und MADI (AES10).<\/p>\n<\/div>","protected":false},"featured_media":3078,"comment_status":"open","ping_status":"closed","template":"","meta":{"_acf_changed":false,"_monsterinsights_skip_tracking":false,"_monsterinsights_sitenote_active":false,"_monsterinsights_sitenote_note":"","_monsterinsights_sitenote_category":0},"product_brand":[],"product_cat":[83],"product_tag":[33],"class_list":{"0":"post-2646","1":"product","2":"type-product","3":"status-publish","4":"has-post-thumbnail","6":"product_cat-devices","7":"product_tag-devices-headline","8":"product_function-automatic-switching","9":"product_function-conversion","10":"product_function-redundancy","11":"product_function-routing","12":"product_function-sample-rate-conversion","13":"vertical_markets-osc","14":"vertical_markets-sync-wck","15":"audio_formats-aes67","16":"audio_formats-dante","17":"audio_formats-madi","18":"post-wrapper","20":"first","21":"instock","22":"shipping-taxable","23":"product-type-simple"},"acf":[],"yoast_head":"<!-- This site is optimized with the Yoast SEO plugin v27.1.1 - https:\/\/yoast.com\/product\/yoast-seo-wordpress\/ -->\n<title>EXBOX.MD - Dante \/ MADI Converter | DirectOut<\/title>\n<meta name=\"description\" content=\"Equipped with three MADI ports and four network ports it offers conversion of 64 audio channels between MADI and Dante.\" \/>\n<meta name=\"robots\" content=\"index, follow, max-snippet:-1, max-image-preview:large, max-video-preview:-1\" \/>\n<link rel=\"canonical\" href=\"https:\/\/www.directout.eu\/de\/produkt\/exbox-md\/\" \/>\n<meta property=\"og:locale\" content=\"de_DE\" \/>\n<meta property=\"og:type\" content=\"article\" \/>\n<meta property=\"og:title\" content=\"EXBOX.MD - Dante \/ MADI Converter | DirectOut\" \/>\n<meta property=\"og:description\" content=\"Equipped with three MADI ports and four network ports it offers conversion of 64 audio channels between MADI and Dante.\" \/>\n<meta property=\"og:url\" content=\"https:\/\/www.directout.eu\/de\/produkt\/exbox-md\/\" \/>\n<meta property=\"og:site_name\" content=\"DirectOut\" \/>\n<meta property=\"article:modified_time\" content=\"2025-10-27T15:48:06+00:00\" \/>\n<meta property=\"og:image\" content=\"https:\/\/www.directout.eu\/wp-content\/uploads\/2021\/10\/box-exbox-md-01.jpg\" \/>\n\t<meta property=\"og:image:width\" content=\"1920\" \/>\n\t<meta property=\"og:image:height\" content=\"1080\" \/>\n\t<meta property=\"og:image:type\" content=\"image\/jpeg\" \/>\n<meta name=\"twitter:card\" content=\"summary_large_image\" \/>\n<meta name=\"twitter:label1\" content=\"Gesch\u00e4tzte Lesezeit\" \/>\n\t<meta name=\"twitter:data1\" content=\"2\u00a0Minuten\" \/>\n<script type=\"application\/ld+json\" class=\"yoast-schema-graph\">{\"@context\":\"https:\/\/schema.org\",\"@graph\":[{\"@type\":\"WebPage\",\"@id\":\"https:\/\/www.directout.eu\/product\/exbox-md\/\",\"url\":\"https:\/\/www.directout.eu\/product\/exbox-md\/\",\"name\":\"EXBOX.MD - Dante \/ MADI Converter | DirectOut\",\"isPartOf\":{\"@id\":\"https:\/\/www.directout.eu\/de\/#website\"},\"primaryImageOfPage\":{\"@id\":\"https:\/\/www.directout.eu\/product\/exbox-md\/#primaryimage\"},\"image\":{\"@id\":\"https:\/\/www.directout.eu\/product\/exbox-md\/#primaryimage\"},\"thumbnailUrl\":\"https:\/\/www.directout.eu\/wp-content\/uploads\/2021\/10\/box-exbox-md-01.jpg\",\"datePublished\":\"2021-09-14T13:05:23+00:00\",\"dateModified\":\"2025-10-27T15:48:06+00:00\",\"description\":\"Equipped with three MADI ports and four network ports it offers conversion of 64 audio channels between MADI and Dante.\",\"breadcrumb\":{\"@id\":\"https:\/\/www.directout.eu\/product\/exbox-md\/#breadcrumb\"},\"inLanguage\":\"de\",\"potentialAction\":[{\"@type\":\"ReadAction\",\"target\":[\"https:\/\/www.directout.eu\/product\/exbox-md\/\"]}]},{\"@type\":\"ImageObject\",\"inLanguage\":\"de\",\"@id\":\"https:\/\/www.directout.eu\/product\/exbox-md\/#primaryimage\",\"url\":\"https:\/\/www.directout.eu\/wp-content\/uploads\/2021\/10\/box-exbox-md-01.jpg\",\"contentUrl\":\"https:\/\/www.directout.eu\/wp-content\/uploads\/2021\/10\/box-exbox-md-01.jpg\",\"width\":1920,\"height\":1080},{\"@type\":\"BreadcrumbList\",\"@id\":\"https:\/\/www.directout.eu\/product\/exbox-md\/#breadcrumb\",\"itemListElement\":[{\"@type\":\"ListItem\",\"position\":1,\"name\":\"Home\",\"item\":\"https:\/\/www.directout.eu\/\"},{\"@type\":\"ListItem\",\"position\":2,\"name\":\"Audio Solutions\",\"item\":\"https:\/\/www.directout.eu\/products\/\"},{\"@type\":\"ListItem\",\"position\":3,\"name\":\"EXBOX.MD\"}]},{\"@type\":\"WebSite\",\"@id\":\"https:\/\/www.directout.eu\/de\/#website\",\"url\":\"https:\/\/www.directout.eu\/de\/\",\"name\":\"DirectOut\",\"description\":\"Technologies\",\"potentialAction\":[{\"@type\":\"SearchAction\",\"target\":{\"@type\":\"EntryPoint\",\"urlTemplate\":\"https:\/\/www.directout.eu\/de\/?s={search_term_string}\"},\"query-input\":{\"@type\":\"PropertyValueSpecification\",\"valueRequired\":true,\"valueName\":\"search_term_string\"}}],\"inLanguage\":\"de\"}]}<\/script>\n<!-- \/ Yoast SEO plugin. -->","yoast_head_json":{"title":"EXBOX.MD - Dante \/ MADI Konverter","description":"Equipped with three MADI ports and four network ports it offers conversion of 64 audio channels between MADI and Dante.","robots":{"index":"index","follow":"follow","max-snippet":"max-snippet:-1","max-image-preview":"max-image-preview:large","max-video-preview":"max-video-preview:-1"},"canonical":"https:\/\/www.directout.eu\/de\/produkt\/exbox-md\/","og_locale":"de_DE","og_type":"article","og_title":"EXBOX.MD - Dante \/ MADI Converter | DirectOut","og_description":"Equipped with three MADI ports and four network ports it offers conversion of 64 audio channels between MADI and Dante.","og_url":"https:\/\/www.directout.eu\/de\/produkt\/exbox-md\/","og_site_name":"DirectOut","article_modified_time":"2025-10-27T15:48:06+00:00","og_image":[{"width":1920,"height":1080,"url":"https:\/\/www.directout.eu\/wp-content\/uploads\/2021\/10\/box-exbox-md-01.jpg","type":"image\/jpeg"}],"twitter_card":"summary_large_image","twitter_misc":{"Gesch\u00e4tzte Lesezeit":"2\u00a0Minuten"},"schema":{"@context":"https:\/\/schema.org","@graph":[{"@type":"WebPage","@id":"https:\/\/www.directout.eu\/product\/exbox-md\/","url":"https:\/\/www.directout.eu\/product\/exbox-md\/","name":"EXBOX.MD - Dante \/ MADI Konverter","isPartOf":{"@id":"https:\/\/www.directout.eu\/de\/#website"},"primaryImageOfPage":{"@id":"https:\/\/www.directout.eu\/product\/exbox-md\/#primaryimage"},"image":{"@id":"https:\/\/www.directout.eu\/product\/exbox-md\/#primaryimage"},"thumbnailUrl":"https:\/\/www.directout.eu\/wp-content\/uploads\/2021\/10\/box-exbox-md-01.jpg","datePublished":"2021-09-14T13:05:23+00:00","dateModified":"2025-10-27T15:48:06+00:00","description":"Equipped with three MADI ports and four network ports it offers conversion of 64 audio channels between MADI and Dante.","breadcrumb":{"@id":"https:\/\/www.directout.eu\/product\/exbox-md\/#breadcrumb"},"inLanguage":"de","potentialAction":[{"@type":"ReadAction","target":["https:\/\/www.directout.eu\/product\/exbox-md\/"]}]},{"@type":"ImageObject","inLanguage":"de","@id":"https:\/\/www.directout.eu\/product\/exbox-md\/#primaryimage","url":"https:\/\/www.directout.eu\/wp-content\/uploads\/2021\/10\/box-exbox-md-01.jpg","contentUrl":"https:\/\/www.directout.eu\/wp-content\/uploads\/2021\/10\/box-exbox-md-01.jpg","width":1920,"height":1080},{"@type":"BreadcrumbList","@id":"https:\/\/www.directout.eu\/product\/exbox-md\/#breadcrumb","itemListElement":[{"@type":"ListItem","position":1,"name":"Home","item":"https:\/\/www.directout.eu\/"},{"@type":"ListItem","position":2,"name":"Audio Solutions","item":"https:\/\/www.directout.eu\/products\/"},{"@type":"ListItem","position":3,"name":"EXBOX.MD"}]},{"@type":"WebSite","@id":"https:\/\/www.directout.eu\/de\/#website","url":"https:\/\/www.directout.eu\/de\/","name":"DirectOut","description":"Technologies","potentialAction":[{"@type":"SearchAction","target":{"@type":"EntryPoint","urlTemplate":"https:\/\/www.directout.eu\/de\/?s={search_term_string}"},"query-input":{"@type":"PropertyValueSpecification","valueRequired":true,"valueName":"search_term_string"}}],"inLanguage":"de"}]}},"_links":{"self":[{"href":"https:\/\/www.directout.eu\/de\/wp-json\/wp\/v2\/product\/2646","targetHints":{"allow":["GET"]}}],"collection":[{"href":"https:\/\/www.directout.eu\/de\/wp-json\/wp\/v2\/product"}],"about":[{"href":"https:\/\/www.directout.eu\/de\/wp-json\/wp\/v2\/types\/product"}],"replies":[{"embeddable":true,"href":"https:\/\/www.directout.eu\/de\/wp-json\/wp\/v2\/comments?post=2646"}],"wp:featuredmedia":[{"embeddable":true,"href":"https:\/\/www.directout.eu\/de\/wp-json\/wp\/v2\/media\/3078"}],"wp:attachment":[{"href":"https:\/\/www.directout.eu\/de\/wp-json\/wp\/v2\/media?parent=2646"}],"wp:term":[{"taxonomy":"product_brand","embeddable":true,"href":"https:\/\/www.directout.eu\/de\/wp-json\/wp\/v2\/product_brand?post=2646"},{"taxonomy":"product_cat","embeddable":true,"href":"https:\/\/www.directout.eu\/de\/wp-json\/wp\/v2\/product_cat?post=2646"},{"taxonomy":"product_tag","embeddable":true,"href":"https:\/\/www.directout.eu\/de\/wp-json\/wp\/v2\/product_tag?post=2646"}],"curies":[{"name":"wp","href":"https:\/\/api.w.org\/{rel}","templated":true}]}}