
{"id":2649,"date":"2021-09-14T13:06:08","date_gmt":"2021-09-14T13:06:08","guid":{"rendered":"https:\/\/www.directout.eu\/?post_type=product&#038;p=2649"},"modified":"2025-10-17T16:08:45","modified_gmt":"2025-10-17T14:08:45","slug":"exbox-rav","status":"publish","type":"product","link":"https:\/\/www.directout.eu\/de\/produkt\/exbox-rav\/","title":{"rendered":"EXBOX.RAV"},"content":{"rendered":"<p>EXBOX.RAV ist ein Konverter f\u00fcr Signalverbindungen zwischen Audio-over-IP und MADI, basierend auf DirectOuts bew\u00e4hrter RAVENNA (AES67\/ST 2110-30 \/ -31) Implementierung. Zur Ger\u00e4teidentifizierung, Streamerkennung und Verbindungsmanagement im Netzwerk wird\u00a0<a title=\"NMOS\" href=\"https:\/\/www.amwa.tv\/nmos\" target=\"_blank\" rel=\"noopener\" data-htmlarea-external=\"1\">NMOS<\/a>\u00a0unterst\u00fctzt.<\/p>\n<p>Ein interner Switch mit vier Gigabit Ports und PoE, plus drei MADI Ports in den Formaten BNC, SC und SFP bieten bidirektionale Wandlung und Routing von 64 Audiokan\u00e4len, mit integrierter Abtastratenwandlung (<a href=\"\/de\/glossary\/#glossary-fastsrc\" target=\"_blank\" rel=\"noopener\">FastSRC\u2122<\/a>) und automatischer Redundanzumschaltung (<a href=\"\/de\/glossary\/#glossary-ears\" target=\"_blank\" rel=\"noopener\">EARS\u2122<\/a>).<\/p>\n<p>Die handliche Gr\u00f6\u00dfe der beliebten EXBOX Serie (1\/3 von 19 Zoll), ein robustes Geh\u00e4use mit optionalem 19 Zoll Einbaurahmen und eine redundante Stromversorgung machen die EXBOX.RAV zu einer kompakten und preiswerten L\u00f6sung, um von herk\u00f6mmlichen Audioschnittstellen nach IP zu migrieren.<\/p>\n<p class=\"translation-block\">EXBOX.RAV ist erfolgreicher Teilnehmer des <a href=\"https:\/\/www.jt-nm.org\/jt-nm-tested\" target=\"_blank\" rel=\"noopener\">JT-NM Tested Programms<\/a> und im gleichnamigen <a href=\"https:\/\/static.jt-nm.org\/documents\/JT-NM_Tested_Catalog_ST2110_Full-Online-2022-08.pdf\" target=\"_blank\" rel=\"noopener\">Katalog<\/a> als Ger\u00e4t gelistet, das den SMPTE 2110-Standards entspricht.<\/p>\n<h3><b>Audio Streaming<\/b><\/h3>\n<p>Bis zu 32 Streams mit einer Gesamtzahl von 64 Audiokan\u00e4len werden unterst\u00fctzt. Das Ger\u00e4t erf\u00fcllt die Spezifikationen von AES67, ST 2110-30 \/ -31, und unterst\u00fctzt alle ST 2022-7 Klassen.<\/p>\n<h3><b>All-Round<\/b><\/h3>\n<p>EXBOX.RAV bietet ein hohes Ma\u00df an Flexibilit\u00e4t durch die Unterst\u00fctzung dreier MADI Schnittstellen-Standards:<\/p>\n<ul>\n<li>optisch SC (single-mode oder multi-mode)<\/li>\n<li>koaxial (BNC)<\/li>\n<li>SFP<\/li>\n<\/ul>\n<p>Der 'Small Form Factor Pluggable' Port kann mit jedem beliebigen SFP Modul best\u00fcckt werden, welches den Anforderungen gen\u00fcgt.<\/p>\n<h3><b>FastSRC\u2122<\/b><\/h3>\n<p>Der <a href=\"\/de\/glossary\/#glossary-fastsrc\" target=\"_blank\" rel=\"noopener\">FastSRC\u2122<\/a> ist ein Abtastratenwandler mit niedriger Latenz f\u00fcr die Audio-Netzwerk-Schnittstelle. Er kann aktiviert werden, um Signale zwischen MADI und RAVENNA I\/O nahtlos zu \u00fcbertragen, wenn beide Quellen nicht synchronisiert sind.<\/p>\n<h3><b>EARS\u2122<\/b><\/h3>\n<p class=\"translation-block\">Enhanced Automatic Redundancy Switching\u2122 ist ein System zur Vermeidung von Unterbrechungen des Ausgangssignals. Es verwendet zur Umschaltung entweder die bew\u00e4hrte BLDS\u2122 Technologie oder das Detektieren eines Pilottones. Eine Logik \u00fcberwacht den Zustand des Triggersignals am Audio Netzwerk Eingang. Im Fehlerfall wird automatisch auf den Backup-Eingang (Audio Netzwerk oder MADI) umgeschaltet, um ein kontinuierliches Ausgangssignal zu gew\u00e4hrleisten.<\/p>\n<h3><b>Integrierter Switch<\/b><\/h3>\n<p>Zwei voneinander unabh\u00e4ngige NICs k\u00f6nnen mit den vier Netzwerkports des integrierten Switches verbunden werden, um redundantes Audiostreaming entsprechend ST 2022-7 zu unterst\u00fctzen.<\/p>\n<h3><b>Fernsteuerung<\/b><\/h3>\n<p>Die Steuerung von Ger\u00e4tefunktionen \u2013 der kanalbasierten Routing Matrix, Konfiguration von <a href=\"\/de\/glossary\/#glossary-fastsrc\" target=\"_blank\" rel=\"noopener\">FastSRC\u2122<\/a> oder<a href=\"\/de\/glossary\/#glossary-ears\" target=\"_blank\" rel=\"noopener\"> EARS\u2122<\/a> \u2013 erfolgt \u00fcber\u00a0<a title=\"globcon\" href=\"https:\/\/www.directout.eu\/de\/produkt\/globcon-2\/\" target=\"_top\" rel=\"noopener\" data-htmlarea-external=\"1\">globcon<\/a>\u00a0oder ein Browser-Interface. Zur Ger\u00e4teidentifizierung, Streamerkennung und f\u00fcr Verbindungsmanagement werden die NMOS Standards IS-04 und IS-05 unterst\u00fctzt.<\/p>\n<h3><b>Betriebssicherheit<\/b><\/h3>\n<p>Das Ger\u00e4t kann sowohl \u00fcber zwei externe Stromversorgungen als auch \u00fcber Power over Ethernet (PoE) betrieben werden.<\/p>\n<h3><b>Rack-Ready<\/b><\/h3>\n<p>Jede EXBOX kann mittels des optionalen BOXMOUNT.XL in ein Standard 19 Zoll-Rack eingebaut werden. Bis zu drei Ger\u00e4te passen so nebeneinander in eine H\u00f6heneinheit.<\/p>\n<p><a href=\"https:\/\/www.ravenna-network.com\" target=\"_blank\" rel=\"noopener\">Knowledge source about RAVENNA\u00a0<\/a><\/p>","protected":false},"excerpt":{"rendered":"<p>EXBOX.RAV ist ein Konverter f\u00fcr Signalverbindungen zwischen Audio-over-IP und MADI, basierend auf DirectOuts bew\u00e4hrter RAVENNA (AES67\/ST 2110-30 \/ -31) Implementierung.<\/p>","protected":false},"featured_media":3082,"comment_status":"open","ping_status":"closed","template":"","meta":{"_acf_changed":false,"_monsterinsights_skip_tracking":false,"_monsterinsights_sitenote_active":false,"_monsterinsights_sitenote_note":"","_monsterinsights_sitenote_category":0},"product_brand":[],"product_cat":[83],"product_tag":[33],"class_list":{"0":"post-2649","1":"product","2":"type-product","3":"status-publish","4":"has-post-thumbnail","6":"product_cat-devices","7":"product_tag-devices-headline","8":"product_function-automatic-switching","9":"product_function-conversion","10":"product_function-redundancy","11":"product_function-routing","12":"product_function-sample-rate-conversion","13":"vertical_markets-nmos","14":"vertical_markets-osc","15":"vertical_markets-st-2022-7","16":"vertical_markets-sync-wck","17":"audio_formats-aes67","18":"audio_formats-madi","19":"audio_formats-ravenna","20":"audio_formats-smpte-st-2110-30-31","21":"post-wrapper","23":"first","24":"instock","25":"shipping-taxable","26":"product-type-simple"},"acf":[],"yoast_head":"<!-- This site is optimized with the Yoast SEO plugin v27.1.1 - https:\/\/yoast.com\/product\/yoast-seo-wordpress\/ -->\n<title>EXBOX.RAV | Audio over IP to MADI Converter<\/title>\n<meta name=\"description\" content=\"EXBOX.RAV is an Audio-over-IP to MADI Converter running on RAVENNA for Bidirectional Conversion &amp; Channel Routing.\" \/>\n<meta name=\"robots\" content=\"index, follow, max-snippet:-1, max-image-preview:large, max-video-preview:-1\" \/>\n<link rel=\"canonical\" href=\"https:\/\/www.directout.eu\/de\/produkt\/exbox-rav\/\" \/>\n<meta property=\"og:locale\" content=\"de_DE\" \/>\n<meta property=\"og:type\" content=\"article\" \/>\n<meta property=\"og:title\" content=\"EXBOX.RAV | Audio over IP to MADI Converter\" \/>\n<meta property=\"og:description\" content=\"EXBOX.RAV is an Audio-over-IP to MADI Converter running on RAVENNA for Bidirectional Conversion &amp; Channel Routing.\" \/>\n<meta property=\"og:url\" content=\"https:\/\/www.directout.eu\/de\/produkt\/exbox-rav\/\" \/>\n<meta property=\"og:site_name\" content=\"DirectOut\" \/>\n<meta property=\"article:modified_time\" content=\"2025-10-17T14:08:45+00:00\" \/>\n<meta property=\"og:image\" content=\"https:\/\/www.directout.eu\/wp-content\/uploads\/2021\/10\/box-exbox-rav-01.jpg\" \/>\n\t<meta property=\"og:image:width\" content=\"1920\" \/>\n\t<meta property=\"og:image:height\" content=\"1080\" \/>\n\t<meta property=\"og:image:type\" content=\"image\/jpeg\" \/>\n<meta name=\"twitter:card\" content=\"summary_large_image\" \/>\n<meta name=\"twitter:label1\" content=\"Gesch\u00e4tzte Lesezeit\" \/>\n\t<meta name=\"twitter:data1\" content=\"2\u00a0Minuten\" \/>\n<script type=\"application\/ld+json\" class=\"yoast-schema-graph\">{\"@context\":\"https:\/\/schema.org\",\"@graph\":[{\"@type\":\"WebPage\",\"@id\":\"https:\/\/www.directout.eu\/product\/exbox-rav\/\",\"url\":\"https:\/\/www.directout.eu\/product\/exbox-rav\/\",\"name\":\"EXBOX.RAV | Audio over IP to MADI Converter\",\"isPartOf\":{\"@id\":\"https:\/\/www.directout.eu\/de\/#website\"},\"primaryImageOfPage\":{\"@id\":\"https:\/\/www.directout.eu\/product\/exbox-rav\/#primaryimage\"},\"image\":{\"@id\":\"https:\/\/www.directout.eu\/product\/exbox-rav\/#primaryimage\"},\"thumbnailUrl\":\"https:\/\/www.directout.eu\/wp-content\/uploads\/2021\/10\/box-exbox-rav-01.jpg\",\"datePublished\":\"2021-09-14T13:06:08+00:00\",\"dateModified\":\"2025-10-17T14:08:45+00:00\",\"description\":\"EXBOX.RAV is an Audio-over-IP to MADI Converter running on RAVENNA for Bidirectional Conversion & Channel Routing.\",\"breadcrumb\":{\"@id\":\"https:\/\/www.directout.eu\/product\/exbox-rav\/#breadcrumb\"},\"inLanguage\":\"de\",\"potentialAction\":[{\"@type\":\"ReadAction\",\"target\":[\"https:\/\/www.directout.eu\/product\/exbox-rav\/\"]}]},{\"@type\":\"ImageObject\",\"inLanguage\":\"de\",\"@id\":\"https:\/\/www.directout.eu\/product\/exbox-rav\/#primaryimage\",\"url\":\"https:\/\/www.directout.eu\/wp-content\/uploads\/2021\/10\/box-exbox-rav-01.jpg\",\"contentUrl\":\"https:\/\/www.directout.eu\/wp-content\/uploads\/2021\/10\/box-exbox-rav-01.jpg\",\"width\":1920,\"height\":1080},{\"@type\":\"BreadcrumbList\",\"@id\":\"https:\/\/www.directout.eu\/product\/exbox-rav\/#breadcrumb\",\"itemListElement\":[{\"@type\":\"ListItem\",\"position\":1,\"name\":\"Home\",\"item\":\"https:\/\/www.directout.eu\/\"},{\"@type\":\"ListItem\",\"position\":2,\"name\":\"Audio Solutions\",\"item\":\"https:\/\/www.directout.eu\/products\/\"},{\"@type\":\"ListItem\",\"position\":3,\"name\":\"EXBOX.RAV\"}]},{\"@type\":\"WebSite\",\"@id\":\"https:\/\/www.directout.eu\/de\/#website\",\"url\":\"https:\/\/www.directout.eu\/de\/\",\"name\":\"DirectOut\",\"description\":\"Technologies\",\"potentialAction\":[{\"@type\":\"SearchAction\",\"target\":{\"@type\":\"EntryPoint\",\"urlTemplate\":\"https:\/\/www.directout.eu\/de\/?s={search_term_string}\"},\"query-input\":{\"@type\":\"PropertyValueSpecification\",\"valueRequired\":true,\"valueName\":\"search_term_string\"}}],\"inLanguage\":\"de\"}]}<\/script>\n<!-- \/ Yoast SEO plugin. -->","yoast_head_json":{"title":"EXBOX.RAV | RAVENNA \/ MADI Konverter","description":"RAVENNA (AoIP) \/  MADI Konverter f\u00fcr bidirektionale Konvertierung von 64 Audiokan\u00e4len, WAN ready, NMOS, ST2110-30.","robots":{"index":"index","follow":"follow","max-snippet":"max-snippet:-1","max-image-preview":"max-image-preview:large","max-video-preview":"max-video-preview:-1"},"canonical":"https:\/\/www.directout.eu\/de\/produkt\/exbox-rav\/","og_locale":"de_DE","og_type":"article","og_title":"EXBOX.RAV | Audio over IP to MADI Converter","og_description":"EXBOX.RAV is an Audio-over-IP to MADI Converter running on RAVENNA for Bidirectional Conversion & Channel Routing.","og_url":"https:\/\/www.directout.eu\/de\/produkt\/exbox-rav\/","og_site_name":"DirectOut","article_modified_time":"2025-10-17T14:08:45+00:00","og_image":[{"width":1920,"height":1080,"url":"https:\/\/www.directout.eu\/wp-content\/uploads\/2021\/10\/box-exbox-rav-01.jpg","type":"image\/jpeg"}],"twitter_card":"summary_large_image","twitter_misc":{"Gesch\u00e4tzte Lesezeit":"2\u00a0Minuten"},"schema":{"@context":"https:\/\/schema.org","@graph":[{"@type":"WebPage","@id":"https:\/\/www.directout.eu\/product\/exbox-rav\/","url":"https:\/\/www.directout.eu\/product\/exbox-rav\/","name":"EXBOX.RAV | RAVENNA \/ MADI Konverter","isPartOf":{"@id":"https:\/\/www.directout.eu\/de\/#website"},"primaryImageOfPage":{"@id":"https:\/\/www.directout.eu\/product\/exbox-rav\/#primaryimage"},"image":{"@id":"https:\/\/www.directout.eu\/product\/exbox-rav\/#primaryimage"},"thumbnailUrl":"https:\/\/www.directout.eu\/wp-content\/uploads\/2021\/10\/box-exbox-rav-01.jpg","datePublished":"2021-09-14T13:06:08+00:00","dateModified":"2025-10-17T14:08:45+00:00","description":"RAVENNA (AoIP) \/  MADI Konverter f\u00fcr bidirektionale Konvertierung von 64 Audiokan\u00e4len, WAN ready, NMOS, ST2110-30.","breadcrumb":{"@id":"https:\/\/www.directout.eu\/product\/exbox-rav\/#breadcrumb"},"inLanguage":"de","potentialAction":[{"@type":"ReadAction","target":["https:\/\/www.directout.eu\/product\/exbox-rav\/"]}]},{"@type":"ImageObject","inLanguage":"de","@id":"https:\/\/www.directout.eu\/product\/exbox-rav\/#primaryimage","url":"https:\/\/www.directout.eu\/wp-content\/uploads\/2021\/10\/box-exbox-rav-01.jpg","contentUrl":"https:\/\/www.directout.eu\/wp-content\/uploads\/2021\/10\/box-exbox-rav-01.jpg","width":1920,"height":1080},{"@type":"BreadcrumbList","@id":"https:\/\/www.directout.eu\/product\/exbox-rav\/#breadcrumb","itemListElement":[{"@type":"ListItem","position":1,"name":"Home","item":"https:\/\/www.directout.eu\/"},{"@type":"ListItem","position":2,"name":"Audio Solutions","item":"https:\/\/www.directout.eu\/products\/"},{"@type":"ListItem","position":3,"name":"EXBOX.RAV"}]},{"@type":"WebSite","@id":"https:\/\/www.directout.eu\/de\/#website","url":"https:\/\/www.directout.eu\/de\/","name":"DirectOut","description":"Technologies","potentialAction":[{"@type":"SearchAction","target":{"@type":"EntryPoint","urlTemplate":"https:\/\/www.directout.eu\/de\/?s={search_term_string}"},"query-input":{"@type":"PropertyValueSpecification","valueRequired":true,"valueName":"search_term_string"}}],"inLanguage":"de"}]}},"_links":{"self":[{"href":"https:\/\/www.directout.eu\/de\/wp-json\/wp\/v2\/product\/2649","targetHints":{"allow":["GET"]}}],"collection":[{"href":"https:\/\/www.directout.eu\/de\/wp-json\/wp\/v2\/product"}],"about":[{"href":"https:\/\/www.directout.eu\/de\/wp-json\/wp\/v2\/types\/product"}],"replies":[{"embeddable":true,"href":"https:\/\/www.directout.eu\/de\/wp-json\/wp\/v2\/comments?post=2649"}],"wp:featuredmedia":[{"embeddable":true,"href":"https:\/\/www.directout.eu\/de\/wp-json\/wp\/v2\/media\/3082"}],"wp:attachment":[{"href":"https:\/\/www.directout.eu\/de\/wp-json\/wp\/v2\/media?parent=2649"}],"wp:term":[{"taxonomy":"product_brand","embeddable":true,"href":"https:\/\/www.directout.eu\/de\/wp-json\/wp\/v2\/product_brand?post=2649"},{"taxonomy":"product_cat","embeddable":true,"href":"https:\/\/www.directout.eu\/de\/wp-json\/wp\/v2\/product_cat?post=2649"},{"taxonomy":"product_tag","embeddable":true,"href":"https:\/\/www.directout.eu\/de\/wp-json\/wp\/v2\/product_tag?post=2649"}],"curies":[{"name":"wp","href":"https:\/\/api.w.org\/{rel}","templated":true}]}}