
{"id":2652,"date":"2021-09-14T13:07:46","date_gmt":"2021-09-14T13:07:46","guid":{"rendered":"https:\/\/www.directout.eu\/?post_type=product&#038;p=2652"},"modified":"2025-04-10T10:51:12","modified_gmt":"2025-04-10T08:51:12","slug":"montone-42","status":"publish","type":"product","link":"https:\/\/www.directout.eu\/de\/produkt\/montone-42\/","title":{"rendered":"MONTONE.42"},"content":{"rendered":"<p>MONTONE.42 ist ein Formatkonverter zwischen MADI (AES10) und Audio-over-IP, basierend auf der Audio-Netzwerk-Technologie RAVENNA, und ist konform zu AES67 und SMPTE ST 2110-30 \/ -31.\n\nEntsprechend dem wachsenden Bedarf an netzwerk-basierten \u00dcbertragungen in professionellen Audio Umgebungen bietet der MONTONE.42 eine nahtlose Integration von Netzwerk-Audio in bestehende Infrastrukturen.<br \/>\nAusgestattet mit vier MADI Ports und zwei Gigabit Netzwerk Ports fungiert er als universeller Link in Rundfunk, Live-Sound und Studio Anwendungen. Die Netzwerk Ports unterst\u00fctzen redundantes Audio Streaming nach ST 2022-7.<\/p>\n<p>RAV2 ist erfolgreicher Teilnehmer des\u00a0<a title=\"JT-NM Tested Program\" href=\"http:\/\/jt-nm.org\/jt-nm_tested\/\" target=\"_blank\" rel=\"noopener\" data-htmlarea-external=\"1\">JT-NM Tested Programms<\/a>\u00a0und im gleichnamigen\u00a0<a title=\"JT-NM Tested Katalog\" href=\"https:\/\/static.jt-nm.org\/documents\/JT-NM_Tested_Catalog_ST2110_Full-Online-2022-08.pdf\" target=\"_blank\" rel=\"noopener\" data-htmlarea-external=\"1\">JT-NM Tested Katalog<\/a>\u00a0als Ger\u00e4t gelistet, das den SMPTE 2110-Standards entspricht.<\/p>\n<h3><b>Leistungsstarkes Netzwerk, reibungsloses Zusammenspiel<\/b><\/h3>\n<p>MONTONE.42 verwendet die RAVENNA Netzwerk Technologie. RAVENNA ist eine L\u00f6sung f\u00fcr in Echtzeit laufende Verteilung von Audiosignalen, sowie weiteren Mediendaten innerhalb IP-basierter Netzwerkumgebungen. RAVENNA bietet \u00fcberragende Features in Bezug auf Taktgenauigkeit und Skalierbarkeit.<br \/>\nF\u00fcr ein reibungsloses Zusammenspiel mit anderen AoIP Ger\u00e4ten wird AES67 voll unterst\u00fctzt. AES67 ist ein AES Standard f\u00fcr Interoperabilit\u00e4t in AoIP Umgebungen. MONTONE.42 bietet sowohl ein AES67 Profil f\u00fcr einfache Netzwerk Integration als auch RAVENNA Profile f\u00fcr anspruchsvollere Anwendungen, die hohe \u00dcbertragungsleistung bei minimaler Latenz erfordern.<\/p>\n<h3><b>Taktung<\/b><\/h3>\n<p>W\u00e4hlbare Taktquellen sind Word Clock, MADI-Eingang, Video Referenz, Netzwerk (PTP) oder der interne Taktgenerator. Ein Einsatz als \u201aNetwork-Grandmaster\u2018 ist ebenfalls m\u00f6glich. Die Taktgenauigkeit entspricht den Anforderungen von AES11 \u00fcber das gesamte Netzwerk.<\/p>\n<h3><b>All-Round<\/b><\/h3>\n<p>MONTONE.42 bietet ein hohes Ma\u00df an Flexibilit\u00e4t durch die Unterst\u00fctzung dreier MADI Schnittstellen-Standards:<\/p>\n<ul>\n<li>optisch SC (single-mode oder multi-mode)<\/li>\n<li>koaxial (BNC)<\/li>\n<li>SFP<\/li>\n<\/ul>\n<p>Der 'Small Form Factor Pluggable' Port kann mit jedem beliebigen SFP Modul best\u00fcckt werden, welches den Anforderungen gen\u00fcgt. Die Konfiguration der MADI I\/Os kann bei Bestellung individuell zusammengestellt werden.<\/p>\n<h3><b>Streaming<\/b><\/h3>\n<p>Bis zu 32 Streams mit einer beliebigen Anzahl an Audiokan\u00e4len der MADI Eingangssignale k\u00f6nnen \u00fcber die integrierte Routing Matrix zusammengestellt werden. Weitere 32 Streams k\u00f6nnen abonniert werden und die darin \u00fcbertragenen Audiokan\u00e4le nach MADI gewandelt werden.<br \/>\n256 Kan\u00e4le werden unterst\u00fctzt, auch bei h\u00f6heren Abtastraten (96 kHz).<\/p>\n<h3><b>Fernsteuerung<\/b><\/h3>\n<p>Ein integrierter Webserver bietet Zugriff \u00fcber Netzwerk auf die Konfiguration von Netzwerk Streams, Audio Routing und alle weiteren Ger\u00e4teparameter.<br \/>\nGrundlegende Funktionen sind dar\u00fcber hinaus \u00fcber ein Display an der Ger\u00e4tevorderseite einstellbar.<\/p>\n<h3><b>Zuverl\u00e4ssig<\/b><\/h3>\n<p>Die MADI Eing\u00e4nge k\u00f6nnen jeweils als redundant mit automatischer Umschaltung bei Signalst\u00f6rungen konfiguriert werden.<\/p>\n<h3><b>Betriebssicherheit<\/b><\/h3>\n<p>Zwei phasenredundanter Netzteile mit separaten IEC-Eing\u00e4ngen und Netzschaltern auf der Ger\u00e4tr\u00fcckseite sichern maximale Zuverl\u00e4ssigkeit.<\/p>","protected":false},"excerpt":{"rendered":"<div class=\"prodInfo\">\n<p>MONTONE.42 ist ein Formatkonverter zwischen MADI (AES10) und Audio-over-IP, basierend auf der Audio-Netzwerk-Technologie RAVENNA, und ist konform zu AES67 und SMPTE ST 2110-30 \/ -31.<\/p>\n<\/div>","protected":false},"featured_media":3057,"comment_status":"open","ping_status":"closed","template":"","meta":{"_acf_changed":false,"_monsterinsights_skip_tracking":false,"_monsterinsights_sitenote_active":false,"_monsterinsights_sitenote_note":"","_monsterinsights_sitenote_category":0},"product_brand":[],"product_cat":[83],"product_tag":[33],"class_list":{"0":"post-2652","1":"product","2":"type-product","3":"status-publish","4":"has-post-thumbnail","6":"product_cat-devices","7":"product_tag-devices-headline","8":"product_function-conversion","9":"product_function-routing","10":"vertical_markets-st-2022-7","11":"vertical_markets-sync-video","12":"vertical_markets-sync-wck","13":"audio_formats-aes67","14":"audio_formats-analog-phones","15":"audio_formats-madi","16":"audio_formats-ravenna","17":"audio_formats-smpte-st-2110-30-31","18":"post-wrapper","20":"first","21":"instock","22":"shipping-taxable","23":"product-type-simple"},"acf":[],"yoast_head":"<!-- This site is optimized with the Yoast SEO plugin v27.1.1 - https:\/\/yoast.com\/product\/yoast-seo-wordpress\/ -->\n<title>MONTONE.42 - DirectOut<\/title>\n<meta name=\"robots\" content=\"index, follow, max-snippet:-1, max-image-preview:large, max-video-preview:-1\" \/>\n<link rel=\"canonical\" href=\"https:\/\/www.directout.eu\/de\/produkt\/montone-42\/\" \/>\n<meta property=\"og:locale\" content=\"de_DE\" \/>\n<meta property=\"og:type\" content=\"article\" \/>\n<meta property=\"og:title\" content=\"MONTONE.42 - DirectOut\" \/>\n<meta property=\"og:description\" content=\"MONTONE.42 is a MADI (AES10) to Audio-over-IP bridge based on RAVENNA audio networking technology and supporting AES67 and SMPTE ST 2110-30 \/ -31.\" \/>\n<meta property=\"og:url\" content=\"https:\/\/www.directout.eu\/de\/produkt\/montone-42\/\" \/>\n<meta property=\"og:site_name\" content=\"DirectOut\" \/>\n<meta property=\"article:modified_time\" content=\"2025-04-10T08:51:12+00:00\" \/>\n<meta property=\"og:image\" content=\"https:\/\/www.directout.eu\/wp-content\/uploads\/2021\/10\/1he-montone42-01.jpg\" \/>\n\t<meta property=\"og:image:width\" content=\"1920\" \/>\n\t<meta property=\"og:image:height\" content=\"768\" \/>\n\t<meta property=\"og:image:type\" content=\"image\/jpeg\" \/>\n<meta name=\"twitter:card\" content=\"summary_large_image\" \/>\n<meta name=\"twitter:label1\" content=\"Gesch\u00e4tzte Lesezeit\" \/>\n\t<meta name=\"twitter:data1\" content=\"2\u00a0Minuten\" \/>\n<script type=\"application\/ld+json\" class=\"yoast-schema-graph\">{\"@context\":\"https:\/\/schema.org\",\"@graph\":[{\"@type\":\"WebPage\",\"@id\":\"https:\/\/www.directout.eu\/product\/montone-42\/\",\"url\":\"https:\/\/www.directout.eu\/product\/montone-42\/\",\"name\":\"MONTONE.42 - DirectOut\",\"isPartOf\":{\"@id\":\"https:\/\/www.directout.eu\/de\/#website\"},\"primaryImageOfPage\":{\"@id\":\"https:\/\/www.directout.eu\/product\/montone-42\/#primaryimage\"},\"image\":{\"@id\":\"https:\/\/www.directout.eu\/product\/montone-42\/#primaryimage\"},\"thumbnailUrl\":\"https:\/\/www.directout.eu\/wp-content\/uploads\/2021\/10\/1he-montone42-01.jpg\",\"datePublished\":\"2021-09-14T13:07:46+00:00\",\"dateModified\":\"2025-04-10T08:51:12+00:00\",\"breadcrumb\":{\"@id\":\"https:\/\/www.directout.eu\/product\/montone-42\/#breadcrumb\"},\"inLanguage\":\"de\",\"potentialAction\":[{\"@type\":\"ReadAction\",\"target\":[\"https:\/\/www.directout.eu\/product\/montone-42\/\"]}]},{\"@type\":\"ImageObject\",\"inLanguage\":\"de\",\"@id\":\"https:\/\/www.directout.eu\/product\/montone-42\/#primaryimage\",\"url\":\"https:\/\/www.directout.eu\/wp-content\/uploads\/2021\/10\/1he-montone42-01.jpg\",\"contentUrl\":\"https:\/\/www.directout.eu\/wp-content\/uploads\/2021\/10\/1he-montone42-01.jpg\",\"width\":1920,\"height\":768},{\"@type\":\"BreadcrumbList\",\"@id\":\"https:\/\/www.directout.eu\/product\/montone-42\/#breadcrumb\",\"itemListElement\":[{\"@type\":\"ListItem\",\"position\":1,\"name\":\"Home\",\"item\":\"https:\/\/www.directout.eu\/\"},{\"@type\":\"ListItem\",\"position\":2,\"name\":\"Audio Solutions\",\"item\":\"https:\/\/www.directout.eu\/products\/\"},{\"@type\":\"ListItem\",\"position\":3,\"name\":\"MONTONE.42\"}]},{\"@type\":\"WebSite\",\"@id\":\"https:\/\/www.directout.eu\/de\/#website\",\"url\":\"https:\/\/www.directout.eu\/de\/\",\"name\":\"DirectOut\",\"description\":\"Technologies\",\"potentialAction\":[{\"@type\":\"SearchAction\",\"target\":{\"@type\":\"EntryPoint\",\"urlTemplate\":\"https:\/\/www.directout.eu\/de\/?s={search_term_string}\"},\"query-input\":{\"@type\":\"PropertyValueSpecification\",\"valueRequired\":true,\"valueName\":\"search_term_string\"}}],\"inLanguage\":\"de\"}]}<\/script>\n<!-- \/ Yoast SEO plugin. -->","yoast_head_json":{"title":"MONTONE.42 - DirectOut","robots":{"index":"index","follow":"follow","max-snippet":"max-snippet:-1","max-image-preview":"max-image-preview:large","max-video-preview":"max-video-preview:-1"},"canonical":"https:\/\/www.directout.eu\/de\/produkt\/montone-42\/","og_locale":"de_DE","og_type":"article","og_title":"MONTONE.42 - DirectOut","og_description":"MONTONE.42 is a MADI (AES10) to Audio-over-IP bridge based on RAVENNA audio networking technology and supporting AES67 and SMPTE ST 2110-30 \/ -31.","og_url":"https:\/\/www.directout.eu\/de\/produkt\/montone-42\/","og_site_name":"DirectOut","article_modified_time":"2025-04-10T08:51:12+00:00","og_image":[{"width":1920,"height":768,"url":"https:\/\/www.directout.eu\/wp-content\/uploads\/2021\/10\/1he-montone42-01.jpg","type":"image\/jpeg"}],"twitter_card":"summary_large_image","twitter_misc":{"Gesch\u00e4tzte Lesezeit":"2\u00a0Minuten"},"schema":{"@context":"https:\/\/schema.org","@graph":[{"@type":"WebPage","@id":"https:\/\/www.directout.eu\/product\/montone-42\/","url":"https:\/\/www.directout.eu\/product\/montone-42\/","name":"MONTONE.42 - DirectOut","isPartOf":{"@id":"https:\/\/www.directout.eu\/de\/#website"},"primaryImageOfPage":{"@id":"https:\/\/www.directout.eu\/product\/montone-42\/#primaryimage"},"image":{"@id":"https:\/\/www.directout.eu\/product\/montone-42\/#primaryimage"},"thumbnailUrl":"https:\/\/www.directout.eu\/wp-content\/uploads\/2021\/10\/1he-montone42-01.jpg","datePublished":"2021-09-14T13:07:46+00:00","dateModified":"2025-04-10T08:51:12+00:00","breadcrumb":{"@id":"https:\/\/www.directout.eu\/product\/montone-42\/#breadcrumb"},"inLanguage":"de","potentialAction":[{"@type":"ReadAction","target":["https:\/\/www.directout.eu\/product\/montone-42\/"]}]},{"@type":"ImageObject","inLanguage":"de","@id":"https:\/\/www.directout.eu\/product\/montone-42\/#primaryimage","url":"https:\/\/www.directout.eu\/wp-content\/uploads\/2021\/10\/1he-montone42-01.jpg","contentUrl":"https:\/\/www.directout.eu\/wp-content\/uploads\/2021\/10\/1he-montone42-01.jpg","width":1920,"height":768},{"@type":"BreadcrumbList","@id":"https:\/\/www.directout.eu\/product\/montone-42\/#breadcrumb","itemListElement":[{"@type":"ListItem","position":1,"name":"Home","item":"https:\/\/www.directout.eu\/"},{"@type":"ListItem","position":2,"name":"Audio Solutions","item":"https:\/\/www.directout.eu\/products\/"},{"@type":"ListItem","position":3,"name":"MONTONE.42"}]},{"@type":"WebSite","@id":"https:\/\/www.directout.eu\/de\/#website","url":"https:\/\/www.directout.eu\/de\/","name":"DirectOut","description":"Technologies","potentialAction":[{"@type":"SearchAction","target":{"@type":"EntryPoint","urlTemplate":"https:\/\/www.directout.eu\/de\/?s={search_term_string}"},"query-input":{"@type":"PropertyValueSpecification","valueRequired":true,"valueName":"search_term_string"}}],"inLanguage":"de"}]}},"_links":{"self":[{"href":"https:\/\/www.directout.eu\/de\/wp-json\/wp\/v2\/product\/2652","targetHints":{"allow":["GET"]}}],"collection":[{"href":"https:\/\/www.directout.eu\/de\/wp-json\/wp\/v2\/product"}],"about":[{"href":"https:\/\/www.directout.eu\/de\/wp-json\/wp\/v2\/types\/product"}],"replies":[{"embeddable":true,"href":"https:\/\/www.directout.eu\/de\/wp-json\/wp\/v2\/comments?post=2652"}],"wp:featuredmedia":[{"embeddable":true,"href":"https:\/\/www.directout.eu\/de\/wp-json\/wp\/v2\/media\/3057"}],"wp:attachment":[{"href":"https:\/\/www.directout.eu\/de\/wp-json\/wp\/v2\/media?parent=2652"}],"wp:term":[{"taxonomy":"product_brand","embeddable":true,"href":"https:\/\/www.directout.eu\/de\/wp-json\/wp\/v2\/product_brand?post=2652"},{"taxonomy":"product_cat","embeddable":true,"href":"https:\/\/www.directout.eu\/de\/wp-json\/wp\/v2\/product_cat?post=2652"},{"taxonomy":"product_tag","embeddable":true,"href":"https:\/\/www.directout.eu\/de\/wp-json\/wp\/v2\/product_tag?post=2652"}],"curies":[{"name":"wp","href":"https:\/\/api.w.org\/{rel}","templated":true}]}}