
{"id":2657,"date":"2021-09-14T13:15:05","date_gmt":"2021-09-14T13:15:05","guid":{"rendered":"https:\/\/www.directout.eu\/?post_type=product&#038;p=2657"},"modified":"2025-10-21T10:10:48","modified_gmt":"2025-10-21T08:10:48","slug":"breakout","status":"publish","type":"product","link":"https:\/\/www.directout.eu\/de\/produkt\/breakout\/","title":{"rendered":"BREAKOUT"},"content":{"rendered":"<p>Die BREAKOUT-Serie zur Anschlusserweiterung f\u00fcr die ANDIAMO- und PRODIGY-Serie - von DSUB-25 zu XLR oder BNC.<\/p>\n<p>Die Vorderseite ist mit XLR oder BNC Anschl\u00fcssen ausgestattet, auf der R\u00fcckseite sind DSUB-25 Anschl\u00fcsse untergebracht. Audio Signale werden passiv zwischen Vorder- und R\u00fcckseite \u00fcbertragen.<\/p>\n<p>Kleine Bauform und Einbauwinkel erm\u00f6glichen die Montage im Rack auf der R\u00fcckseite eines ANDIAMOs.<\/p>\n<p>5 Modelle:<\/p>\n<ul>\n<li class=\"translation-block\">BREAKOUT.AN8 - analog Eingang \/ Ausgang, 8 Kan\u00e4le<\/li>\n<li class=\"translation-block\">BREAKOUT.AN16I - analog Eingang, 16 Kan\u00e4le<\/li>\n<li class=\"translation-block\">BREAKOUT.AN16O - analog Ausgang, 16 Kan\u00e4le<\/li>\n<li>BREAKOUT.AES - digital Eingang \/ Ausgang, 8 AES ports (16 Kan\u00e4le)<\/li>\n<li class=\"translation-block\">BREAKOUT.AESid - digital Eingang \/ Ausgang, 16 AESid ports (32 Kan\u00e4le)<\/li>\n<\/ul>","protected":false},"excerpt":{"rendered":"<p>Die BREAKOUT-Serie zur Anschlusserweiterung f\u00fcr die ANDIAMO- und PRODIGY-Serie - von DSUB-25 zu XLR oder BNC.<\/p>","protected":false},"featured_media":3053,"comment_status":"open","ping_status":"closed","template":"","meta":{"_acf_changed":false,"_monsterinsights_skip_tracking":false,"_monsterinsights_sitenote_active":false,"_monsterinsights_sitenote_note":"","_monsterinsights_sitenote_category":0},"product_brand":[],"product_cat":[84],"product_tag":[233],"class_list":{"0":"post-2657","1":"product","2":"type-product","3":"status-publish","4":"has-post-thumbnail","6":"product_cat-services-oem","7":"product_tag-accessories","8":"post-wrapper","10":"first","11":"instock","12":"shipping-taxable","13":"product-type-simple"},"acf":[],"yoast_head":"<!-- This site is optimized with the Yoast SEO plugin v27.1.1 - https:\/\/yoast.com\/product\/yoast-seo-wordpress\/ -->\n<title>BREAKOUT - ANDIAMO Series Breakout Box<\/title>\n<meta name=\"description\" content=\"The BREAKOUT Series is a range of Adaptor Boxes available in different variants to Extend the Coverage of the ANDIAMO Series.\" \/>\n<meta name=\"robots\" content=\"index, follow, max-snippet:-1, max-image-preview:large, max-video-preview:-1\" \/>\n<link rel=\"canonical\" href=\"https:\/\/www.directout.eu\/de\/produkt\/breakout\/\" \/>\n<meta property=\"og:locale\" content=\"de_DE\" \/>\n<meta property=\"og:type\" content=\"article\" \/>\n<meta property=\"og:title\" content=\"BREAKOUT - ANDIAMO Series Breakout Box\" \/>\n<meta property=\"og:description\" content=\"The BREAKOUT Series is a range of Adaptor Boxes available in different variants to Extend the Coverage of the ANDIAMO Series.\" \/>\n<meta property=\"og:url\" content=\"https:\/\/www.directout.eu\/de\/produkt\/breakout\/\" \/>\n<meta property=\"og:site_name\" content=\"DirectOut\" \/>\n<meta property=\"article:modified_time\" content=\"2025-10-21T08:10:48+00:00\" \/>\n<meta property=\"og:image\" content=\"https:\/\/www.directout.eu\/wp-content\/uploads\/2021\/10\/1he-breakout-double.jpg\" \/>\n\t<meta property=\"og:image:width\" content=\"1920\" \/>\n\t<meta property=\"og:image:height\" content=\"1080\" \/>\n\t<meta property=\"og:image:type\" content=\"image\/jpeg\" \/>\n<meta name=\"twitter:card\" content=\"summary_large_image\" \/>\n<meta name=\"twitter:label1\" content=\"Gesch\u00e4tzte Lesezeit\" \/>\n\t<meta name=\"twitter:data1\" content=\"1\u00a0Minute\" \/>\n<script type=\"application\/ld+json\" class=\"yoast-schema-graph\">{\"@context\":\"https:\/\/schema.org\",\"@graph\":[{\"@type\":\"WebPage\",\"@id\":\"https:\/\/www.directout.eu\/product\/breakout\/\",\"url\":\"https:\/\/www.directout.eu\/product\/breakout\/\",\"name\":\"BREAKOUT - ANDIAMO Series Breakout Box\",\"isPartOf\":{\"@id\":\"https:\/\/www.directout.eu\/de\/#website\"},\"primaryImageOfPage\":{\"@id\":\"https:\/\/www.directout.eu\/product\/breakout\/#primaryimage\"},\"image\":{\"@id\":\"https:\/\/www.directout.eu\/product\/breakout\/#primaryimage\"},\"thumbnailUrl\":\"https:\/\/www.directout.eu\/wp-content\/uploads\/2021\/10\/1he-breakout-double.jpg\",\"datePublished\":\"2021-09-14T13:15:05+00:00\",\"dateModified\":\"2025-10-21T08:10:48+00:00\",\"description\":\"The BREAKOUT Series is a range of Adaptor Boxes available in different variants to Extend the Coverage of the ANDIAMO Series.\",\"breadcrumb\":{\"@id\":\"https:\/\/www.directout.eu\/product\/breakout\/#breadcrumb\"},\"inLanguage\":\"de\",\"potentialAction\":[{\"@type\":\"ReadAction\",\"target\":[\"https:\/\/www.directout.eu\/product\/breakout\/\"]}]},{\"@type\":\"ImageObject\",\"inLanguage\":\"de\",\"@id\":\"https:\/\/www.directout.eu\/product\/breakout\/#primaryimage\",\"url\":\"https:\/\/www.directout.eu\/wp-content\/uploads\/2021\/10\/1he-breakout-double.jpg\",\"contentUrl\":\"https:\/\/www.directout.eu\/wp-content\/uploads\/2021\/10\/1he-breakout-double.jpg\",\"width\":1920,\"height\":1080},{\"@type\":\"BreadcrumbList\",\"@id\":\"https:\/\/www.directout.eu\/product\/breakout\/#breadcrumb\",\"itemListElement\":[{\"@type\":\"ListItem\",\"position\":1,\"name\":\"Home\",\"item\":\"https:\/\/www.directout.eu\/\"},{\"@type\":\"ListItem\",\"position\":2,\"name\":\"Audio Solutions\",\"item\":\"https:\/\/www.directout.eu\/products\/\"},{\"@type\":\"ListItem\",\"position\":3,\"name\":\"BREAKOUT\"}]},{\"@type\":\"WebSite\",\"@id\":\"https:\/\/www.directout.eu\/de\/#website\",\"url\":\"https:\/\/www.directout.eu\/de\/\",\"name\":\"DirectOut\",\"description\":\"Technologies\",\"potentialAction\":[{\"@type\":\"SearchAction\",\"target\":{\"@type\":\"EntryPoint\",\"urlTemplate\":\"https:\/\/www.directout.eu\/de\/?s={search_term_string}\"},\"query-input\":{\"@type\":\"PropertyValueSpecification\",\"valueRequired\":true,\"valueName\":\"search_term_string\"}}],\"inLanguage\":\"de\"}]}<\/script>\n<!-- \/ Yoast SEO plugin. -->","yoast_head_json":{"title":"BREAKOUT - Breakout Box, XLR, BNC","description":"Die BREAKOUT-Serie zur Anschlusserweiterung f\u00fcr die ANDIAMO- und PRODIGY-Serie - von DSUB-25 zu XLR oder BNC.","robots":{"index":"index","follow":"follow","max-snippet":"max-snippet:-1","max-image-preview":"max-image-preview:large","max-video-preview":"max-video-preview:-1"},"canonical":"https:\/\/www.directout.eu\/de\/produkt\/breakout\/","og_locale":"de_DE","og_type":"article","og_title":"BREAKOUT - ANDIAMO Series Breakout Box","og_description":"The BREAKOUT Series is a range of Adaptor Boxes available in different variants to Extend the Coverage of the ANDIAMO Series.","og_url":"https:\/\/www.directout.eu\/de\/produkt\/breakout\/","og_site_name":"DirectOut","article_modified_time":"2025-10-21T08:10:48+00:00","og_image":[{"width":1920,"height":1080,"url":"https:\/\/www.directout.eu\/wp-content\/uploads\/2021\/10\/1he-breakout-double.jpg","type":"image\/jpeg"}],"twitter_card":"summary_large_image","twitter_misc":{"Gesch\u00e4tzte Lesezeit":"1\u00a0Minute"},"schema":{"@context":"https:\/\/schema.org","@graph":[{"@type":"WebPage","@id":"https:\/\/www.directout.eu\/product\/breakout\/","url":"https:\/\/www.directout.eu\/product\/breakout\/","name":"BREAKOUT - Breakout Box, XLR, BNC","isPartOf":{"@id":"https:\/\/www.directout.eu\/de\/#website"},"primaryImageOfPage":{"@id":"https:\/\/www.directout.eu\/product\/breakout\/#primaryimage"},"image":{"@id":"https:\/\/www.directout.eu\/product\/breakout\/#primaryimage"},"thumbnailUrl":"https:\/\/www.directout.eu\/wp-content\/uploads\/2021\/10\/1he-breakout-double.jpg","datePublished":"2021-09-14T13:15:05+00:00","dateModified":"2025-10-21T08:10:48+00:00","description":"Die BREAKOUT-Serie zur Anschlusserweiterung f\u00fcr die ANDIAMO- und PRODIGY-Serie - von DSUB-25 zu XLR oder BNC.","breadcrumb":{"@id":"https:\/\/www.directout.eu\/product\/breakout\/#breadcrumb"},"inLanguage":"de","potentialAction":[{"@type":"ReadAction","target":["https:\/\/www.directout.eu\/product\/breakout\/"]}]},{"@type":"ImageObject","inLanguage":"de","@id":"https:\/\/www.directout.eu\/product\/breakout\/#primaryimage","url":"https:\/\/www.directout.eu\/wp-content\/uploads\/2021\/10\/1he-breakout-double.jpg","contentUrl":"https:\/\/www.directout.eu\/wp-content\/uploads\/2021\/10\/1he-breakout-double.jpg","width":1920,"height":1080},{"@type":"BreadcrumbList","@id":"https:\/\/www.directout.eu\/product\/breakout\/#breadcrumb","itemListElement":[{"@type":"ListItem","position":1,"name":"Home","item":"https:\/\/www.directout.eu\/"},{"@type":"ListItem","position":2,"name":"Audio Solutions","item":"https:\/\/www.directout.eu\/products\/"},{"@type":"ListItem","position":3,"name":"BREAKOUT"}]},{"@type":"WebSite","@id":"https:\/\/www.directout.eu\/de\/#website","url":"https:\/\/www.directout.eu\/de\/","name":"DirectOut","description":"Technologies","potentialAction":[{"@type":"SearchAction","target":{"@type":"EntryPoint","urlTemplate":"https:\/\/www.directout.eu\/de\/?s={search_term_string}"},"query-input":{"@type":"PropertyValueSpecification","valueRequired":true,"valueName":"search_term_string"}}],"inLanguage":"de"}]}},"_links":{"self":[{"href":"https:\/\/www.directout.eu\/de\/wp-json\/wp\/v2\/product\/2657","targetHints":{"allow":["GET"]}}],"collection":[{"href":"https:\/\/www.directout.eu\/de\/wp-json\/wp\/v2\/product"}],"about":[{"href":"https:\/\/www.directout.eu\/de\/wp-json\/wp\/v2\/types\/product"}],"replies":[{"embeddable":true,"href":"https:\/\/www.directout.eu\/de\/wp-json\/wp\/v2\/comments?post=2657"}],"wp:featuredmedia":[{"embeddable":true,"href":"https:\/\/www.directout.eu\/de\/wp-json\/wp\/v2\/media\/3053"}],"wp:attachment":[{"href":"https:\/\/www.directout.eu\/de\/wp-json\/wp\/v2\/media?parent=2657"}],"wp:term":[{"taxonomy":"product_brand","embeddable":true,"href":"https:\/\/www.directout.eu\/de\/wp-json\/wp\/v2\/product_brand?post=2657"},{"taxonomy":"product_cat","embeddable":true,"href":"https:\/\/www.directout.eu\/de\/wp-json\/wp\/v2\/product_cat?post=2657"},{"taxonomy":"product_tag","embeddable":true,"href":"https:\/\/www.directout.eu\/de\/wp-json\/wp\/v2\/product_tag?post=2657"}],"curies":[{"name":"wp","href":"https:\/\/api.w.org\/{rel}","templated":true}]}}