
{"id":2659,"date":"2021-09-14T13:20:06","date_gmt":"2021-09-14T13:20:06","guid":{"rendered":"https:\/\/www.directout.eu\/?post_type=product&#038;p=2659"},"modified":"2025-10-17T17:07:10","modified_gmt":"2025-10-17T15:07:10","slug":"rav2","status":"publish","type":"product","link":"https:\/\/www.directout.eu\/de\/produkt\/rav2\/","title":{"rendered":"RAV2 (OEM)"},"content":{"rendered":"<p>Implementieren Sie hohe Leistung und Interoperabilit\u00e4t in Ihre Produkte, alles in einem kompakten Mini-PCI-Formfaktor. Das RAV2-Modul erm\u00f6glicht die einfache Integration des Netzwerkaudio-Formats RAVENNA, vollst\u00e4ndig kompatibel zu AES67 und SMPTE ST 2110-30\/31. Es unterst\u00fctzt Stream-Redundanz in allen ST 2022-7-Klassen.\n\nEs bietet 128 x 128 Audiokan\u00e4le, 32 Netzwerk-Streams und Abtastraten bis zu 192 kHz.<\/p>\n<p>Flexibel und leistungsstark eignet es sich gleicherma\u00dfen f\u00fcr den Betrieb in synchronisierten WAN-Umgebungen (Wide Area Network) mit einer m\u00f6glichen Latenz von mehr als 500 ms oder in lokalen Netzwerken mit einer extrem niedrigen Latenz von bis zu einem Sample pro Paket.<\/p>\n<p>Mit der integrierten PTP Grandmaster-Funktion k\u00f6nnen Sie die Synchronisation Ihres Produkts autark konfigurieren.<\/p>\n<p>NMOS standards IS-04 and IS-05 are supported for stream and device discovery and connection management. IS-04 handles device discovery and registration to support automation in setting up networked systems, while IS-05 covers the connection management between devices to allow creation and removal of flows between senders and receivers on the network.<\/p>\n<p>Das RAV2 bietet den Kunden die Tools, die sie ben\u00f6tigen, und verf\u00fcgt \u00fcber eine anpassbare und skalierbare HTML-GUI mit Anzeige des Netzwerkverkehrs, Auswahl von PTP-Profilen, Jitter-\u00dcberwachung, Stream-\u00dcberwachung und -Konfiguration sowie Passwortschutz.<\/p>\n<p>F\u00fcr jeden Hersteller, der eine umfassende, leistungsstarke und flexible AoIP-L\u00f6sung in seine Produkte implementieren m\u00f6chte, bietet das neue RAV2-Modul alles, was Sie brauchen. \n\nAnfragen richten Sie bitte an:\u00a0<a title=\"RAV2 OEM\" href=\"mailto:oem@directout.eu\">oem@directout.eu<\/a><\/p>\n<p><a href=\"https:\/\/www.ravenna-network.com\" target=\"_blank\" rel=\"noopener\">Knowledge source about RAVENNA\u00a0<\/a><\/p>","protected":false},"excerpt":{"rendered":"<p>Implementieren Sie hohe Leistung und Interoperabilit\u00e4t in Ihre Produkte, alles in einem kompakten Mini-PCI-Formfaktor.<\/p>","protected":false},"featured_media":3447,"comment_status":"open","ping_status":"closed","template":"","meta":{"_acf_changed":false,"_monsterinsights_skip_tracking":false,"_monsterinsights_sitenote_active":false,"_monsterinsights_sitenote_note":"","_monsterinsights_sitenote_category":0},"product_brand":[],"product_cat":[84],"product_tag":[32],"class_list":{"0":"post-2659","1":"product","2":"type-product","3":"status-publish","4":"has-post-thumbnail","6":"product_cat-services-oem","7":"product_tag-modules-headline","8":"vertical_markets-nmos","9":"vertical_markets-st-2022-7","10":"audio_formats-aes67","11":"audio_formats-ravenna","12":"audio_formats-smpte-st-2110-30-31","13":"post-wrapper","15":"first","16":"instock","17":"shipping-taxable","18":"product-type-simple"},"acf":[],"yoast_head":"<!-- This site is optimized with the Yoast SEO plugin v27.1.1 - https:\/\/yoast.com\/product\/yoast-seo-wordpress\/ -->\n<title>RAV2 - Mini-PCI Audio Networking Solution<\/title>\n<meta name=\"description\" content=\"RAV2 allows you to easily integrate RAVENNA, AES67 and SMPTE ST 2110-30\/31 audio with all ST 2022-7 classes supported.\" \/>\n<meta name=\"robots\" content=\"index, follow, max-snippet:-1, max-image-preview:large, max-video-preview:-1\" \/>\n<link rel=\"canonical\" href=\"https:\/\/www.directout.eu\/de\/produkt\/rav2\/\" \/>\n<meta property=\"og:locale\" content=\"de_DE\" \/>\n<meta property=\"og:type\" content=\"article\" \/>\n<meta property=\"og:title\" content=\"RAV2 - Mini-PCI Audio Networking Solution\" \/>\n<meta property=\"og:description\" content=\"RAV2 allows you to easily integrate RAVENNA, AES67 and SMPTE ST 2110-30\/31 audio with all ST 2022-7 classes supported.\" \/>\n<meta property=\"og:url\" content=\"https:\/\/www.directout.eu\/de\/produkt\/rav2\/\" \/>\n<meta property=\"og:site_name\" content=\"DirectOut\" \/>\n<meta property=\"article:modified_time\" content=\"2025-10-17T15:07:10+00:00\" \/>\n<meta property=\"og:image\" content=\"https:\/\/www.directout.eu\/wp-content\/uploads\/2021\/10\/oem-rav2.jpg\" \/>\n\t<meta property=\"og:image:width\" content=\"1920\" \/>\n\t<meta property=\"og:image:height\" content=\"768\" \/>\n\t<meta property=\"og:image:type\" content=\"image\/jpeg\" \/>\n<meta name=\"twitter:card\" content=\"summary_large_image\" \/>\n<meta name=\"twitter:label1\" content=\"Gesch\u00e4tzte Lesezeit\" \/>\n\t<meta name=\"twitter:data1\" content=\"1\u00a0Minute\" \/>\n<script type=\"application\/ld+json\" class=\"yoast-schema-graph\">{\"@context\":\"https:\/\/schema.org\",\"@graph\":[{\"@type\":\"WebPage\",\"@id\":\"https:\/\/www.directout.eu\/product\/rav2\/\",\"url\":\"https:\/\/www.directout.eu\/product\/rav2\/\",\"name\":\"RAV2 - Mini-PCI Audio Networking Solution\",\"isPartOf\":{\"@id\":\"https:\/\/www.directout.eu\/de\/#website\"},\"primaryImageOfPage\":{\"@id\":\"https:\/\/www.directout.eu\/product\/rav2\/#primaryimage\"},\"image\":{\"@id\":\"https:\/\/www.directout.eu\/product\/rav2\/#primaryimage\"},\"thumbnailUrl\":\"https:\/\/www.directout.eu\/wp-content\/uploads\/2021\/10\/oem-rav2.jpg\",\"datePublished\":\"2021-09-14T13:20:06+00:00\",\"dateModified\":\"2025-10-17T15:07:10+00:00\",\"description\":\"RAV2 allows you to easily integrate RAVENNA, AES67 and SMPTE ST 2110-30\/31 audio with all ST 2022-7 classes supported.\",\"breadcrumb\":{\"@id\":\"https:\/\/www.directout.eu\/product\/rav2\/#breadcrumb\"},\"inLanguage\":\"de\",\"potentialAction\":[{\"@type\":\"ReadAction\",\"target\":[\"https:\/\/www.directout.eu\/product\/rav2\/\"]}]},{\"@type\":\"ImageObject\",\"inLanguage\":\"de\",\"@id\":\"https:\/\/www.directout.eu\/product\/rav2\/#primaryimage\",\"url\":\"https:\/\/www.directout.eu\/wp-content\/uploads\/2021\/10\/oem-rav2.jpg\",\"contentUrl\":\"https:\/\/www.directout.eu\/wp-content\/uploads\/2021\/10\/oem-rav2.jpg\",\"width\":1920,\"height\":768},{\"@type\":\"BreadcrumbList\",\"@id\":\"https:\/\/www.directout.eu\/product\/rav2\/#breadcrumb\",\"itemListElement\":[{\"@type\":\"ListItem\",\"position\":1,\"name\":\"Home\",\"item\":\"https:\/\/www.directout.eu\/\"},{\"@type\":\"ListItem\",\"position\":2,\"name\":\"Audio Solutions\",\"item\":\"https:\/\/www.directout.eu\/products\/\"},{\"@type\":\"ListItem\",\"position\":3,\"name\":\"RAV2 (OEM)\"}]},{\"@type\":\"WebSite\",\"@id\":\"https:\/\/www.directout.eu\/de\/#website\",\"url\":\"https:\/\/www.directout.eu\/de\/\",\"name\":\"DirectOut\",\"description\":\"Technologies\",\"potentialAction\":[{\"@type\":\"SearchAction\",\"target\":{\"@type\":\"EntryPoint\",\"urlTemplate\":\"https:\/\/www.directout.eu\/de\/?s={search_term_string}\"},\"query-input\":{\"@type\":\"PropertyValueSpecification\",\"valueRequired\":true,\"valueName\":\"search_term_string\"}}],\"inLanguage\":\"de\"}]}<\/script>\n<!-- \/ Yoast SEO plugin. -->","yoast_head_json":{"title":"RAV2 - Mini-PCI RAVENNA Audio Netzwerk Modul","description":"RAV2, OEM Modul, einfache Integration von RAVENNA, AES67 &amp; SMPTE ST 2110-30\/31, unterst\u00fctzt alle ST 2022-7 Klassen.","robots":{"index":"index","follow":"follow","max-snippet":"max-snippet:-1","max-image-preview":"max-image-preview:large","max-video-preview":"max-video-preview:-1"},"canonical":"https:\/\/www.directout.eu\/de\/produkt\/rav2\/","og_locale":"de_DE","og_type":"article","og_title":"RAV2 - Mini-PCI Audio Networking Solution","og_description":"RAV2 allows you to easily integrate RAVENNA, AES67 and SMPTE ST 2110-30\/31 audio with all ST 2022-7 classes supported.","og_url":"https:\/\/www.directout.eu\/de\/produkt\/rav2\/","og_site_name":"DirectOut","article_modified_time":"2025-10-17T15:07:10+00:00","og_image":[{"width":1920,"height":768,"url":"https:\/\/www.directout.eu\/wp-content\/uploads\/2021\/10\/oem-rav2.jpg","type":"image\/jpeg"}],"twitter_card":"summary_large_image","twitter_misc":{"Gesch\u00e4tzte Lesezeit":"1\u00a0Minute"},"schema":{"@context":"https:\/\/schema.org","@graph":[{"@type":"WebPage","@id":"https:\/\/www.directout.eu\/product\/rav2\/","url":"https:\/\/www.directout.eu\/product\/rav2\/","name":"RAV2 - Mini-PCI RAVENNA Audio Netzwerk Modul","isPartOf":{"@id":"https:\/\/www.directout.eu\/de\/#website"},"primaryImageOfPage":{"@id":"https:\/\/www.directout.eu\/product\/rav2\/#primaryimage"},"image":{"@id":"https:\/\/www.directout.eu\/product\/rav2\/#primaryimage"},"thumbnailUrl":"https:\/\/www.directout.eu\/wp-content\/uploads\/2021\/10\/oem-rav2.jpg","datePublished":"2021-09-14T13:20:06+00:00","dateModified":"2025-10-17T15:07:10+00:00","description":"RAV2, OEM Modul, einfache Integration von RAVENNA, AES67 &amp; SMPTE ST 2110-30\/31, unterst\u00fctzt alle ST 2022-7 Klassen.","breadcrumb":{"@id":"https:\/\/www.directout.eu\/product\/rav2\/#breadcrumb"},"inLanguage":"de","potentialAction":[{"@type":"ReadAction","target":["https:\/\/www.directout.eu\/product\/rav2\/"]}]},{"@type":"ImageObject","inLanguage":"de","@id":"https:\/\/www.directout.eu\/product\/rav2\/#primaryimage","url":"https:\/\/www.directout.eu\/wp-content\/uploads\/2021\/10\/oem-rav2.jpg","contentUrl":"https:\/\/www.directout.eu\/wp-content\/uploads\/2021\/10\/oem-rav2.jpg","width":1920,"height":768},{"@type":"BreadcrumbList","@id":"https:\/\/www.directout.eu\/product\/rav2\/#breadcrumb","itemListElement":[{"@type":"ListItem","position":1,"name":"Home","item":"https:\/\/www.directout.eu\/"},{"@type":"ListItem","position":2,"name":"Audio Solutions","item":"https:\/\/www.directout.eu\/products\/"},{"@type":"ListItem","position":3,"name":"RAV2 (OEM)"}]},{"@type":"WebSite","@id":"https:\/\/www.directout.eu\/de\/#website","url":"https:\/\/www.directout.eu\/de\/","name":"DirectOut","description":"Technologies","potentialAction":[{"@type":"SearchAction","target":{"@type":"EntryPoint","urlTemplate":"https:\/\/www.directout.eu\/de\/?s={search_term_string}"},"query-input":{"@type":"PropertyValueSpecification","valueRequired":true,"valueName":"search_term_string"}}],"inLanguage":"de"}]}},"_links":{"self":[{"href":"https:\/\/www.directout.eu\/de\/wp-json\/wp\/v2\/product\/2659","targetHints":{"allow":["GET"]}}],"collection":[{"href":"https:\/\/www.directout.eu\/de\/wp-json\/wp\/v2\/product"}],"about":[{"href":"https:\/\/www.directout.eu\/de\/wp-json\/wp\/v2\/types\/product"}],"replies":[{"embeddable":true,"href":"https:\/\/www.directout.eu\/de\/wp-json\/wp\/v2\/comments?post=2659"}],"wp:featuredmedia":[{"embeddable":true,"href":"https:\/\/www.directout.eu\/de\/wp-json\/wp\/v2\/media\/3447"}],"wp:attachment":[{"href":"https:\/\/www.directout.eu\/de\/wp-json\/wp\/v2\/media?parent=2659"}],"wp:term":[{"taxonomy":"product_brand","embeddable":true,"href":"https:\/\/www.directout.eu\/de\/wp-json\/wp\/v2\/product_brand?post=2659"},{"taxonomy":"product_cat","embeddable":true,"href":"https:\/\/www.directout.eu\/de\/wp-json\/wp\/v2\/product_cat?post=2659"},{"taxonomy":"product_tag","embeddable":true,"href":"https:\/\/www.directout.eu\/de\/wp-json\/wp\/v2\/product_tag?post=2659"}],"curies":[{"name":"wp","href":"https:\/\/api.w.org\/{rel}","templated":true}]}}