
{"id":3718,"date":"2021-11-26T17:31:22","date_gmt":"2021-11-26T17:31:22","guid":{"rendered":"https:\/\/www.directout.eu\/?post_type=product&#038;p=3718"},"modified":"2026-03-24T12:14:57","modified_gmt":"2026-03-24T11:14:57","slug":"mic8-hd-i","status":"publish","type":"product","link":"https:\/\/www.directout.eu\/de\/produkt\/mic8-hd-i\/","title":{"rendered":"MIC8.HD.I"},"content":{"rendered":"<p>MIC8.HD.I is a converter module for is a converter module for <a href=\"https:\/\/www.directout.eu\/de\/produkt\/prodigy-mc\/\">PRODIGY.MC<\/a>, <a href=\"https:\/\/www.directout.eu\/de\/produkt\/prodigy-mp\/\">PRODIGY.MP<\/a>\u00a0und <a href=\"https:\/\/www.directout.eu\/de\/produkt\/maven-a\/\">MAVEN.A<\/a>.<\/p>\n<p>Eight analog audio input channels are interfaced via a DSUB-25 connector.<br \/>\nThe inputs are balanced and cover signal ranges from mic to line level.<\/p>\n<p>The MIC8.HD.I suits best for superior quality recordings and broadcasting.<br \/>\nDer <a href=\"https:\/\/www.directout.eu\/de\/produkt\/mic8-line-i\/\">MIC8.LINE.I<\/a> applies perfect for live sound or installation scenarios where usual high-quality is required.<\/p>","protected":false},"excerpt":{"rendered":"<p>Analog mic module<\/p>","protected":false},"featured_media":4727,"comment_status":"open","ping_status":"closed","template":"","meta":{"_acf_changed":false,"_monsterinsights_skip_tracking":false,"_monsterinsights_sitenote_active":false,"_monsterinsights_sitenote_note":"","_monsterinsights_sitenote_category":0},"product_brand":[],"product_cat":[85],"product_tag":[106,32],"class_list":{"0":"post-3718","1":"product","2":"type-product","3":"status-publish","4":"has-post-thumbnail","6":"product_cat-modules","7":"product_tag-converter-modules","8":"product_tag-modules-headline","9":"audio_formats-analog-mic","10":"post-wrapper","12":"first","13":"instock","14":"shipping-taxable","15":"product-type-simple"},"acf":[],"yoast_head":"<!-- This site is optimized with the Yoast SEO plugin v27.1.1 - https:\/\/yoast.com\/product\/yoast-seo-wordpress\/ -->\n<title>MIC8.HD.I - Analog Mic to Line Level Converter<\/title>\n<meta name=\"description\" content=\"Eight Analog Audio Input Channels are Interfaced via a DSUB-25 Connector. Mic to Line Module for the PRODIGY Series.\" \/>\n<meta name=\"robots\" content=\"index, follow, max-snippet:-1, max-image-preview:large, max-video-preview:-1\" \/>\n<link rel=\"canonical\" href=\"https:\/\/www.directout.eu\/de\/produkt\/mic8-hd-i\/\" \/>\n<meta property=\"og:locale\" content=\"de_DE\" \/>\n<meta property=\"og:type\" content=\"article\" \/>\n<meta property=\"og:title\" content=\"MIC8.HD.I - Analog Mic to Line Level Converter\" \/>\n<meta property=\"og:description\" content=\"Eight Analog Audio Input Channels are Interfaced via a DSUB-25 Connector. Mic to Line Module for the PRODIGY Series.\" \/>\n<meta property=\"og:url\" content=\"https:\/\/www.directout.eu\/de\/produkt\/mic8-hd-i\/\" \/>\n<meta property=\"og:site_name\" content=\"DirectOut\" \/>\n<meta property=\"article:modified_time\" content=\"2026-03-24T11:14:57+00:00\" \/>\n<meta property=\"og:image\" content=\"https:\/\/www.directout.eu\/wp-content\/uploads\/2021\/11\/m-mic8-hd-i.jpg\" \/>\n\t<meta property=\"og:image:width\" content=\"1920\" \/>\n\t<meta property=\"og:image:height\" content=\"1080\" \/>\n\t<meta property=\"og:image:type\" content=\"image\/jpeg\" \/>\n<meta name=\"twitter:card\" content=\"summary_large_image\" \/>\n<meta name=\"twitter:label1\" content=\"Gesch\u00e4tzte Lesezeit\" \/>\n\t<meta name=\"twitter:data1\" content=\"1\u00a0Minute\" \/>\n<script type=\"application\/ld+json\" class=\"yoast-schema-graph\">{\"@context\":\"https:\/\/schema.org\",\"@graph\":[{\"@type\":\"WebPage\",\"@id\":\"https:\/\/www.directout.eu\/product\/mic8-hd-i\/\",\"url\":\"https:\/\/www.directout.eu\/product\/mic8-hd-i\/\",\"name\":\"MIC8.HD.I - Analog Mic to Line Level Converter\",\"isPartOf\":{\"@id\":\"https:\/\/www.directout.eu\/de\/#website\"},\"primaryImageOfPage\":{\"@id\":\"https:\/\/www.directout.eu\/product\/mic8-hd-i\/#primaryimage\"},\"image\":{\"@id\":\"https:\/\/www.directout.eu\/product\/mic8-hd-i\/#primaryimage\"},\"thumbnailUrl\":\"https:\/\/www.directout.eu\/wp-content\/uploads\/2021\/11\/m-mic8-hd-i.jpg\",\"datePublished\":\"2021-11-26T17:31:22+00:00\",\"dateModified\":\"2026-03-24T11:14:57+00:00\",\"description\":\"Eight Analog Audio Input Channels are Interfaced via a DSUB-25 Connector. Mic to Line Module for the PRODIGY Series.\",\"breadcrumb\":{\"@id\":\"https:\/\/www.directout.eu\/product\/mic8-hd-i\/#breadcrumb\"},\"inLanguage\":\"de\",\"potentialAction\":[{\"@type\":\"ReadAction\",\"target\":[\"https:\/\/www.directout.eu\/product\/mic8-hd-i\/\"]}]},{\"@type\":\"ImageObject\",\"inLanguage\":\"de\",\"@id\":\"https:\/\/www.directout.eu\/product\/mic8-hd-i\/#primaryimage\",\"url\":\"https:\/\/www.directout.eu\/wp-content\/uploads\/2021\/11\/m-mic8-hd-i.jpg\",\"contentUrl\":\"https:\/\/www.directout.eu\/wp-content\/uploads\/2021\/11\/m-mic8-hd-i.jpg\",\"width\":1920,\"height\":1080},{\"@type\":\"BreadcrumbList\",\"@id\":\"https:\/\/www.directout.eu\/product\/mic8-hd-i\/#breadcrumb\",\"itemListElement\":[{\"@type\":\"ListItem\",\"position\":1,\"name\":\"Home\",\"item\":\"https:\/\/www.directout.eu\/\"},{\"@type\":\"ListItem\",\"position\":2,\"name\":\"Audio Solutions\",\"item\":\"https:\/\/www.directout.eu\/products\/\"},{\"@type\":\"ListItem\",\"position\":3,\"name\":\"MIC8.HD.I\"}]},{\"@type\":\"WebSite\",\"@id\":\"https:\/\/www.directout.eu\/de\/#website\",\"url\":\"https:\/\/www.directout.eu\/de\/\",\"name\":\"DirectOut\",\"description\":\"Technologies\",\"potentialAction\":[{\"@type\":\"SearchAction\",\"target\":{\"@type\":\"EntryPoint\",\"urlTemplate\":\"https:\/\/www.directout.eu\/de\/?s={search_term_string}\"},\"query-input\":{\"@type\":\"PropertyValueSpecification\",\"valueRequired\":true,\"valueName\":\"search_term_string\"}}],\"inLanguage\":\"de\"}]}<\/script>\n<!-- \/ Yoast SEO plugin. -->","yoast_head_json":{"title":"MIC8.HD.I - Hi-Def Mikro Modul | PRODIGY-Serie","description":"Mikrofon Modul f\u00fcr hochwertigste Aufnahmen &amp; \u00dcbertragungen. 8 analoge Audio Eing\u00e4nge (symmetrisch). P48, PAD 30 dB.","robots":{"index":"index","follow":"follow","max-snippet":"max-snippet:-1","max-image-preview":"max-image-preview:large","max-video-preview":"max-video-preview:-1"},"canonical":"https:\/\/www.directout.eu\/de\/produkt\/mic8-hd-i\/","og_locale":"de_DE","og_type":"article","og_title":"MIC8.HD.I - Analog Mic to Line Level Converter","og_description":"Eight Analog Audio Input Channels are Interfaced via a DSUB-25 Connector. Mic to Line Module for the PRODIGY Series.","og_url":"https:\/\/www.directout.eu\/de\/produkt\/mic8-hd-i\/","og_site_name":"DirectOut","article_modified_time":"2026-03-24T11:14:57+00:00","og_image":[{"width":1920,"height":1080,"url":"https:\/\/www.directout.eu\/wp-content\/uploads\/2021\/11\/m-mic8-hd-i.jpg","type":"image\/jpeg"}],"twitter_card":"summary_large_image","twitter_misc":{"Gesch\u00e4tzte Lesezeit":"1\u00a0Minute"},"schema":{"@context":"https:\/\/schema.org","@graph":[{"@type":"WebPage","@id":"https:\/\/www.directout.eu\/product\/mic8-hd-i\/","url":"https:\/\/www.directout.eu\/product\/mic8-hd-i\/","name":"MIC8.HD.I - Hi-Def Mikro Modul | PRODIGY-Serie","isPartOf":{"@id":"https:\/\/www.directout.eu\/de\/#website"},"primaryImageOfPage":{"@id":"https:\/\/www.directout.eu\/product\/mic8-hd-i\/#primaryimage"},"image":{"@id":"https:\/\/www.directout.eu\/product\/mic8-hd-i\/#primaryimage"},"thumbnailUrl":"https:\/\/www.directout.eu\/wp-content\/uploads\/2021\/11\/m-mic8-hd-i.jpg","datePublished":"2021-11-26T17:31:22+00:00","dateModified":"2026-03-24T11:14:57+00:00","description":"Mikrofon Modul f\u00fcr hochwertigste Aufnahmen &amp; \u00dcbertragungen. 8 analoge Audio Eing\u00e4nge (symmetrisch). P48, PAD 30 dB.","breadcrumb":{"@id":"https:\/\/www.directout.eu\/product\/mic8-hd-i\/#breadcrumb"},"inLanguage":"de","potentialAction":[{"@type":"ReadAction","target":["https:\/\/www.directout.eu\/product\/mic8-hd-i\/"]}]},{"@type":"ImageObject","inLanguage":"de","@id":"https:\/\/www.directout.eu\/product\/mic8-hd-i\/#primaryimage","url":"https:\/\/www.directout.eu\/wp-content\/uploads\/2021\/11\/m-mic8-hd-i.jpg","contentUrl":"https:\/\/www.directout.eu\/wp-content\/uploads\/2021\/11\/m-mic8-hd-i.jpg","width":1920,"height":1080},{"@type":"BreadcrumbList","@id":"https:\/\/www.directout.eu\/product\/mic8-hd-i\/#breadcrumb","itemListElement":[{"@type":"ListItem","position":1,"name":"Home","item":"https:\/\/www.directout.eu\/"},{"@type":"ListItem","position":2,"name":"Audio Solutions","item":"https:\/\/www.directout.eu\/products\/"},{"@type":"ListItem","position":3,"name":"MIC8.HD.I"}]},{"@type":"WebSite","@id":"https:\/\/www.directout.eu\/de\/#website","url":"https:\/\/www.directout.eu\/de\/","name":"DirectOut","description":"Technologies","potentialAction":[{"@type":"SearchAction","target":{"@type":"EntryPoint","urlTemplate":"https:\/\/www.directout.eu\/de\/?s={search_term_string}"},"query-input":{"@type":"PropertyValueSpecification","valueRequired":true,"valueName":"search_term_string"}}],"inLanguage":"de"}]}},"_links":{"self":[{"href":"https:\/\/www.directout.eu\/de\/wp-json\/wp\/v2\/product\/3718","targetHints":{"allow":["GET"]}}],"collection":[{"href":"https:\/\/www.directout.eu\/de\/wp-json\/wp\/v2\/product"}],"about":[{"href":"https:\/\/www.directout.eu\/de\/wp-json\/wp\/v2\/types\/product"}],"replies":[{"embeddable":true,"href":"https:\/\/www.directout.eu\/de\/wp-json\/wp\/v2\/comments?post=3718"}],"wp:featuredmedia":[{"embeddable":true,"href":"https:\/\/www.directout.eu\/de\/wp-json\/wp\/v2\/media\/4727"}],"wp:attachment":[{"href":"https:\/\/www.directout.eu\/de\/wp-json\/wp\/v2\/media?parent=3718"}],"wp:term":[{"taxonomy":"product_brand","embeddable":true,"href":"https:\/\/www.directout.eu\/de\/wp-json\/wp\/v2\/product_brand?post=3718"},{"taxonomy":"product_cat","embeddable":true,"href":"https:\/\/www.directout.eu\/de\/wp-json\/wp\/v2\/product_cat?post=3718"},{"taxonomy":"product_tag","embeddable":true,"href":"https:\/\/www.directout.eu\/de\/wp-json\/wp\/v2\/product_tag?post=3718"}],"curies":[{"name":"wp","href":"https:\/\/api.w.org\/{rel}","templated":true}]}}