
{"id":6343,"date":"2021-12-14T11:23:20","date_gmt":"2021-12-14T11:23:20","guid":{"rendered":"https:\/\/www.directout.eu\/?post_type=product&#038;p=6343"},"modified":"2025-10-17T16:10:52","modified_gmt":"2025-10-17T14:10:52","slug":"exbox-sg","status":"publish","type":"product","link":"https:\/\/www.directout.eu\/de\/produkt\/exbox-sg\/","title":{"rendered":"EXBOX.SG"},"content":{"rendered":"<p>EXBOX.SG ist ein SoundGrid \/ MADI Konverter, zur Verbindung von Waves Audio-Netzwerk-Technologie SoundGrid und MADI (AES10).<\/p>\n<p>Ausgestattet mit drei MADI Ports und vier Netzwerk Ports bietet sie latenzarme Konvertierung von 128 Audiokan\u00e4len zwischen MADI und SoundGrid.<\/p>\n<p>Die handliche Gr\u00f6\u00dfe der beliebten EXBOX Serie (1\/3 von 19 Zoll), ein robustes Geh\u00e4use mit optionalem 19 Zoll Einbaurahmen und eine redundante Stromversorgung empfehlen die EXBOX.SG als ideale Verbindungseinheit f\u00fcr Mixing in \u00dcbertragungswagen oder Live Sound Umgebungen, f\u00fcr Aufnahmen und auch Studioanwendungen mit einer Vielzahl an Waves- und Drittanbieter Plugins.<\/p>\n<p><strong>\u00dcbersichtlich<\/strong><br \/>\nLEDs auf der Vorderseite informieren auf einen Blick \u00fcber Taktung, Abtastrate, Ger\u00e4testatus und Stromversorgung.<\/p>\n<p><strong>Audio Streaming <\/strong><br \/>\nBis zu 128 Audiokan\u00e4le bei 48 kHz oder 64 Audiokan\u00e4le bei 96 kHz werden unterst\u00fctzt.<\/p>\n<p><b>All-Round<\/b><br \/>\nEXBOX.SG bietet ein hohes Ma\u00df an Flexibilit\u00e4t durch die Unterst\u00fctzung dreier MADI Schnittstellen-Standards:<\/p>\n<ul>\n<li>optisch SC (single-mode oder multi-mode)<\/li>\n<li>koaxial (BNC)<\/li>\n<li>SFP<\/li>\n<\/ul>\n<p>Der 'Small Form Factor Pluggable' Port kann mit jedem beliebigen SFP Modul best\u00fcckt werden, welches den Anforderungen gen\u00fcgt.<\/p>\n<h3>EARS\u2122<\/h3>\n<p>Enhanced Automatic Redundancy Switching\u2122 ist ein System zur Vermeidung von Unterbrechungen des Ausgangssignals. Es verwendet zur Umschaltung entweder die bew\u00e4hrte <a href=\"\/de\/glossary\/#glossary-blds\" target=\"_blank\" rel=\"noopener\">BLDS\u2122<\/a> Technologie oder das Detektieren eines Pilot Tones. Eine Logik \u00fcberwacht den Zustand des Triggersignals am Audio Netzwerk oder den MADI Eing\u00e4ngen. Im Fehlerfall wird automatisch auf den gew\u00e4hlten Backup-Eingang (Audio Netzwerk oder MADI) umgeschaltet, um ein kontinuierliches Ausgangssignal zu gew\u00e4hrleisten.<\/p>\n<p><b>Integrierter Switch<\/b><br \/>\n\u00dcber vier Netzwerk Ports k\u00f6nnen redundante Aufzeichnungssysteme und Plugin-Server direkt angeschlossen werden, ohne dass ein zus\u00e4tzlicher Switch erforderlich ist.<\/p>\n<p><b>Fernsteuerung<\/b><br \/>\nEXBOX.SG wird \u00fcber ein Kontrollfeld in SoundGrid und globcon gesteuert.<\/p>\n<p><b>Betriebssicherheit<\/b><br \/>\nDas Ger\u00e4t kann sowohl \u00fcber zwei externe Stromversorgungen mit verriegelbaren Steckern als auch \u00fcber Power over Ethernet (PoE) betrieben werden.<\/p>\n<p><b>Rack-Ready<\/b><br \/>\nJede EXBOX kann mittels des optionalen BOXMOUNT.XL in ein Standard 19 Zoll-Rack eingebaut werden. Bis zu drei Ger\u00e4te passen so nebeneinander in eine H\u00f6heneinheit.<\/p>","protected":false},"excerpt":{"rendered":"<p>EXBOX.SG ist ein SoundGrid \/ MADI Konverter, zur Verbindung von Waves Audio-Netzwerk-Technologie SoundGrid und MADI (AES10).<\/p>","protected":false},"featured_media":6344,"comment_status":"open","ping_status":"closed","template":"","meta":{"_acf_changed":false,"_monsterinsights_skip_tracking":false,"_monsterinsights_sitenote_active":false,"_monsterinsights_sitenote_note":"","_monsterinsights_sitenote_category":0},"product_brand":[],"product_cat":[83],"product_tag":[33],"class_list":{"0":"post-6343","1":"product","2":"type-product","3":"status-publish","4":"has-post-thumbnail","6":"product_cat-devices","7":"product_tag-devices-headline","8":"product_function-conversion","9":"product_function-routing","10":"vertical_markets-sync-wck","11":"audio_formats-madi","12":"audio_formats-soundgrid","13":"post-wrapper","15":"first","16":"instock","17":"shipping-taxable","18":"product-type-simple"},"acf":[],"yoast_head":"<!-- This site is optimized with the Yoast SEO plugin v27.1.1 - https:\/\/yoast.com\/product\/yoast-seo-wordpress\/ -->\n<title>EXBOX.SG - SoundGrid \/ MADI Converter<\/title>\n<meta name=\"description\" content=\"EXBOX.SG is a SoundGrid \/ MADI Converter linking Waves\u2018 Audio Networking Technology SoundGrid and MADI (AES10).\" \/>\n<meta name=\"robots\" content=\"index, follow, max-snippet:-1, max-image-preview:large, max-video-preview:-1\" \/>\n<link rel=\"canonical\" href=\"https:\/\/www.directout.eu\/de\/produkt\/exbox-sg\/\" \/>\n<meta property=\"og:locale\" content=\"de_DE\" \/>\n<meta property=\"og:type\" content=\"article\" \/>\n<meta property=\"og:title\" content=\"EXBOX.SG - SoundGrid \/ MADI Converter\" \/>\n<meta property=\"og:description\" content=\"EXBOX.SG is a SoundGrid \/ MADI Converter linking Waves\u2018 Audio Networking Technology SoundGrid and MADI (AES10).\" \/>\n<meta property=\"og:url\" content=\"https:\/\/www.directout.eu\/de\/produkt\/exbox-sg\/\" \/>\n<meta property=\"og:site_name\" content=\"DirectOut\" \/>\n<meta property=\"article:modified_time\" content=\"2025-10-17T14:10:52+00:00\" \/>\n<meta property=\"og:image\" content=\"https:\/\/www.directout.eu\/wp-content\/uploads\/2021\/12\/box-exbox-sg-01.jpg\" \/>\n\t<meta property=\"og:image:width\" content=\"1920\" \/>\n\t<meta property=\"og:image:height\" content=\"1080\" \/>\n\t<meta property=\"og:image:type\" content=\"image\/jpeg\" \/>\n<meta name=\"twitter:card\" content=\"summary_large_image\" \/>\n<meta name=\"twitter:label1\" content=\"Gesch\u00e4tzte Lesezeit\" \/>\n\t<meta name=\"twitter:data1\" content=\"2\u00a0Minuten\" \/>\n<script type=\"application\/ld+json\" class=\"yoast-schema-graph\">{\"@context\":\"https:\/\/schema.org\",\"@graph\":[{\"@type\":\"WebPage\",\"@id\":\"https:\/\/www.directout.eu\/product\/exbox-sg\/\",\"url\":\"https:\/\/www.directout.eu\/product\/exbox-sg\/\",\"name\":\"EXBOX.SG - SoundGrid \/ MADI Converter\",\"isPartOf\":{\"@id\":\"https:\/\/www.directout.eu\/de\/#website\"},\"primaryImageOfPage\":{\"@id\":\"https:\/\/www.directout.eu\/product\/exbox-sg\/#primaryimage\"},\"image\":{\"@id\":\"https:\/\/www.directout.eu\/product\/exbox-sg\/#primaryimage\"},\"thumbnailUrl\":\"https:\/\/www.directout.eu\/wp-content\/uploads\/2021\/12\/box-exbox-sg-01.jpg\",\"datePublished\":\"2021-12-14T11:23:20+00:00\",\"dateModified\":\"2025-10-17T14:10:52+00:00\",\"description\":\"EXBOX.SG is a SoundGrid \/ MADI Converter linking Waves\u2018 Audio Networking Technology SoundGrid and MADI (AES10).\",\"breadcrumb\":{\"@id\":\"https:\/\/www.directout.eu\/product\/exbox-sg\/#breadcrumb\"},\"inLanguage\":\"de\",\"potentialAction\":[{\"@type\":\"ReadAction\",\"target\":[\"https:\/\/www.directout.eu\/product\/exbox-sg\/\"]}]},{\"@type\":\"ImageObject\",\"inLanguage\":\"de\",\"@id\":\"https:\/\/www.directout.eu\/product\/exbox-sg\/#primaryimage\",\"url\":\"https:\/\/www.directout.eu\/wp-content\/uploads\/2021\/12\/box-exbox-sg-01.jpg\",\"contentUrl\":\"https:\/\/www.directout.eu\/wp-content\/uploads\/2021\/12\/box-exbox-sg-01.jpg\",\"width\":1920,\"height\":1080},{\"@type\":\"BreadcrumbList\",\"@id\":\"https:\/\/www.directout.eu\/product\/exbox-sg\/#breadcrumb\",\"itemListElement\":[{\"@type\":\"ListItem\",\"position\":1,\"name\":\"Home\",\"item\":\"https:\/\/www.directout.eu\/\"},{\"@type\":\"ListItem\",\"position\":2,\"name\":\"Audio Solutions\",\"item\":\"https:\/\/www.directout.eu\/products\/\"},{\"@type\":\"ListItem\",\"position\":3,\"name\":\"EXBOX.SG\"}]},{\"@type\":\"WebSite\",\"@id\":\"https:\/\/www.directout.eu\/de\/#website\",\"url\":\"https:\/\/www.directout.eu\/de\/\",\"name\":\"DirectOut\",\"description\":\"Technologies\",\"potentialAction\":[{\"@type\":\"SearchAction\",\"target\":{\"@type\":\"EntryPoint\",\"urlTemplate\":\"https:\/\/www.directout.eu\/de\/?s={search_term_string}\"},\"query-input\":{\"@type\":\"PropertyValueSpecification\",\"valueRequired\":true,\"valueName\":\"search_term_string\"}}],\"inLanguage\":\"de\"}]}<\/script>\n<!-- \/ Yoast SEO plugin. -->","yoast_head_json":{"title":"EXBOX.SG - SoundGrid \/ MADI Konverter","description":"SoundGrid (Waves) \/ MADI Konverter, f\u00fcr bidirektionale Konvertierung von 64 Audiokan\u00e4len. MADI SFP, SC, BNC.","robots":{"index":"index","follow":"follow","max-snippet":"max-snippet:-1","max-image-preview":"max-image-preview:large","max-video-preview":"max-video-preview:-1"},"canonical":"https:\/\/www.directout.eu\/de\/produkt\/exbox-sg\/","og_locale":"de_DE","og_type":"article","og_title":"EXBOX.SG - SoundGrid \/ MADI Converter","og_description":"EXBOX.SG is a SoundGrid \/ MADI Converter linking Waves\u2018 Audio Networking Technology SoundGrid and MADI (AES10).","og_url":"https:\/\/www.directout.eu\/de\/produkt\/exbox-sg\/","og_site_name":"DirectOut","article_modified_time":"2025-10-17T14:10:52+00:00","og_image":[{"width":1920,"height":1080,"url":"https:\/\/www.directout.eu\/wp-content\/uploads\/2021\/12\/box-exbox-sg-01.jpg","type":"image\/jpeg"}],"twitter_card":"summary_large_image","twitter_misc":{"Gesch\u00e4tzte Lesezeit":"2\u00a0Minuten"},"schema":{"@context":"https:\/\/schema.org","@graph":[{"@type":"WebPage","@id":"https:\/\/www.directout.eu\/product\/exbox-sg\/","url":"https:\/\/www.directout.eu\/product\/exbox-sg\/","name":"EXBOX.SG - SoundGrid \/ MADI Konverter","isPartOf":{"@id":"https:\/\/www.directout.eu\/de\/#website"},"primaryImageOfPage":{"@id":"https:\/\/www.directout.eu\/product\/exbox-sg\/#primaryimage"},"image":{"@id":"https:\/\/www.directout.eu\/product\/exbox-sg\/#primaryimage"},"thumbnailUrl":"https:\/\/www.directout.eu\/wp-content\/uploads\/2021\/12\/box-exbox-sg-01.jpg","datePublished":"2021-12-14T11:23:20+00:00","dateModified":"2025-10-17T14:10:52+00:00","description":"SoundGrid (Waves) \/ MADI Konverter, f\u00fcr bidirektionale Konvertierung von 64 Audiokan\u00e4len. MADI SFP, SC, BNC.","breadcrumb":{"@id":"https:\/\/www.directout.eu\/product\/exbox-sg\/#breadcrumb"},"inLanguage":"de","potentialAction":[{"@type":"ReadAction","target":["https:\/\/www.directout.eu\/product\/exbox-sg\/"]}]},{"@type":"ImageObject","inLanguage":"de","@id":"https:\/\/www.directout.eu\/product\/exbox-sg\/#primaryimage","url":"https:\/\/www.directout.eu\/wp-content\/uploads\/2021\/12\/box-exbox-sg-01.jpg","contentUrl":"https:\/\/www.directout.eu\/wp-content\/uploads\/2021\/12\/box-exbox-sg-01.jpg","width":1920,"height":1080},{"@type":"BreadcrumbList","@id":"https:\/\/www.directout.eu\/product\/exbox-sg\/#breadcrumb","itemListElement":[{"@type":"ListItem","position":1,"name":"Home","item":"https:\/\/www.directout.eu\/"},{"@type":"ListItem","position":2,"name":"Audio Solutions","item":"https:\/\/www.directout.eu\/products\/"},{"@type":"ListItem","position":3,"name":"EXBOX.SG"}]},{"@type":"WebSite","@id":"https:\/\/www.directout.eu\/de\/#website","url":"https:\/\/www.directout.eu\/de\/","name":"DirectOut","description":"Technologies","potentialAction":[{"@type":"SearchAction","target":{"@type":"EntryPoint","urlTemplate":"https:\/\/www.directout.eu\/de\/?s={search_term_string}"},"query-input":{"@type":"PropertyValueSpecification","valueRequired":true,"valueName":"search_term_string"}}],"inLanguage":"de"}]}},"_links":{"self":[{"href":"https:\/\/www.directout.eu\/de\/wp-json\/wp\/v2\/product\/6343","targetHints":{"allow":["GET"]}}],"collection":[{"href":"https:\/\/www.directout.eu\/de\/wp-json\/wp\/v2\/product"}],"about":[{"href":"https:\/\/www.directout.eu\/de\/wp-json\/wp\/v2\/types\/product"}],"replies":[{"embeddable":true,"href":"https:\/\/www.directout.eu\/de\/wp-json\/wp\/v2\/comments?post=6343"}],"wp:featuredmedia":[{"embeddable":true,"href":"https:\/\/www.directout.eu\/de\/wp-json\/wp\/v2\/media\/6344"}],"wp:attachment":[{"href":"https:\/\/www.directout.eu\/de\/wp-json\/wp\/v2\/media?parent=6343"}],"wp:term":[{"taxonomy":"product_brand","embeddable":true,"href":"https:\/\/www.directout.eu\/de\/wp-json\/wp\/v2\/product_brand?post=6343"},{"taxonomy":"product_cat","embeddable":true,"href":"https:\/\/www.directout.eu\/de\/wp-json\/wp\/v2\/product_cat?post=6343"},{"taxonomy":"product_tag","embeddable":true,"href":"https:\/\/www.directout.eu\/de\/wp-json\/wp\/v2\/product_tag?post=6343"}],"curies":[{"name":"wp","href":"https:\/\/api.w.org\/{rel}","templated":true}]}}