
{"id":8345,"date":"2022-03-10T19:12:19","date_gmt":"2022-03-10T19:12:19","guid":{"rendered":"https:\/\/www.directout.eu\/?post_type=product&#038;p=8345"},"modified":"2025-10-17T16:05:00","modified_gmt":"2025-10-17T14:05:00","slug":"andiamo","status":"publish","type":"product","link":"https:\/\/www.directout.eu\/de\/produkt\/andiamo\/","title":{"rendered":"ANDIAMO"},"content":{"rendered":"<h3>LEGACY EVOLVED!<\/h3>\n<p class=\"translation-block\">ANDIAMO ist ein leistungsf\u00e4higer High-End AD\/DA-Wandler, der die simultane Wandlung von 32 Audiokan\u00e4len von analog nach digital und umgekehrt in derselben Klangqualit\u00e4t der <a href=\"\/de\/support\/glossary\/#glossary-prodigy-series\" target=\"_blank\" rel=\"noopener\">PRODIGY Serie<\/a> bietet. Die dritte Generation von ANDIAMO erweitert die Eigenschaften auf, die das Produkt weltweit ber\u00fchmt gemacht haben, und bringt sie auf ein h\u00f6heres Niveau.<\/p>\n<p>Im eleganten 19-Zoll Geh\u00e4use, platzsparend auf nur einer H\u00f6heneinheit, erm\u00f6glicht der Wandler die Konvertierung von und zu MADI \u00fcber zwei SFP-Ports, w\u00e4hrend die optionalen Audio-Netzwerk-Karten RAVENNA\/AES67, Dante oder SoundGrid unterst\u00fctzen. Dies erh\u00f6ht die Gesamtzahl der Kan\u00e4le des Ger\u00e4ts auf bis zu 288 Eing\u00e4nge und Ausg\u00e4nge.<\/p>\n<p class=\"translation-block\">ANDIAMO ist erfolgreicher Teilnehmer des <a href=\"https:\/\/www.jt-nm.org\/jt-nm-tested\" target=\"_blank\" rel=\"noopener\">JT-NM Tested Programm<\/a> und im gleichnamigen <a href=\"https:\/\/static.jt-nm.org\/documents\/JT-NM_Tested_Catalog_ST2110_Full-Online-2022-08.pdf\" target=\"_blank\" rel=\"noopener\">Katalog<\/a> als Ger\u00e4t gelistet, das den SMPTE 2110-Standards entspricht.<\/p>\n<h3>Management<\/h3>\n<p>ANDIAMO kann \u00fcber den dedizierten Ethernet-Port auf der R\u00fcckseite des Ger\u00e4ts mit der Software globcon remote verwaltet werden. Die Grundfunktionen sind \u00fcber zwei Funktionstasten auf der Vorderseite leicht erreichbar.<\/p>\n<ul>\n<li>Die Fernsteuerung \u00fcber globcon (Windows\u00ae \/ macOS\u00ae) bietet Zugriff auf die folgenden Funktionen:<\/li>\n<li>Signal-Routing auf Kanalbasis<\/li>\n<li>8 Summierbusse<\/li>\n<li>Pegelkontrolle f\u00fcr Eingangs- und Ausgangskan\u00e4le (Gain und Level Trim)<\/li>\n<li class=\"translation-block\">Redundanz-Management (<a href=\"\/de\/support\/glossary\/#glossary-ears\" target=\"_blank\" rel=\"noopener\">EARS\u2122<\/a>)<\/li>\n<\/ul>\n<h3>\u00dcbersichtlich<\/h3>\n<p>Status-LEDs auf der Ger\u00e4tevorderseite erm\u00f6glichen die Echtzeit\u00fcberwachung aller analogen Eingangs- und Ausgangssignale.<\/p>\n<h3>Taktung<\/h3>\n<p>W\u00e4hlbare Taktquellen sind Word Clock, MADI Eingang, Audio Netzwerk oder der interne Taktgenerator. Der Systemtakt wird zu jedem Zeitpunkt am Wordclock-Ausgang ausgegeben.<\/p>\n<h3>Redundanz &amp; Betriebssicherheit<\/h3>\n<p>Two MADI ports offer seamless port redundancy and switch-over.<\/p>\n<p>Zwei Audio-Netzwerk-Ports sind mit unabh\u00e4ngigen NICs verbunden und k\u00f6nnen so konfiguriert werden, dass sie Netzwerkredundanz bieten - ST 2022-7 (RAVENNA) oder prim\u00e4r\/sekund\u00e4r (Dante).<\/p>\n<p class=\"translation-block\"><a href=\"\/de\/support\/glossary\/#glossary-ears\" target=\"_blank\" rel=\"noopener\">EARS\u2122<\/a>  (Enhanced Automatic Redundancy Switching\u2122) ist f\u00fcr alle digitalen Eing\u00e4nge verf\u00fcgbar. Es ist ein System zur Vermeidung von Unterbrechungen des Ausgangssignals.<\/p>\n<p class=\"translation-block\"><a href=\"\/de\/support\/glossary\/#glossary-ears\" target=\"_blank\" rel=\"noopener\">EARS\u2122<\/a> verwendet zur Umschaltung entweder die bew\u00e4hrte <a href=\"\/de\/support\/glossary\/#glossary-blds\" target=\"_blank\" rel=\"noopener\">BLDS\u2122<\/a>  Technologie oder das Detektieren eines Pilottones. Eine Logik \u00fcberwacht den Zustand des Triggersignals am aktiven Eingang. Im Fehlerfall wird automatisch auf den Backup-Eingang (Audionetzwerk oder MADI) umgeschaltet, um ein kontinuierliches Ausgangssignal zu gew\u00e4hrleisten.<\/p>\n<p>Zwei phasenredundanter Netzteile mit separaten IEC-Eing\u00e4ngen und Netzschaltern auf der Ger\u00e4tr\u00fcckseite sichern maximale Zuverl\u00e4ssigkeit.<\/p>\n<p>&nbsp;<\/p>","protected":false},"excerpt":{"rendered":"<p>ANDIAMO is a powerful, high-end AD\/DA converter offering simultaneous conversion of 32 audio channels...<\/p>","protected":false},"featured_media":8187,"comment_status":"open","ping_status":"closed","template":"","meta":{"_acf_changed":false,"_monsterinsights_skip_tracking":false,"_monsterinsights_sitenote_active":false,"_monsterinsights_sitenote_note":"","_monsterinsights_sitenote_category":0},"product_brand":[],"product_cat":[83],"product_tag":[33],"class_list":{"0":"post-8345","1":"product","2":"type-product","3":"status-publish","4":"has-post-thumbnail","6":"product_cat-devices","7":"product_tag-devices-headline","8":"product_function-conversion","9":"product_function-routing","10":"vertical_markets-nmos","11":"vertical_markets-st-2022-7","12":"vertical_markets-sync-wck","13":"audio_formats-aes67","14":"audio_formats-analog-line","15":"audio_formats-dante","16":"audio_formats-madi","17":"audio_formats-ravenna","18":"audio_formats-smpte-st-2110-30-31","19":"audio_formats-soundgrid","20":"post-wrapper","22":"first","23":"instock","24":"shipping-taxable","25":"product-type-simple"},"acf":[],"yoast_head":"<!-- This site is optimized with the Yoast SEO plugin v27.1.1 - https:\/\/yoast.com\/product\/yoast-seo-wordpress\/ -->\n<title>ANDIAMO - High-End AD\/DA Converter | DirectOut<\/title>\n<meta name=\"description\" content=\"High-end AD\/DA Converter offering simultaneous Conversion of 32 audio channels from Analog to Digital and vice-versa.\" \/>\n<meta name=\"robots\" content=\"index, follow, max-snippet:-1, max-image-preview:large, max-video-preview:-1\" \/>\n<link rel=\"canonical\" href=\"https:\/\/www.directout.eu\/de\/produkt\/andiamo\/\" \/>\n<meta property=\"og:locale\" content=\"de_DE\" \/>\n<meta property=\"og:type\" content=\"article\" \/>\n<meta property=\"og:title\" content=\"ANDIAMO - High-End AD\/DA Converter | DirectOut\" \/>\n<meta property=\"og:description\" content=\"High-end AD\/DA Converter offering simultaneous Conversion of 32 audio channels from Analog to Digital and vice-versa.\" \/>\n<meta property=\"og:url\" content=\"https:\/\/www.directout.eu\/de\/produkt\/andiamo\/\" \/>\n<meta property=\"og:site_name\" content=\"DirectOut\" \/>\n<meta property=\"article:modified_time\" content=\"2025-10-17T14:05:00+00:00\" \/>\n<meta property=\"og:image\" content=\"https:\/\/www.directout.eu\/wp-content\/uploads\/2022\/03\/1he-andiamo-01.jpg\" \/>\n\t<meta property=\"og:image:width\" content=\"1920\" \/>\n\t<meta property=\"og:image:height\" content=\"1080\" \/>\n\t<meta property=\"og:image:type\" content=\"image\/jpeg\" \/>\n<meta name=\"twitter:card\" content=\"summary_large_image\" \/>\n<meta name=\"twitter:label1\" content=\"Gesch\u00e4tzte Lesezeit\" \/>\n\t<meta name=\"twitter:data1\" content=\"2\u00a0Minuten\" \/>\n<script type=\"application\/ld+json\" class=\"yoast-schema-graph\">{\"@context\":\"https:\/\/schema.org\",\"@graph\":[{\"@type\":\"WebPage\",\"@id\":\"https:\/\/www.directout.eu\/product\/andiamo\/\",\"url\":\"https:\/\/www.directout.eu\/product\/andiamo\/\",\"name\":\"ANDIAMO - High-End AD\/DA Converter | DirectOut\",\"isPartOf\":{\"@id\":\"https:\/\/www.directout.eu\/de\/#website\"},\"primaryImageOfPage\":{\"@id\":\"https:\/\/www.directout.eu\/product\/andiamo\/#primaryimage\"},\"image\":{\"@id\":\"https:\/\/www.directout.eu\/product\/andiamo\/#primaryimage\"},\"thumbnailUrl\":\"https:\/\/www.directout.eu\/wp-content\/uploads\/2022\/03\/1he-andiamo-01.jpg\",\"datePublished\":\"2022-03-10T19:12:19+00:00\",\"dateModified\":\"2025-10-17T14:05:00+00:00\",\"description\":\"High-end AD\/DA Converter offering simultaneous Conversion of 32 audio channels from Analog to Digital and vice-versa.\",\"breadcrumb\":{\"@id\":\"https:\/\/www.directout.eu\/product\/andiamo\/#breadcrumb\"},\"inLanguage\":\"de\",\"potentialAction\":[{\"@type\":\"ReadAction\",\"target\":[\"https:\/\/www.directout.eu\/product\/andiamo\/\"]}]},{\"@type\":\"ImageObject\",\"inLanguage\":\"de\",\"@id\":\"https:\/\/www.directout.eu\/product\/andiamo\/#primaryimage\",\"url\":\"https:\/\/www.directout.eu\/wp-content\/uploads\/2022\/03\/1he-andiamo-01.jpg\",\"contentUrl\":\"https:\/\/www.directout.eu\/wp-content\/uploads\/2022\/03\/1he-andiamo-01.jpg\",\"width\":1920,\"height\":1080,\"caption\":\"ANDIAMO - Analog Audio Converter\"},{\"@type\":\"BreadcrumbList\",\"@id\":\"https:\/\/www.directout.eu\/product\/andiamo\/#breadcrumb\",\"itemListElement\":[{\"@type\":\"ListItem\",\"position\":1,\"name\":\"Home\",\"item\":\"https:\/\/www.directout.eu\/\"},{\"@type\":\"ListItem\",\"position\":2,\"name\":\"Audio Solutions\",\"item\":\"https:\/\/www.directout.eu\/products\/\"},{\"@type\":\"ListItem\",\"position\":3,\"name\":\"ANDIAMO\"}]},{\"@type\":\"WebSite\",\"@id\":\"https:\/\/www.directout.eu\/de\/#website\",\"url\":\"https:\/\/www.directout.eu\/de\/\",\"name\":\"DirectOut\",\"description\":\"Technologies\",\"potentialAction\":[{\"@type\":\"SearchAction\",\"target\":{\"@type\":\"EntryPoint\",\"urlTemplate\":\"https:\/\/www.directout.eu\/de\/?s={search_term_string}\"},\"query-input\":{\"@type\":\"PropertyValueSpecification\",\"valueRequired\":true,\"valueName\":\"search_term_string\"}}],\"inLanguage\":\"de\"}]}<\/script>\n<!-- \/ Yoast SEO plugin. -->","yoast_head_json":{"title":"ANDIAMO - High-End AD\/DA Wandlung","description":"High-End AD\/DA-Wandler f\u00fcr 32 Audiokan\u00e4le mit 2x MADI (SFP) und Audionetzwerk (RAVENNA, Dante, Soundgrid)","robots":{"index":"index","follow":"follow","max-snippet":"max-snippet:-1","max-image-preview":"max-image-preview:large","max-video-preview":"max-video-preview:-1"},"canonical":"https:\/\/www.directout.eu\/de\/produkt\/andiamo\/","og_locale":"de_DE","og_type":"article","og_title":"ANDIAMO - High-End AD\/DA Converter | DirectOut","og_description":"High-end AD\/DA Converter offering simultaneous Conversion of 32 audio channels from Analog to Digital and vice-versa.","og_url":"https:\/\/www.directout.eu\/de\/produkt\/andiamo\/","og_site_name":"DirectOut","article_modified_time":"2025-10-17T14:05:00+00:00","og_image":[{"width":1920,"height":1080,"url":"https:\/\/www.directout.eu\/wp-content\/uploads\/2022\/03\/1he-andiamo-01.jpg","type":"image\/jpeg"}],"twitter_card":"summary_large_image","twitter_misc":{"Gesch\u00e4tzte Lesezeit":"2\u00a0Minuten"},"schema":{"@context":"https:\/\/schema.org","@graph":[{"@type":"WebPage","@id":"https:\/\/www.directout.eu\/product\/andiamo\/","url":"https:\/\/www.directout.eu\/product\/andiamo\/","name":"ANDIAMO - High-End AD\/DA Wandlung","isPartOf":{"@id":"https:\/\/www.directout.eu\/de\/#website"},"primaryImageOfPage":{"@id":"https:\/\/www.directout.eu\/product\/andiamo\/#primaryimage"},"image":{"@id":"https:\/\/www.directout.eu\/product\/andiamo\/#primaryimage"},"thumbnailUrl":"https:\/\/www.directout.eu\/wp-content\/uploads\/2022\/03\/1he-andiamo-01.jpg","datePublished":"2022-03-10T19:12:19+00:00","dateModified":"2025-10-17T14:05:00+00:00","description":"High-End AD\/DA-Wandler f\u00fcr 32 Audiokan\u00e4le mit 2x MADI (SFP) und Audionetzwerk (RAVENNA, Dante, Soundgrid)","breadcrumb":{"@id":"https:\/\/www.directout.eu\/product\/andiamo\/#breadcrumb"},"inLanguage":"de","potentialAction":[{"@type":"ReadAction","target":["https:\/\/www.directout.eu\/product\/andiamo\/"]}]},{"@type":"ImageObject","inLanguage":"de","@id":"https:\/\/www.directout.eu\/product\/andiamo\/#primaryimage","url":"https:\/\/www.directout.eu\/wp-content\/uploads\/2022\/03\/1he-andiamo-01.jpg","contentUrl":"https:\/\/www.directout.eu\/wp-content\/uploads\/2022\/03\/1he-andiamo-01.jpg","width":1920,"height":1080,"caption":"ANDIAMO - Analog Audio Converter"},{"@type":"BreadcrumbList","@id":"https:\/\/www.directout.eu\/product\/andiamo\/#breadcrumb","itemListElement":[{"@type":"ListItem","position":1,"name":"Home","item":"https:\/\/www.directout.eu\/"},{"@type":"ListItem","position":2,"name":"Audio Solutions","item":"https:\/\/www.directout.eu\/products\/"},{"@type":"ListItem","position":3,"name":"ANDIAMO"}]},{"@type":"WebSite","@id":"https:\/\/www.directout.eu\/de\/#website","url":"https:\/\/www.directout.eu\/de\/","name":"DirectOut","description":"Technologies","potentialAction":[{"@type":"SearchAction","target":{"@type":"EntryPoint","urlTemplate":"https:\/\/www.directout.eu\/de\/?s={search_term_string}"},"query-input":{"@type":"PropertyValueSpecification","valueRequired":true,"valueName":"search_term_string"}}],"inLanguage":"de"}]}},"_links":{"self":[{"href":"https:\/\/www.directout.eu\/de\/wp-json\/wp\/v2\/product\/8345","targetHints":{"allow":["GET"]}}],"collection":[{"href":"https:\/\/www.directout.eu\/de\/wp-json\/wp\/v2\/product"}],"about":[{"href":"https:\/\/www.directout.eu\/de\/wp-json\/wp\/v2\/types\/product"}],"replies":[{"embeddable":true,"href":"https:\/\/www.directout.eu\/de\/wp-json\/wp\/v2\/comments?post=8345"}],"wp:featuredmedia":[{"embeddable":true,"href":"https:\/\/www.directout.eu\/de\/wp-json\/wp\/v2\/media\/8187"}],"wp:attachment":[{"href":"https:\/\/www.directout.eu\/de\/wp-json\/wp\/v2\/media?parent=8345"}],"wp:term":[{"taxonomy":"product_brand","embeddable":true,"href":"https:\/\/www.directout.eu\/de\/wp-json\/wp\/v2\/product_brand?post=8345"},{"taxonomy":"product_cat","embeddable":true,"href":"https:\/\/www.directout.eu\/de\/wp-json\/wp\/v2\/product_cat?post=8345"},{"taxonomy":"product_tag","embeddable":true,"href":"https:\/\/www.directout.eu\/de\/wp-json\/wp\/v2\/product_tag?post=8345"}],"curies":[{"name":"wp","href":"https:\/\/api.w.org\/{rel}","templated":true}]}}